{"id":101816,"date":"2024-04-02T13:26:17","date_gmt":"2024-04-02T17:26:17","guid":{"rendered":"https:\/\/adra.ca\/?page_id=101816"},"modified":"2024-04-02T13:36:04","modified_gmt":"2024-04-02T17:36:04","slug":"empower","status":"publish","type":"page","link":"https:\/\/adra.ca\/fr\/empower\/","title":{"rendered":"Habiliter"},"content":{"rendered":"<div data-elementor-type=\"wp-page\" data-elementor-id=\"101816\" class=\"elementor elementor-101816\" data-elementor-post-type=\"page\">\n\t\t\t\t<div class=\"elementor-element elementor-element-7290bea head-main-wrapper e-flex e-con-boxed e-con e-parent\" data-id=\"7290bea\" data-element_type=\"container\" data-e-type=\"container\" data-settings=\"{&quot;background_background&quot;:&quot;classic&quot;}\">\n\t\t\t\t\t<div class=\"e-con-inner\">\n\t\t<div class=\"elementor-element elementor-element-8c261eb e-con-full e-flex e-con e-child\" data-id=\"8c261eb\" data-element_type=\"container\" data-e-type=\"container\">\n\t\t\t\t<div class=\"elementor-element elementor-element-97acb2d elementor-widget-mobile__width-initial elementor-widget elementor-widget-theme-site-logo elementor-widget-image\" data-id=\"97acb2d\" data-element_type=\"widget\" data-e-type=\"widget\" data-widget_type=\"theme-site-logo.default\">\n\t\t\t\t<div class=\"elementor-widget-container\">\n\t\t\t\t\t\t\t\t\t\t\t<a href=\"https:\/\/adra.ca\/fr\">\n\t\t\t<img decoding=\"async\" width=\"288\" height=\"77\" data-src=\"https:\/\/adra.ca\/wp-content\/uploads\/2023\/06\/ADRA-Logo-1.png\" class=\"attachment-full size-full wp-image-98769 lazyload\" alt=\"\" data-srcset=\"https:\/\/adra.ca\/wp-content\/uploads\/2023\/06\/ADRA-Logo-1.png 288w, https:\/\/adra.ca\/wp-content\/uploads\/2023\/06\/ADRA-Logo-1-18x5.png 18w\" data-sizes=\"(max-width: 288px) 100vw, 288px\" src=\"data:image\/svg+xml;base64,PHN2ZyB3aWR0aD0iMSIgaGVpZ2h0PSIxIiB4bWxucz0iaHR0cDovL3d3dy53My5vcmcvMjAwMC9zdmciPjwvc3ZnPg==\" style=\"--smush-placeholder-width: 288px; --smush-placeholder-aspect-ratio: 288\/77;\" \/>\t\t\t\t<\/a>\n\t\t\t\t\t\t\t\t\t\t\t<\/div>\n\t\t\t\t<\/div>\n\t\t\t\t<\/div>\n\t\t<div class=\"elementor-element elementor-element-95b82f1 e-con-full e-flex e-con e-child\" data-id=\"95b82f1\" data-element_type=\"container\" data-e-type=\"container\">\n\t\t\t\t<div class=\"elementor-element elementor-element-3d54827 elementor-align-justify elementor-widget__width-initial elementor-widget elementor-widget-button\" data-id=\"3d54827\" data-element_type=\"widget\" data-e-type=\"widget\" data-widget_type=\"button.default\">\n\t\t\t\t<div class=\"elementor-widget-container\">\n\t\t\t\t\t\t\t\t\t<div class=\"elementor-button-wrapper\">\n\t\t\t\t\t<a class=\"elementor-button elementor-button-link elementor-size-sm\" href=\"#match-form\">\n\t\t\t\t\t\t<span class=\"elementor-button-content-wrapper\">\n\t\t\t\t\t\t\t\t\t<span class=\"elementor-button-text\">FAIRE UN DON<\/span>\n\t\t\t\t\t<\/span>\n\t\t\t\t\t<\/a>\n\t\t\t\t<\/div>\n\t\t\t\t\t\t\t\t<\/div>\n\t\t\t\t<\/div>\n\t\t\t\t<\/div>\n\t\t\t\t\t<\/div>\n\t\t\t\t<\/div>\n\t\t<div class=\"elementor-element elementor-element-30dcf6b image-progress-wrapper e-flex e-con-boxed e-con e-parent\" data-id=\"30dcf6b\" data-element_type=\"container\" data-e-type=\"container\" data-settings=\"{&quot;background_background&quot;:&quot;classic&quot;}\">\n\t\t\t\t\t<div class=\"e-con-inner\">\n\t\t<div class=\"elementor-element elementor-element-6b49167 e-con-full e-flex e-con e-child\" data-id=\"6b49167\" data-element_type=\"container\" data-e-type=\"container\">\n\t\t\t\t<div class=\"elementor-element elementor-element-77e51e2 elementor-widget elementor-widget-image\" data-id=\"77e51e2\" data-element_type=\"widget\" data-e-type=\"widget\" data-widget_type=\"image.default\">\n\t\t\t\t<div class=\"elementor-widget-container\">\n\t\t\t\t\t\t\t\t\t\t\t\t\t\t\t<img decoding=\"async\" width=\"351\" height=\"51\" data-src=\"https:\/\/adra.ca\/wp-content\/uploads\/2023\/06\/Together-logo.png\" class=\"attachment-large size-large wp-image-98832 lazyload\" alt=\"\" data-srcset=\"https:\/\/adra.ca\/wp-content\/uploads\/2023\/06\/Together-logo.png 351w, https:\/\/adra.ca\/wp-content\/uploads\/2023\/06\/Together-logo-300x44.png 300w, https:\/\/adra.ca\/wp-content\/uploads\/2023\/06\/Together-logo-18x3.png 18w\" data-sizes=\"(max-width: 351px) 100vw, 351px\" src=\"data:image\/svg+xml;base64,PHN2ZyB3aWR0aD0iMSIgaGVpZ2h0PSIxIiB4bWxucz0iaHR0cDovL3d3dy53My5vcmcvMjAwMC9zdmciPjwvc3ZnPg==\" style=\"--smush-placeholder-width: 351px; --smush-placeholder-aspect-ratio: 351\/51;\" \/>\t\t\t\t\t\t\t\t\t\t\t\t\t\t\t<\/div>\n\t\t\t\t<\/div>\n\t\t\t\t<\/div>\n\t\t<div class=\"elementor-element elementor-element-18f1888 e-con-full progress-bar-main e-flex e-con e-child\" data-id=\"18f1888\" data-element_type=\"container\" data-e-type=\"container\">\n\t\t\t\t<div class=\"elementor-element elementor-element-c35256e elementor-widget__width-initial elementor-widget elementor-widget-heading\" data-id=\"c35256e\" data-element_type=\"widget\" data-e-type=\"widget\" data-widget_type=\"heading.default\">\n\t\t\t\t<div class=\"elementor-widget-container\">\n\t\t\t\t\t<h2 class=\"elementor-heading-title elementor-size-default\">Compassion <br>en action<\/h2>\t\t\t\t<\/div>\n\t\t\t\t<\/div>\n\t\t\t\t<\/div>\n\t\t\t\t\t<\/div>\n\t\t\t\t<\/div>\n\t\t<div class=\"elementor-element elementor-element-4843a69 easter-match-main e-flex e-con-boxed e-con e-parent\" data-id=\"4843a69\" data-element_type=\"container\" data-e-type=\"container\">\n\t\t\t\t\t<div class=\"e-con-inner\">\n\t\t<div class=\"elementor-element elementor-element-5286b4d e-con-full e-flex e-con e-child\" data-id=\"5286b4d\" data-element_type=\"container\" data-e-type=\"container\">\n\t\t\t\t<div class=\"elementor-element elementor-element-64c6cfb elementor-widget elementor-widget-heading\" data-id=\"64c6cfb\" data-element_type=\"widget\" data-e-type=\"widget\" data-widget_type=\"heading.default\">\n\t\t\t\t<div class=\"elementor-widget-container\">\n\t\t\t\t\t<h2 class=\"elementor-heading-title elementor-size-default\">Ce mois d&#039;avril, <\/h2>\t\t\t\t<\/div>\n\t\t\t\t<\/div>\n\t\t\t\t<div class=\"elementor-element elementor-element-809497d elementor-widget__width-initial elementor-widget elementor-widget-heading\" data-id=\"809497d\" data-element_type=\"widget\" data-e-type=\"widget\" data-widget_type=\"heading.default\">\n\t\t\t\t<div class=\"elementor-widget-container\">\n\t\t\t\t\t<h2 class=\"elementor-heading-title elementor-size-default\">Promouvoir <br>Sant\u00e9 des filles<\/h2>\t\t\t\t<\/div>\n\t\t\t\t<\/div>\n\t\t\t\t<div class=\"elementor-element elementor-element-ad6096d elementor-widget elementor-widget-heading\" data-id=\"ad6096d\" data-element_type=\"widget\" data-e-type=\"widget\" data-widget_type=\"heading.default\">\n\t\t\t\t<div class=\"elementor-widget-container\">\n\t\t\t\t\t<h4 class=\"elementor-heading-title elementor-size-default\">et transformez des communaut\u00e9s enti\u00e8res ! <\/h4>\t\t\t\t<\/div>\n\t\t\t\t<\/div>\n\t\t\t\t<div class=\"elementor-element elementor-element-23ed51d elementor-widget__width-initial elementor-widget elementor-widget-text-editor\" data-id=\"23ed51d\" data-element_type=\"widget\" data-e-type=\"widget\" data-widget_type=\"text-editor.default\">\n\t\t\t\t<div class=\"elementor-widget-container\">\n\t\t\t\t\t\t\t\t\t<p>\u00a0<\/p><p>Dans les r\u00e9gions recul\u00e9es du monde, comme les villages des Philippines, les filles perdent 25% de leur scolarit\u00e9 en raison du manque de produits d&#039;hygi\u00e8ne f\u00e9minine de base. Cela perturbe non seulement leur \u00e9ducation, mais conduit \u00e9galement \u00e0 des mariages pr\u00e9coces, \u00e0 des grossesses chez les adolescentes et \u00e0 un risque accru de d\u00e9c\u00e8s.<\/p><h5 class=\"heading-green\"><strong>Voici la bonne nouvelle\u00a0: VOUS avez le pouvoir de changer cela\u00a0!<\/strong><\/h5><p>Votre don aura un impact gr\u00e2ce au projet TOGETHER.<\/p><p>Rien qu&#039;aux Philippines, nous sommes pr\u00e9sents dans 32 \u00e9coles pour distribuer des kits d&#039;hygi\u00e8ne et dispenser une \u00e9ducation vitale sur la confiance en soi, les droits reproductifs des filles et les menstruations. Notre mission? Favoriser l\u2019acceptation, le respect et la compr\u00e9hension entre les \u00e9l\u00e8ves de tous genres et, plus important encore, maintenir les filles \u00e0 l\u2019\u00e9cole.<\/p><p>L\u2019essentiel est que les filles autonomes obtiennent de meilleurs emplois, prennent des d\u00e9cisions \u00e9clair\u00e9es pour leur avenir et m\u00e8nent une vie plus saine.<\/p><h5 class=\"heading-green\"><strong>Agissez maintenant pour faire une diff\u00e9rence\u00a0!<\/strong><\/h5><p><strong>En donnant aujourd&#039;hui, vous ne soutenez pas seulement cette initiative visant \u00e0 autonomiser les filles dans les \u00e9coles philippines, vous financez \u00e9galement des programmes vitaux qui \u00e9l\u00e8vent des communaut\u00e9s enti\u00e8res.<\/strong><\/p><p>Jusqu&#039;\u00e0 pr\u00e9sent, le projet TOGETHER a aid\u00e9 plus de 139\u00a0097 personnes au Cambodge, au Kenya, aux Philippines et en Ouganda gr\u00e2ce \u00e0 des programmes ax\u00e9s sur l&#039;agriculture, l&#039;hygi\u00e8ne, l&#039;alimentation et l&#039;\u00e9ducation. Donnez aujourd&#039;hui et aidez \u00e0 briser le cycle de la pauvret\u00e9 dans ces communaut\u00e9s en soutenant les femmes et les filles.<\/p>\t\t\t\t\t\t\t\t<\/div>\n\t\t\t\t<\/div>\n\t\t\t\t<\/div>\n\t\t<div class=\"elementor-element elementor-element-5be28c8 e-con-full e-flex e-con e-child\" data-id=\"5be28c8\" data-element_type=\"container\" data-e-type=\"container\">\n\t\t\t\t<div class=\"elementor-element elementor-element-81ae6aa elementor-widget elementor-widget-image\" data-id=\"81ae6aa\" data-element_type=\"widget\" data-e-type=\"widget\" data-widget_type=\"image.default\">\n\t\t\t\t<div class=\"elementor-widget-container\">\n\t\t\t\t\t\t\t\t\t\t\t\t\t\t\t<img fetchpriority=\"high\" decoding=\"async\" width=\"500\" height=\"500\" src=\"https:\/\/adra.ca\/wp-content\/uploads\/2024\/01\/MG_1676-1-3.png\" class=\"attachment-large size-large wp-image-98893\" alt=\"\" srcset=\"https:\/\/adra.ca\/wp-content\/uploads\/2024\/01\/MG_1676-1-3.png 500w, https:\/\/adra.ca\/wp-content\/uploads\/2024\/01\/MG_1676-1-3-100x100.png 100w, https:\/\/adra.ca\/wp-content\/uploads\/2024\/01\/MG_1676-1-3-300x300.png 300w, https:\/\/adra.ca\/wp-content\/uploads\/2024\/01\/MG_1676-1-3-150x150.png 150w, https:\/\/adra.ca\/wp-content\/uploads\/2024\/01\/MG_1676-1-3-12x12.png 12w\" sizes=\"(max-width: 500px) 100vw, 500px\" \/>\t\t\t\t\t\t\t\t\t\t\t\t\t\t\t<\/div>\n\t\t\t\t<\/div>\n\t\t\t\t<div class=\"elementor-element elementor-element-2db0daf form-wrapper elementor-widget elementor-widget-html\" data-id=\"2db0daf\" data-element_type=\"widget\" data-e-type=\"widget\" id=\"match-form\" data-widget_type=\"html.default\">\n\t\t\t\t<div class=\"elementor-widget-container\">\n\t\t\t\t\t<a class=\"adra-donate-form\" href=\"#XVDCVSCN\" style=\"display: none\"><\/a>\t\t\t\t<\/div>\n\t\t\t\t<\/div>\n\t\t\t\t<\/div>\n\t\t\t\t\t<\/div>\n\t\t\t\t<\/div>\n\t\t\t\t<\/div>","protected":false},"excerpt":{"rendered":"<p>DONATE Compassion in Action This April, Promote Girls Health and transform entire communities! \u00a0 In remote areas of the world, such as Philippine villages, girls lose 25% of their education due to the unavailability of basic feminine hygiene products. This not only disrupts their education but also leads to early marriage, teen pregnancy, and increased [&hellip;]<\/p>\n","protected":false},"author":10,"featured_media":0,"parent":0,"menu_order":0,"comment_status":"closed","ping_status":"closed","template":"","meta":{"footnotes":""},"class_list":["post-101816","page","type-page","status-publish","hentry"],"_links":{"self":[{"href":"https:\/\/adra.ca\/fr\/wp-json\/wp\/v2\/pages\/101816","targetHints":{"allow":["GET"]}}],"collection":[{"href":"https:\/\/adra.ca\/fr\/wp-json\/wp\/v2\/pages"}],"about":[{"href":"https:\/\/adra.ca\/fr\/wp-json\/wp\/v2\/types\/page"}],"author":[{"embeddable":true,"href":"https:\/\/adra.ca\/fr\/wp-json\/wp\/v2\/users\/10"}],"replies":[{"embeddable":true,"href":"https:\/\/adra.ca\/fr\/wp-json\/wp\/v2\/comments?post=101816"}],"version-history":[{"count":0,"href":"https:\/\/adra.ca\/fr\/wp-json\/wp\/v2\/pages\/101816\/revisions"}],"wp:attachment":[{"href":"https:\/\/adra.ca\/fr\/wp-json\/wp\/v2\/media?parent=101816"}],"curies":[{"name":"wp","href":"https:\/\/api.w.org\/{rel}","templated":true}]}}