{"id":120870,"date":"2025-03-20T02:41:27","date_gmt":"2025-03-20T06:41:27","guid":{"rendered":"https:\/\/adra.ca\/?page_id=120870"},"modified":"2026-02-20T18:17:25","modified_gmt":"2026-02-20T23:17:25","slug":"eastermatch25","status":"publish","type":"page","link":"https:\/\/adra.ca\/fr\/eastermatch25\/","title":{"rendered":"Page de destination MATCH \u2013 P\u00e2ques 2025"},"content":{"rendered":"<div data-elementor-type=\"wp-page\" data-elementor-id=\"120870\" class=\"elementor elementor-120870\" data-elementor-post-type=\"page\">\n\t\t\t\t<div class=\"elementor-element elementor-element-e594f17 e-con-full e-flex e-con e-parent\" data-id=\"e594f17\" data-element_type=\"container\" data-e-type=\"container\" data-settings=\"{&quot;background_background&quot;:&quot;classic&quot;}\">\n\t\t<div class=\"elementor-element elementor-element-34951d1 e-con-full e-flex e-con e-child\" data-id=\"34951d1\" data-element_type=\"container\" data-e-type=\"container\">\n\t\t<div class=\"elementor-element elementor-element-75ded1b e-con-full e-flex e-con e-child\" data-id=\"75ded1b\" data-element_type=\"container\" data-e-type=\"container\" data-settings=\"{&quot;background_background&quot;:&quot;classic&quot;}\">\n\t\t<div class=\"elementor-element elementor-element-5d87cd6 e-con-full e-flex e-con e-child\" data-id=\"5d87cd6\" data-element_type=\"container\" data-e-type=\"container\">\n\t\t\t\t<div class=\"elementor-element elementor-element-db83793 elementor-widget elementor-widget-heading\" data-id=\"db83793\" data-element_type=\"widget\" data-e-type=\"widget\" data-widget_type=\"heading.default\">\n\t\t\t\t<div class=\"elementor-widget-container\">\n\t\t\t\t\t<h2 class=\"elementor-heading-title elementor-size-default\"><h1 class=\"elementor-heading-title elementor-size-default elementor-inline-editing pen\" data-elementor-setting-key=\"title\" data-pen-placeholder=\"Type Here...\" style=\"font-family: authenia-textured, sans-serif;font-weight: 200;line-height: 0.9em;font-size: 4.4rem;letter-spacing: 1.9px\"><strong>Double <\/strong> votre impact \u00e0 P\u00e2ques !<span style=\"color: var( --e-global-color-text );font-size: 4.4rem;letter-spacing: 1.9px;text-align: var(--text-align)\"><\/span><\/h1><\/h2>\t\t\t\t<\/div>\n\t\t\t\t<\/div>\n\t\t\t\t<div class=\"elementor-element elementor-element-76f68ed body elementor-widget elementor-widget-heading\" data-id=\"76f68ed\" data-element_type=\"widget\" data-e-type=\"widget\" data-widget_type=\"heading.default\">\n\t\t\t\t<div class=\"elementor-widget-container\">\n\t\t\t\t\t<h3 class=\"elementor-heading-title elementor-size-default\">Donnez de l&#039;amour sans limites <span style=\", Arial, sans-serif;font-size: 20px\">\u2014<\/span> Faites un don avant le 21 avril et votre don sera doubl\u00e9 jusqu&#039;\u00e0 $90\u00a0000\u00a0! Votre g\u00e9n\u00e9rosit\u00e9 permettra d&#039;apporter une aide vitale \u00e0 l&#039;Ukraine et au-del\u00e0, en aidant les personnes dans le besoin.<\/h3>\t\t\t\t<\/div>\n\t\t\t\t<\/div>\n\t\t\t\t<\/div>\n\t\t<div class=\"elementor-element elementor-element-44b2eed e-con-full e-flex e-con e-child\" data-id=\"44b2eed\" data-element_type=\"container\" data-e-type=\"container\">\n\t\t\t\t<div class=\"elementor-element elementor-element-a6aaa95 elementor-widget elementor-widget-html\" data-id=\"a6aaa95\" data-element_type=\"widget\" data-e-type=\"widget\" data-widget_type=\"html.default\">\n\t\t\t\t<div class=\"elementor-widget-container\">\n\t\t\t\t\t<div class=\"donate-form\" style=\"text-align: center;\">\r\n    <a href=\"#XFLXRUEP\"><\/a>\r\n<\/div>\r\n\r\n<style>\r\n\r\n<\/style>\r\n\t\t\t\t<\/div>\n\t\t\t\t<\/div>\n\t\t\t\t<\/div>\n\t\t\t\t<\/div>\n\t\t\t\t<\/div>\n\t\t\t\t<\/div>\n\t\t\t\t<\/div>","protected":false},"excerpt":{"rendered":"<p>Double your impact this Easter! Give love without limits \u2014 donate by April 21st and your gift will be MATCHED up to $90,000! Your generosity will bring life-saving aid to Ukraine and beyond, reaching those in urgent need.<\/p>","protected":false},"author":14,"featured_media":120875,"parent":0,"menu_order":0,"comment_status":"closed","ping_status":"closed","template":"","meta":{"footnotes":""},"class_list":["post-120870","page","type-page","status-publish","has-post-thumbnail","hentry"],"_links":{"self":[{"href":"https:\/\/adra.ca\/fr\/wp-json\/wp\/v2\/pages\/120870","targetHints":{"allow":["GET"]}}],"collection":[{"href":"https:\/\/adra.ca\/fr\/wp-json\/wp\/v2\/pages"}],"about":[{"href":"https:\/\/adra.ca\/fr\/wp-json\/wp\/v2\/types\/page"}],"author":[{"embeddable":true,"href":"https:\/\/adra.ca\/fr\/wp-json\/wp\/v2\/users\/14"}],"replies":[{"embeddable":true,"href":"https:\/\/adra.ca\/fr\/wp-json\/wp\/v2\/comments?post=120870"}],"version-history":[{"count":0,"href":"https:\/\/adra.ca\/fr\/wp-json\/wp\/v2\/pages\/120870\/revisions"}],"wp:featuredmedia":[{"embeddable":true,"href":"https:\/\/adra.ca\/fr\/wp-json\/wp\/v2\/media\/120875"}],"wp:attachment":[{"href":"https:\/\/adra.ca\/fr\/wp-json\/wp\/v2\/media?parent=120870"}],"curies":[{"name":"wp","href":"https:\/\/api.w.org\/{rel}","templated":true}]}}