{"id":121996,"date":"2025-03-24T17:34:18","date_gmt":"2025-03-24T21:34:18","guid":{"rendered":"https:\/\/adra.ca\/?page_id=121996"},"modified":"2026-02-24T11:44:30","modified_gmt":"2026-02-24T16:44:30","slug":"stronger","status":"publish","type":"page","link":"https:\/\/adra.ca\/fr\/stronger\/","title":{"rendered":"PLUS FORT"},"content":{"rendered":"<div data-elementor-type=\"wp-page\" data-elementor-id=\"121996\" class=\"elementor elementor-121996\" data-elementor-post-type=\"page\">\n\t\t\t\t\t\t<section class=\"elementor-section elementor-top-section elementor-element elementor-element-2ad1374 elementor-section-height-min-height elementor-section-items-bottom elementor-section-boxed elementor-section-height-default\" data-id=\"2ad1374\" data-element_type=\"section\" data-e-type=\"section\" data-settings=\"{&quot;background_background&quot;:&quot;classic&quot;,&quot;shape_divider_bottom&quot;:&quot;mountains&quot;}\">\n\t\t\t\t\t\t\t<div class=\"elementor-background-overlay\"><\/div>\n\t\t\t\t\t\t<div class=\"elementor-shape elementor-shape-bottom\" aria-hidden=\"true\" data-negative=\"false\">\n\t\t\t<svg xmlns=\"http:\/\/www.w3.org\/2000\/svg\" viewbox=\"0 0 1000 100\" preserveaspectratio=\"none\">\n\t<path class=\"elementor-shape-fill\" opacity=\"0.33\" d=\"M473,67.3c-203.9,88.3-263.1-34-320.3,0C66,119.1,0,59.7,0,59.7V0h1000v59.7 c0,0-62.1,26.1-94.9,29.3c-32.8,3.3-62.8-12.3-75.8-22.1C806,49.6,745.3,8.7,694.9,4.7S492.4,59,473,67.3z\"\/>\n\t<path class=\"elementor-shape-fill\" opacity=\"0.66\" d=\"M734,67.3c-45.5,0-77.2-23.2-129.1-39.1c-28.6-8.7-150.3-10.1-254,39.1 s-91.7-34.4-149.2,0C115.7,118.3,0,39.8,0,39.8V0h1000v36.5c0,0-28.2-18.5-92.1-18.5C810.2,18.1,775.7,67.3,734,67.3z\"\/>\n\t<path class=\"elementor-shape-fill\" d=\"M766.1,28.9c-200-57.5-266,65.5-395.1,19.5C242,1.8,242,5.4,184.8,20.6C128,35.8,132.3,44.9,89.9,52.5C28.6,63.7,0,0,0,0 h1000c0,0-9.9,40.9-83.6,48.1S829.6,47,766.1,28.9z\"\/>\n<\/svg>\t\t<\/div>\n\t\t\t\t\t<div class=\"elementor-container elementor-column-gap-default\">\n\t\t\t\t\t<div class=\"elementor-column elementor-col-100 elementor-top-column elementor-element elementor-element-3e5e957\" data-id=\"3e5e957\" data-element_type=\"column\" data-e-type=\"column\">\n\t\t\t<div class=\"elementor-widget-wrap elementor-element-populated\">\n\t\t\t\t\t\t<div class=\"elementor-element elementor-element-1915b31 elementor-widget elementor-widget-spacer\" data-id=\"1915b31\" data-element_type=\"widget\" data-e-type=\"widget\" data-widget_type=\"spacer.default\">\n\t\t\t\t<div class=\"elementor-widget-container\">\n\t\t\t\t\t\t\t<div class=\"elementor-spacer\">\n\t\t\t<div class=\"elementor-spacer-inner\"><\/div>\n\t\t<\/div>\n\t\t\t\t\t\t<\/div>\n\t\t\t\t<\/div>\n\t\t\t\t<div class=\"elementor-element elementor-element-6736cdf animated-slow elementor-invisible elementor-widget elementor-widget-heading\" data-id=\"6736cdf\" data-element_type=\"widget\" data-e-type=\"widget\" data-settings=\"{&quot;_animation&quot;:&quot;fadeInDown&quot;}\" data-widget_type=\"heading.default\">\n\t\t\t\t<div class=\"elementor-widget-container\">\n\t\t\t\t\t<h2 class=\"elementor-heading-title elementor-size-default\">PLUS FORT<\/h2>\t\t\t\t<\/div>\n\t\t\t\t<\/div>\n\t\t\t\t\t<\/div>\n\t\t<\/div>\n\t\t\t\t\t<\/div>\n\t\t<\/section>\n\t\t<div class=\"elementor-element elementor-element-b9adadb e-flex e-con-boxed e-con e-parent\" data-id=\"b9adadb\" data-element_type=\"container\" data-e-type=\"container\" data-settings=\"{&quot;background_background&quot;:&quot;classic&quot;}\">\n\t\t\t\t\t<div class=\"e-con-inner\">\n\t\t<div class=\"elementor-element elementor-element-dd59039 e-con-full e-flex e-con e-child\" data-id=\"dd59039\" data-element_type=\"container\" data-e-type=\"container\">\n\t\t<div class=\"elementor-element elementor-element-caddd92 e-con-full e-flex e-con e-child\" data-id=\"caddd92\" data-element_type=\"container\" data-e-type=\"container\">\n\t\t<div class=\"elementor-element elementor-element-369bb91 e-con-full e-flex e-con e-child\" data-id=\"369bb91\" data-element_type=\"container\" data-e-type=\"container\">\n\t\t\t\t<div class=\"elementor-element elementor-element-fdd5433 elementor-widget__width-initial elementor-widget elementor-widget-text-editor\" data-id=\"fdd5433\" data-element_type=\"widget\" data-e-type=\"widget\" data-widget_type=\"text-editor.default\">\n\t\t\t\t<div class=\"elementor-widget-container\">\n\t\t\t\t\t\t\t\t\t<p style=\"text-align: left;\"><i>\u201c La r\u00e9silience se construit lorsque les communaut\u00e9s s&#039;unissent pour cr\u00e9er le changement. STRONGER est plus qu&#039;un projet, c&#039;est un engagement envers l&#039;espoir, l&#039;autonomisation et un avenir meilleur. \u201d<\/i><\/p>\t\t\t\t\t\t\t\t<\/div>\n\t\t\t\t<\/div>\n\t\t\t\t<div class=\"elementor-element elementor-element-7533a08 elementor-widget elementor-widget-heading\" data-id=\"7533a08\" data-element_type=\"widget\" data-e-type=\"widget\" data-widget_type=\"heading.default\">\n\t\t\t\t<div class=\"elementor-widget-container\">\n\t\t\t\t\t<h2 class=\"elementor-heading-title elementor-size-default\"><b>PLUS FORT<\/b> Cette initiative vise \u00e0 promouvoir l\u2019\u00e9galit\u00e9 des droits pour les adolescentes et les femmes au Cambodge, au Kenya et aux Philippines. Ax\u00e9e sur l\u2019\u00e9limination des violences sexistes, notamment les mariages d\u2019enfants, pr\u00e9coces et forc\u00e9s, elle \u0153uvre pour un changement durable en renfor\u00e7ant les protections, en favorisant l\u2019autonomisation et en plaidant pour un avenir o\u00f9 chaque fille puisse s\u2019\u00e9panouir, libre de toute violence et b\u00e9n\u00e9ficiant de toutes les opportunit\u00e9s.<\/h2>\t\t\t\t<\/div>\n\t\t\t\t<\/div>\n\t\t\t\t<div class=\"elementor-element elementor-element-3147317 elementor-widget elementor-widget-heading\" data-id=\"3147317\" data-element_type=\"widget\" data-e-type=\"widget\" data-widget_type=\"heading.default\">\n\t\t\t\t<div class=\"elementor-widget-container\">\n\t\t\t\t\t<h2 class=\"elementor-heading-title elementor-size-default\">Ensemble, nous sommes PLUS FORTS.<\/h2>\t\t\t\t<\/div>\n\t\t\t\t<\/div>\n\t\t\t\t<div class=\"elementor-element elementor-element-f53da5b elementor-widget elementor-widget-gallery\" data-id=\"f53da5b\" data-element_type=\"widget\" data-e-type=\"widget\" data-settings=\"{&quot;gallery_layout&quot;:&quot;justified&quot;,&quot;ideal_row_height&quot;:{&quot;unit&quot;:&quot;px&quot;,&quot;size&quot;:187,&quot;sizes&quot;:[]},&quot;lazyload&quot;:&quot;yes&quot;,&quot;ideal_row_height_tablet&quot;:{&quot;unit&quot;:&quot;px&quot;,&quot;size&quot;:150,&quot;sizes&quot;:[]},&quot;ideal_row_height_mobile&quot;:{&quot;unit&quot;:&quot;px&quot;,&quot;size&quot;:150,&quot;sizes&quot;:[]},&quot;gap&quot;:{&quot;unit&quot;:&quot;px&quot;,&quot;size&quot;:10,&quot;sizes&quot;:[]},&quot;gap_tablet&quot;:{&quot;unit&quot;:&quot;px&quot;,&quot;size&quot;:10,&quot;sizes&quot;:[]},&quot;gap_mobile&quot;:{&quot;unit&quot;:&quot;px&quot;,&quot;size&quot;:10,&quot;sizes&quot;:[]},&quot;link_to&quot;:&quot;file&quot;,&quot;overlay_background&quot;:&quot;yes&quot;,&quot;content_hover_animation&quot;:&quot;fade-in&quot;}\" data-widget_type=\"gallery.default\">\n\t\t\t\t<div class=\"elementor-widget-container\">\n\t\t\t\t\t\t\t<div class=\"elementor-gallery__container\">\n\t\t\t\t\t\t\t<a class=\"e-gallery-item elementor-gallery-item elementor-animated-content\" href=\"https:\/\/adra.ca\/wp-content\/uploads\/2025\/03\/53-X3.jpg\" data-elementor-open-lightbox=\"yes\" data-elementor-lightbox-slideshow=\"f53da5b\" data-elementor-lightbox-title=\"53-X3\" data-e-action-hash=\"#elementor-action%3Aaction%3Dlightbox%26settings%3DeyJpZCI6MTIyMjI0LCJ1cmwiOiJodHRwczpcL1wvYWRyYS5jYVwvd3AtY29udGVudFwvdXBsb2Fkc1wvMjAyNVwvMDNcLzUzLVgzLmpwZyIsInNsaWRlc2hvdyI6ImY1M2RhNWIifQ%3D%3D\">\n\t\t\t\t\t<div class=\"e-gallery-image elementor-gallery-item__image\" data-thumbnail=\"https:\/\/adra.ca\/wp-content\/uploads\/2025\/03\/53-X3-300x158.jpg\" data-width=\"300\" data-height=\"158\" aria-label=\"\" role=\"img\" ><\/div>\n\t\t\t\t\t\t\t\t\t\t\t<div class=\"elementor-gallery-item__overlay\"><\/div>\n\t\t\t\t\t\t\t\t\t\t\t\t\t\t<\/a>\n\t\t\t\t\t\t\t<a class=\"e-gallery-item elementor-gallery-item elementor-animated-content\" href=\"https:\/\/adra.ca\/wp-content\/uploads\/2025\/03\/BRACE-PRoject-10_2021-21-X3.jpg\" data-elementor-open-lightbox=\"yes\" data-elementor-lightbox-slideshow=\"f53da5b\" data-elementor-lightbox-title=\"BRACE PRoject 10_2021-21-X3\" data-e-action-hash=\"#elementor-action%3Aaction%3Dlightbox%26settings%3DeyJpZCI6MTIyMjI1LCJ1cmwiOiJodHRwczpcL1wvYWRyYS5jYVwvd3AtY29udGVudFwvdXBsb2Fkc1wvMjAyNVwvMDNcL0JSQUNFLVBSb2plY3QtMTBfMjAyMS0yMS1YMy5qcGciLCJzbGlkZXNob3ciOiJmNTNkYTViIn0%3D\">\n\t\t\t\t\t<div class=\"e-gallery-image elementor-gallery-item__image\" data-thumbnail=\"https:\/\/adra.ca\/wp-content\/uploads\/2025\/03\/BRACE-PRoject-10_2021-21-X3-300x200.jpg\" data-width=\"300\" data-height=\"200\" aria-label=\"\" role=\"img\" ><\/div>\n\t\t\t\t\t\t\t\t\t\t\t<div class=\"elementor-gallery-item__overlay\"><\/div>\n\t\t\t\t\t\t\t\t\t\t\t\t\t\t<\/a>\n\t\t\t\t\t\t\t<a class=\"e-gallery-item elementor-gallery-item elementor-animated-content\" href=\"https:\/\/adra.ca\/wp-content\/uploads\/2025\/03\/BRACE-PRoject-10_2021-69-X3.jpg\" data-elementor-open-lightbox=\"yes\" data-elementor-lightbox-slideshow=\"f53da5b\" data-elementor-lightbox-title=\"BRACE PRoject 10_2021-69-X3\" data-e-action-hash=\"#elementor-action%3Aaction%3Dlightbox%26settings%3DeyJpZCI6MTIyMjI2LCJ1cmwiOiJodHRwczpcL1wvYWRyYS5jYVwvd3AtY29udGVudFwvdXBsb2Fkc1wvMjAyNVwvMDNcL0JSQUNFLVBSb2plY3QtMTBfMjAyMS02OS1YMy5qcGciLCJzbGlkZXNob3ciOiJmNTNkYTViIn0%3D\">\n\t\t\t\t\t<div class=\"e-gallery-image elementor-gallery-item__image\" data-thumbnail=\"https:\/\/adra.ca\/wp-content\/uploads\/2025\/03\/BRACE-PRoject-10_2021-69-X3-300x200.jpg\" data-width=\"300\" data-height=\"200\" aria-label=\"\" role=\"img\" ><\/div>\n\t\t\t\t\t\t\t\t\t\t\t<div class=\"elementor-gallery-item__overlay\"><\/div>\n\t\t\t\t\t\t\t\t\t\t\t\t\t\t<\/a>\n\t\t\t\t\t\t\t<a class=\"e-gallery-item elementor-gallery-item elementor-animated-content\" href=\"https:\/\/adra.ca\/wp-content\/uploads\/2025\/03\/Cambodia2018BSNAM-0820-X3.jpg\" data-elementor-open-lightbox=\"yes\" data-elementor-lightbox-slideshow=\"f53da5b\" data-elementor-lightbox-title=\"Cambodia2018BSNAM-0820-X3\" data-e-action-hash=\"#elementor-action%3Aaction%3Dlightbox%26settings%3DeyJpZCI6MTIyMjI3LCJ1cmwiOiJodHRwczpcL1wvYWRyYS5jYVwvd3AtY29udGVudFwvdXBsb2Fkc1wvMjAyNVwvMDNcL0NhbWJvZGlhMjAxOEJTTkFNLTA4MjAtWDMuanBnIiwic2xpZGVzaG93IjoiZjUzZGE1YiJ9\">\n\t\t\t\t\t<div class=\"e-gallery-image elementor-gallery-item__image\" data-thumbnail=\"https:\/\/adra.ca\/wp-content\/uploads\/2025\/03\/Cambodia2018BSNAM-0820-X3-300x200.jpg\" data-width=\"300\" data-height=\"200\" aria-label=\"\" role=\"img\" ><\/div>\n\t\t\t\t\t\t\t\t\t\t\t<div class=\"elementor-gallery-item__overlay\"><\/div>\n\t\t\t\t\t\t\t\t\t\t\t\t\t\t<\/a>\n\t\t\t\t\t\t\t<a class=\"e-gallery-item elementor-gallery-item elementor-animated-content\" href=\"https:\/\/adra.ca\/wp-content\/uploads\/2025\/03\/CambodiaEMBRACE2018_0595-X3.jpg\" data-elementor-open-lightbox=\"yes\" data-elementor-lightbox-slideshow=\"f53da5b\" data-elementor-lightbox-title=\"CambodiaEMBRACE2018_0595-X3\" data-e-action-hash=\"#elementor-action%3Aaction%3Dlightbox%26settings%3DeyJpZCI6MTIyMjI4LCJ1cmwiOiJodHRwczpcL1wvYWRyYS5jYVwvd3AtY29udGVudFwvdXBsb2Fkc1wvMjAyNVwvMDNcL0NhbWJvZGlhRU1CUkFDRTIwMThfMDU5NS1YMy5qcGciLCJzbGlkZXNob3ciOiJmNTNkYTViIn0%3D\">\n\t\t\t\t\t<div class=\"e-gallery-image elementor-gallery-item__image\" data-thumbnail=\"https:\/\/adra.ca\/wp-content\/uploads\/2025\/03\/CambodiaEMBRACE2018_0595-X3-300x200.jpg\" data-width=\"300\" data-height=\"200\" aria-label=\"\" role=\"img\" ><\/div>\n\t\t\t\t\t\t\t\t\t\t\t<div class=\"elementor-gallery-item__overlay\"><\/div>\n\t\t\t\t\t\t\t\t\t\t\t\t\t\t<\/a>\n\t\t\t\t\t\t\t<a class=\"e-gallery-item elementor-gallery-item elementor-animated-content\" href=\"https:\/\/adra.ca\/wp-content\/uploads\/2025\/03\/Philippines-2023-19-X3.jpg\" data-elementor-open-lightbox=\"yes\" data-elementor-lightbox-slideshow=\"f53da5b\" data-elementor-lightbox-title=\"Philippines 2023-19-X3\" data-e-action-hash=\"#elementor-action%3Aaction%3Dlightbox%26settings%3DeyJpZCI6MTIyMjI5LCJ1cmwiOiJodHRwczpcL1wvYWRyYS5jYVwvd3AtY29udGVudFwvdXBsb2Fkc1wvMjAyNVwvMDNcL1BoaWxpcHBpbmVzLTIwMjMtMTktWDMuanBnIiwic2xpZGVzaG93IjoiZjUzZGE1YiJ9\">\n\t\t\t\t\t<div class=\"e-gallery-image elementor-gallery-item__image\" data-thumbnail=\"https:\/\/adra.ca\/wp-content\/uploads\/2025\/03\/Philippines-2023-19-X3-300x200.jpg\" data-width=\"300\" data-height=\"200\" aria-label=\"\" role=\"img\" ><\/div>\n\t\t\t\t\t\t\t\t\t\t\t<div class=\"elementor-gallery-item__overlay\"><\/div>\n\t\t\t\t\t\t\t\t\t\t\t\t\t\t<\/a>\n\t\t\t\t\t\t\t<a class=\"e-gallery-item elementor-gallery-item elementor-animated-content\" href=\"https:\/\/adra.ca\/wp-content\/uploads\/2025\/03\/Philippines-EMBRACE-2018-108-of-819-X2.jpg\" data-elementor-open-lightbox=\"yes\" data-elementor-lightbox-slideshow=\"f53da5b\" data-elementor-lightbox-title=\"Philippines EMBRACE 2018 (108 of 819)-X2\" data-e-action-hash=\"#elementor-action%3Aaction%3Dlightbox%26settings%3DeyJpZCI6MTIyMjMwLCJ1cmwiOiJodHRwczpcL1wvYWRyYS5jYVwvd3AtY29udGVudFwvdXBsb2Fkc1wvMjAyNVwvMDNcL1BoaWxpcHBpbmVzLUVNQlJBQ0UtMjAxOC0xMDgtb2YtODE5LVgyLmpwZyIsInNsaWRlc2hvdyI6ImY1M2RhNWIifQ%3D%3D\">\n\t\t\t\t\t<div class=\"e-gallery-image elementor-gallery-item__image\" data-thumbnail=\"https:\/\/adra.ca\/wp-content\/uploads\/2025\/03\/Philippines-EMBRACE-2018-108-of-819-X2-200x300.jpg\" data-width=\"200\" data-height=\"300\" aria-label=\"\" role=\"img\" ><\/div>\n\t\t\t\t\t\t\t\t\t\t\t<div class=\"elementor-gallery-item__overlay\"><\/div>\n\t\t\t\t\t\t\t\t\t\t\t\t\t\t<\/a>\n\t\t\t\t\t\t\t<a class=\"e-gallery-item elementor-gallery-item elementor-animated-content\" href=\"https:\/\/adra.ca\/wp-content\/uploads\/2025\/03\/Philippines-EMBRACE-2018-665-of-819-X3.jpg\" data-elementor-open-lightbox=\"yes\" data-elementor-lightbox-slideshow=\"f53da5b\" data-elementor-lightbox-title=\"Philippines EMBRACE 2018 (665 of 819)-X3\" data-e-action-hash=\"#elementor-action%3Aaction%3Dlightbox%26settings%3DeyJpZCI6MTIyMjMxLCJ1cmwiOiJodHRwczpcL1wvYWRyYS5jYVwvd3AtY29udGVudFwvdXBsb2Fkc1wvMjAyNVwvMDNcL1BoaWxpcHBpbmVzLUVNQlJBQ0UtMjAxOC02NjUtb2YtODE5LVgzLmpwZyIsInNsaWRlc2hvdyI6ImY1M2RhNWIifQ%3D%3D\">\n\t\t\t\t\t<div class=\"e-gallery-image elementor-gallery-item__image\" data-thumbnail=\"https:\/\/adra.ca\/wp-content\/uploads\/2025\/03\/Philippines-EMBRACE-2018-665-of-819-X3-300x200.jpg\" data-width=\"300\" data-height=\"200\" aria-label=\"\" role=\"img\" ><\/div>\n\t\t\t\t\t\t\t\t\t\t\t<div class=\"elementor-gallery-item__overlay\"><\/div>\n\t\t\t\t\t\t\t\t\t\t\t\t\t\t<\/a>\n\t\t\t\t\t\t\t<a class=\"e-gallery-item elementor-gallery-item elementor-animated-content\" href=\"https:\/\/adra.ca\/wp-content\/uploads\/2026\/02\/GroupPhotoPilotVillageforSTRONGERinKenya-scaled.jpg\" data-elementor-open-lightbox=\"yes\" data-elementor-lightbox-slideshow=\"f53da5b\" data-elementor-lightbox-title=\"Group Photo in STRONGER community\" data-elementor-lightbox-description=\"Group shot of the CoMeal Committee in Kenya\" data-e-action-hash=\"#elementor-action%3Aaction%3Dlightbox%26settings%3DeyJpZCI6MzY0MzIzLCJ1cmwiOiJodHRwczpcL1wvYWRyYS5jYVwvd3AtY29udGVudFwvdXBsb2Fkc1wvMjAyNlwvMDJcL0dyb3VwUGhvdG9QaWxvdFZpbGxhZ2Vmb3JTVFJPTkdFUmluS2VueWEtc2NhbGVkLmpwZyIsInNsaWRlc2hvdyI6ImY1M2RhNWIifQ%3D%3D\">\n\t\t\t\t\t<div class=\"e-gallery-image elementor-gallery-item__image\" data-thumbnail=\"https:\/\/adra.ca\/wp-content\/uploads\/2026\/02\/GroupPhotoPilotVillageforSTRONGERinKenya-300x91.jpg\" data-width=\"300\" data-height=\"91\" aria-label=\"Photo de groupe du comit\u00e9 CoMeal au Kenya\" role=\"img\" ><\/div>\n\t\t\t\t\t\t\t\t\t\t\t<div class=\"elementor-gallery-item__overlay\"><\/div>\n\t\t\t\t\t\t\t\t\t\t\t\t\t\t<\/a>\n\t\t\t\t\t<\/div>\n\t\t\t\t\t<\/div>\n\t\t\t\t<\/div>\n\t\t\t\t<\/div>\n\t\t<div class=\"elementor-element elementor-element-688be1a e-con-full e-flex e-con e-child\" data-id=\"688be1a\" data-element_type=\"container\" data-e-type=\"container\" data-settings=\"{&quot;background_background&quot;:&quot;classic&quot;}\">\n\t\t<div class=\"elementor-element elementor-element-2538a81 e-con-full e-flex e-con e-child\" data-id=\"2538a81\" data-element_type=\"container\" data-e-type=\"container\">\n\t\t\t\t<div class=\"elementor-element elementor-element-b922ac4 elementor-widget elementor-widget-image\" data-id=\"b922ac4\" data-element_type=\"widget\" data-e-type=\"widget\" data-widget_type=\"image.default\">\n\t\t\t\t<div class=\"elementor-widget-container\">\n\t\t\t\t\t\t\t\t\t\t\t\t\t\t\t<img fetchpriority=\"high\" decoding=\"async\" width=\"500\" height=\"137\" src=\"https:\/\/adra.ca\/wp-content\/uploads\/2025\/03\/canada-adra.png\" class=\"attachment-full size-full wp-image-122095\" alt=\"\" srcset=\"https:\/\/adra.ca\/wp-content\/uploads\/2025\/03\/canada-adra.png 500w, https:\/\/adra.ca\/wp-content\/uploads\/2025\/03\/canada-adra-300x82.png 300w, https:\/\/adra.ca\/wp-content\/uploads\/2025\/03\/canada-adra-18x5.png 18w\" sizes=\"(max-width: 500px) 100vw, 500px\" \/>\t\t\t\t\t\t\t\t\t\t\t\t\t\t\t<\/div>\n\t\t\t\t<\/div>\n\t\t\t\t<div class=\"elementor-element elementor-element-c984ae6 elementor-widget-divider--view-line elementor-widget elementor-widget-divider\" data-id=\"c984ae6\" data-element_type=\"widget\" data-e-type=\"widget\" data-widget_type=\"divider.default\">\n\t\t\t\t<div class=\"elementor-widget-container\">\n\t\t\t\t\t\t\t<div class=\"elementor-divider\">\n\t\t\t<span class=\"elementor-divider-separator\">\n\t\t\t\t\t\t<\/span>\n\t\t<\/div>\n\t\t\t\t\t\t<\/div>\n\t\t\t\t<\/div>\n\t\t\t\t<div class=\"elementor-element elementor-element-cafa9c7 elementor-widget elementor-widget-text-editor\" data-id=\"cafa9c7\" data-element_type=\"widget\" data-e-type=\"widget\" data-widget_type=\"text-editor.default\">\n\t\t\t\t<div class=\"elementor-widget-container\">\n\t\t\t\t\t\t\t\t\t<p>PO <strong>7465572 <\/strong>| Projet<strong>#P013105-001<\/strong><br \/>Pays <strong>Cambodge \/ Kenya \/ Philippines<\/strong><\/p>\t\t\t\t\t\t\t\t<\/div>\n\t\t\t\t<\/div>\n\t\t\t\t<div class=\"elementor-element elementor-element-74cb375 elementor-widget elementor-widget-facebook-embed\" data-id=\"74cb375\" data-element_type=\"widget\" data-e-type=\"widget\" data-widget_type=\"facebook-embed.default\">\n\t\t\t\t<div class=\"elementor-widget-container\">\n\t\t\t\t\t<div style=\"min-height: 1px\" class=\"elementor-facebook-widget fb-video\" data-href=\"https:\/\/www.facebook.com\/adracanada\/videos\/9096559193786450\/?mibextid=rS40aB7S9Ucbxw6v\" data-show-text=\"false\" data-allowfullscreen=\"false\" data-autoplay=\"false\" data-show-captions=\"false\"><\/div>\t\t\t\t<\/div>\n\t\t\t\t<\/div>\n\t\t\t\t<div class=\"elementor-element elementor-element-c8a035b elementor-widget elementor-widget-heading\" data-id=\"c8a035b\" data-element_type=\"widget\" data-e-type=\"widget\" data-widget_type=\"heading.default\">\n\t\t\t\t<div class=\"elementor-widget-container\">\n\t\t\t\t\t<h2 class=\"elementor-heading-title elementor-size-default\">PLUS FORT<\/h2>\t\t\t\t<\/div>\n\t\t\t\t<\/div>\n\t\t\t\t<div class=\"elementor-element elementor-element-d246f56 elementor-widget elementor-widget-text-editor\" data-id=\"d246f56\" data-element_type=\"widget\" data-e-type=\"widget\" data-widget_type=\"text-editor.default\">\n\t\t\t\t<div class=\"elementor-widget-container\">\n\t\t\t\t\t\t\t\t\t<p>Donner du pouvoir aux vies.<br \/><span data-olk-copy-source=\"MessageBody\">Renforcer les communaut\u00e9s et les syst\u00e8mes.<\/span><br \/>Construire un avenir r\u00e9silient.<\/p>\t\t\t\t\t\t\t\t<\/div>\n\t\t\t\t<\/div>\n\t\t\t\t<div class=\"elementor-element elementor-element-b48acc2 elementor-widget elementor-widget-heading\" data-id=\"b48acc2\" data-element_type=\"widget\" data-e-type=\"widget\" data-widget_type=\"heading.default\">\n\t\t\t\t<div class=\"elementor-widget-container\">\n\t\t\t\t\t<h2 class=\"elementor-heading-title elementor-size-default\">ADRA.ca | stayintouch@adra.ca<\/h2>\t\t\t\t<\/div>\n\t\t\t\t<\/div>\n\t\t\t\t<\/div>\n\t\t\t\t<\/div>\n\t\t\t\t<\/div>\n\t\t\t\t<\/div>\n\t\t\t\t\t<\/div>\n\t\t\t\t<\/div>\n\t\t\t\t<\/div>","protected":false},"excerpt":{"rendered":"<p>STRONGER \u201cResilience is built when communities come together to create change. STRONGER is more than a project, it\u2019s a commitment to hope, empowerment, and a better future.\u201d STRONGER is dedicated to enhancing the equal enjoyment of rights for adolescent girls and women in Cambodia, Kenya, and the Philippines. Focused on eliminating gender-based violence (GBV), including [&hellip;]<\/p>\n","protected":false},"author":15,"featured_media":0,"parent":0,"menu_order":0,"comment_status":"closed","ping_status":"closed","template":"","meta":{"footnotes":""},"class_list":["post-121996","page","type-page","status-publish","hentry"],"_links":{"self":[{"href":"https:\/\/adra.ca\/fr\/wp-json\/wp\/v2\/pages\/121996","targetHints":{"allow":["GET"]}}],"collection":[{"href":"https:\/\/adra.ca\/fr\/wp-json\/wp\/v2\/pages"}],"about":[{"href":"https:\/\/adra.ca\/fr\/wp-json\/wp\/v2\/types\/page"}],"author":[{"embeddable":true,"href":"https:\/\/adra.ca\/fr\/wp-json\/wp\/v2\/users\/15"}],"replies":[{"embeddable":true,"href":"https:\/\/adra.ca\/fr\/wp-json\/wp\/v2\/comments?post=121996"}],"version-history":[{"count":0,"href":"https:\/\/adra.ca\/fr\/wp-json\/wp\/v2\/pages\/121996\/revisions"}],"wp:attachment":[{"href":"https:\/\/adra.ca\/fr\/wp-json\/wp\/v2\/media?parent=121996"}],"curies":[{"name":"wp","href":"https:\/\/api.w.org\/{rel}","templated":true}]}}