{"id":330138,"date":"2026-01-15T13:16:27","date_gmt":"2026-01-15T18:16:27","guid":{"rendered":"https:\/\/adra.ca\/?page_id=330138"},"modified":"2026-01-21T15:24:39","modified_gmt":"2026-01-21T20:24:39","slug":"acs-winnipeg","status":"publish","type":"page","link":"https:\/\/adra.ca\/fr\/acs-winnipeg\/","title":{"rendered":"Services communautaires adventistes de Winnipeg"},"content":{"rendered":"<div data-elementor-type=\"wp-page\" data-elementor-id=\"330138\" class=\"elementor elementor-330138\" data-elementor-post-type=\"page\">\n\t\t\t\t\t\t<section class=\"elementor-section elementor-top-section elementor-element elementor-element-d1e6bee elementor-section-height-min-height elementor-section-items-bottom elementor-section-content-bottom elementor-section-boxed elementor-section-height-default\" data-id=\"d1e6bee\" data-element_type=\"section\" data-e-type=\"section\" data-settings=\"{&quot;background_background&quot;:&quot;classic&quot;,&quot;shape_divider_bottom&quot;:&quot;mountains&quot;}\">\n\t\t\t\t\t\t\t<div class=\"elementor-background-overlay\"><\/div>\n\t\t\t\t\t\t<div class=\"elementor-shape elementor-shape-bottom\" aria-hidden=\"true\" data-negative=\"false\">\n\t\t\t<svg xmlns=\"http:\/\/www.w3.org\/2000\/svg\" viewbox=\"0 0 1000 100\" preserveaspectratio=\"none\">\n\t<path class=\"elementor-shape-fill\" opacity=\"0.33\" d=\"M473,67.3c-203.9,88.3-263.1-34-320.3,0C66,119.1,0,59.7,0,59.7V0h1000v59.7 c0,0-62.1,26.1-94.9,29.3c-32.8,3.3-62.8-12.3-75.8-22.1C806,49.6,745.3,8.7,694.9,4.7S492.4,59,473,67.3z\"\/>\n\t<path class=\"elementor-shape-fill\" opacity=\"0.66\" d=\"M734,67.3c-45.5,0-77.2-23.2-129.1-39.1c-28.6-8.7-150.3-10.1-254,39.1 s-91.7-34.4-149.2,0C115.7,118.3,0,39.8,0,39.8V0h1000v36.5c0,0-28.2-18.5-92.1-18.5C810.2,18.1,775.7,67.3,734,67.3z\"\/>\n\t<path class=\"elementor-shape-fill\" d=\"M766.1,28.9c-200-57.5-266,65.5-395.1,19.5C242,1.8,242,5.4,184.8,20.6C128,35.8,132.3,44.9,89.9,52.5C28.6,63.7,0,0,0,0 h1000c0,0-9.9,40.9-83.6,48.1S829.6,47,766.1,28.9z\"\/>\n<\/svg>\t\t<\/div>\n\t\t\t\t\t<div class=\"elementor-container elementor-column-gap-default\">\n\t\t\t\t\t<div class=\"elementor-column elementor-col-50 elementor-top-column elementor-element elementor-element-c4addbf\" data-id=\"c4addbf\" data-element_type=\"column\" data-e-type=\"column\">\n\t\t\t<div class=\"elementor-widget-wrap elementor-element-populated\">\n\t\t\t\t\t\t<div class=\"elementor-element elementor-element-ac1b6f4 e-transform elementor-widget elementor-widget-heading\" data-id=\"ac1b6f4\" data-element_type=\"widget\" data-e-type=\"widget\" data-settings=\"{&quot;_transform_rotateZ_effect&quot;:{&quot;unit&quot;:&quot;px&quot;,&quot;size&quot;:-3,&quot;sizes&quot;:[]},&quot;_transform_rotateZ_effect_tablet&quot;:{&quot;unit&quot;:&quot;deg&quot;,&quot;size&quot;:&quot;&quot;,&quot;sizes&quot;:[]},&quot;_transform_rotateZ_effect_mobile&quot;:{&quot;unit&quot;:&quot;deg&quot;,&quot;size&quot;:&quot;&quot;,&quot;sizes&quot;:[]}}\" data-widget_type=\"heading.default\">\n\t\t\t\t<div class=\"elementor-widget-container\">\n\t\t\t\t\t<h2 class=\"elementor-heading-title elementor-size-default\">ACS \u00e0 Winnipeg<\/h2>\t\t\t\t<\/div>\n\t\t\t\t<\/div>\n\t\t\t\t\t<\/div>\n\t\t<\/div>\n\t\t\t\t<div class=\"elementor-column elementor-col-50 elementor-top-column elementor-element elementor-element-fe0b4cf\" data-id=\"fe0b4cf\" data-element_type=\"column\" data-e-type=\"column\">\n\t\t\t<div class=\"elementor-widget-wrap elementor-element-populated\">\n\t\t\t\t\t\t<div class=\"elementor-element elementor-element-98b4810 elementor-widget elementor-widget-spacer\" data-id=\"98b4810\" data-element_type=\"widget\" data-e-type=\"widget\" data-widget_type=\"spacer.default\">\n\t\t\t\t<div class=\"elementor-widget-container\">\n\t\t\t\t\t\t\t<div class=\"elementor-spacer\">\n\t\t\t<div class=\"elementor-spacer-inner\"><\/div>\n\t\t<\/div>\n\t\t\t\t\t\t<\/div>\n\t\t\t\t<\/div>\n\t\t\t\t\t<\/div>\n\t\t<\/div>\n\t\t\t\t\t<\/div>\n\t\t<\/section>\n\t\t<div class=\"elementor-element elementor-element-30b1aed e-flex e-con-boxed e-con e-parent\" data-id=\"30b1aed\" data-element_type=\"container\" data-e-type=\"container\" data-settings=\"{&quot;background_background&quot;:&quot;classic&quot;}\">\n\t\t\t\t\t<div class=\"e-con-inner\">\n\t\t<div class=\"elementor-element elementor-element-c10a99c e-con-full e-flex e-con e-child\" data-id=\"c10a99c\" data-element_type=\"container\" data-e-type=\"container\" data-settings=\"{&quot;background_background&quot;:&quot;classic&quot;}\">\n\t\t<div class=\"elementor-element elementor-element-c18e5d6 e-con-full e-flex e-con e-child\" data-id=\"c18e5d6\" data-element_type=\"container\" data-e-type=\"container\">\n\t\t\t\t<div class=\"elementor-element elementor-element-dc1cfa5 elementor-widget elementor-widget-text-editor\" data-id=\"dc1cfa5\" data-element_type=\"widget\" data-e-type=\"widget\" data-widget_type=\"text-editor.default\">\n\t\t\t\t<div class=\"elementor-widget-container\">\n\t\t\t\t\t\t\t\t\t<h3 class=\"TypographyPresentation TypographyPresentation--medium RichText3-paragraph--withVSpacingNormal RichText3-paragraph HighlightSol HighlightSol--buildingBlock\"><strong>Un centre communautaire qui cr\u00e9e un changement durable<\/strong><\/h3><p>Les Services communautaires adventistes (SCA) de Winnipeg sont un centre communautaire en pleine expansion, g\u00e9r\u00e9 par ADRA Canada, en partenariat avec l\u2019\u00c9glise adventiste du septi\u00e8me jour et un r\u00e9seau d\u2019organismes locaux. Situ\u00e9 dans le quartier d\u2019Elmwood, les SCA ont pour mission de r\u00e9pondre aux besoins urgents d\u2019aujourd\u2019hui tout en offrant aux personnes et aux familles de Winnipeg les moyens d\u2019assurer leur stabilit\u00e9, leur dignit\u00e9 et leur bien-\u00eatre \u00e0 long terme.<\/p><div class=\"TypographyPresentation TypographyPresentation--medium RichText3-paragraph--withVSpacingNormal RichText3-paragraph HighlightSol HighlightSol--buildingBlock\">Ancr\u00e9e dans la compassion, la collaboration et l&#039;autonomisation, ACS Winnipeg est un espace de confiance et accessible o\u00f9 les membres de la communaut\u00e9 peuvent trouver un soutien pratique, des liens et de l&#039;espoir, quels que soient leurs origines ou leur situation.<\/div>\t\t\t\t\t\t\t\t<\/div>\n\t\t\t\t<\/div>\n\t\t\t\t<div class=\"elementor-element elementor-element-5f50a3d elementor-widget elementor-widget-html\" data-id=\"5f50a3d\" data-element_type=\"widget\" data-e-type=\"widget\" data-widget_type=\"html.default\">\n\t\t\t\t<div class=\"elementor-widget-container\">\n\t\t\t\t\t<a href=\"#XNGNUJXD\" style=\"display: none\"><\/a>\t\t\t\t<\/div>\n\t\t\t\t<\/div>\n\t\t\t\t<\/div>\n\t\t<div class=\"elementor-element elementor-element-c572caf e-con-full e-flex e-con e-child\" data-id=\"c572caf\" data-element_type=\"container\" data-e-type=\"container\">\n\t\t\t\t<div class=\"elementor-element elementor-element-dbb05e1 elementor-widget elementor-widget-image\" data-id=\"dbb05e1\" data-element_type=\"widget\" data-e-type=\"widget\" data-widget_type=\"image.default\">\n\t\t\t\t<div class=\"elementor-widget-container\">\n\t\t\t\t\t\t\t\t\t\t\t\t\t\t\t<img fetchpriority=\"high\" decoding=\"async\" width=\"800\" height=\"467\" src=\"https:\/\/adra.ca\/wp-content\/uploads\/2026\/01\/3-e1768501227595-1024x598.jpg\" class=\"attachment-large size-large wp-image-330148\" alt=\"\" srcset=\"https:\/\/adra.ca\/wp-content\/uploads\/2026\/01\/3-e1768501227595-1024x598.jpg 1024w, https:\/\/adra.ca\/wp-content\/uploads\/2026\/01\/3-e1768501227595-300x175.jpg 300w, https:\/\/adra.ca\/wp-content\/uploads\/2026\/01\/3-e1768501227595-768x449.jpg 768w, https:\/\/adra.ca\/wp-content\/uploads\/2026\/01\/3-e1768501227595-1536x897.jpg 1536w, https:\/\/adra.ca\/wp-content\/uploads\/2026\/01\/3-e1768501227595-18x12.jpg 18w, https:\/\/adra.ca\/wp-content\/uploads\/2026\/01\/3-e1768501227595-1200x701.jpg 1200w, https:\/\/adra.ca\/wp-content\/uploads\/2026\/01\/3-e1768501227595.jpg 1618w\" sizes=\"(max-width: 800px) 100vw, 800px\" \/>\t\t\t\t\t\t\t\t\t\t\t\t\t\t\t<\/div>\n\t\t\t\t<\/div>\n\t\t\t\t<div class=\"elementor-element elementor-element-ce27aa3 elementor-widget elementor-widget-image\" data-id=\"ce27aa3\" data-element_type=\"widget\" data-e-type=\"widget\" data-widget_type=\"image.default\">\n\t\t\t\t<div class=\"elementor-widget-container\">\n\t\t\t\t\t\t\t\t\t\t\t\t\t\t\t<img decoding=\"async\" width=\"800\" height=\"393\" data-src=\"https:\/\/adra.ca\/wp-content\/uploads\/2026\/01\/Jan-15-2026-03_03_14-PM-e1768507934211.jpg\" class=\"attachment-large size-large wp-image-330243 lazyload\" alt=\"\" data-srcset=\"https:\/\/adra.ca\/wp-content\/uploads\/2026\/01\/Jan-15-2026-03_03_14-PM-e1768507934211.jpg 800w, https:\/\/adra.ca\/wp-content\/uploads\/2026\/01\/Jan-15-2026-03_03_14-PM-e1768507934211-300x147.jpg 300w, https:\/\/adra.ca\/wp-content\/uploads\/2026\/01\/Jan-15-2026-03_03_14-PM-e1768507934211-768x377.jpg 768w, https:\/\/adra.ca\/wp-content\/uploads\/2026\/01\/Jan-15-2026-03_03_14-PM-e1768507934211-18x9.jpg 18w\" data-sizes=\"(max-width: 800px) 100vw, 800px\" src=\"data:image\/svg+xml;base64,PHN2ZyB3aWR0aD0iMSIgaGVpZ2h0PSIxIiB4bWxucz0iaHR0cDovL3d3dy53My5vcmcvMjAwMC9zdmciPjwvc3ZnPg==\" style=\"--smush-placeholder-width: 800px; --smush-placeholder-aspect-ratio: 800\/393;\" \/>\t\t\t\t\t\t\t\t\t\t\t\t\t\t\t<\/div>\n\t\t\t\t<\/div>\n\t\t\t\t<\/div>\n\t\t\t\t<\/div>\n\t\t\t\t\t<\/div>\n\t\t\t\t<\/div>\n\t\t<div class=\"elementor-element elementor-element-e48a9b3 e-flex e-con-boxed e-con e-parent\" data-id=\"e48a9b3\" data-element_type=\"container\" data-e-type=\"container\">\n\t\t\t\t\t<div class=\"e-con-inner\">\n\t\t\t\t<div class=\"elementor-element elementor-element-7cd275b elementor-widget elementor-widget-text-editor\" data-id=\"7cd275b\" data-element_type=\"widget\" data-e-type=\"widget\" data-widget_type=\"text-editor.default\">\n\t\t\t\t<div class=\"elementor-widget-container\">\n\t\t\t\t\t\t\t\t\t<h3 class=\"TypographyPresentation TypographyPresentation--colorDefault TypographyPresentation--h5 TypographyPresentation--fontWeightMedium TypographyPresentation--wrapStylePretty RichText3-header2--withVSpacingNormal RichText3-header2 HighlightSol HighlightSol--buildingBlock HighlightSol--core\"><strong>R\u00e9pondre aux besoins urgents et renforcer les capacit\u00e9s \u00e0 long terme<\/strong><\/h3><div class=\"TypographyPresentation TypographyPresentation--medium RichText3-paragraph--withVSpacingNormal RichText3-paragraph HighlightSol HighlightSol--buildingBlock\">ACS Winnipeg soutient actuellement <strong>100 \u00e0 120 familles chaque mois<\/strong> Par le biais de la distribution alimentaire, de l&#039;aide d&#039;urgence et de programmes saisonniers, comme les collectes de fournitures scolaires et les paniers de No\u00ebl, ces services essentiels permettent de r\u00e9pondre aux besoins imm\u00e9diats en mati\u00e8re d&#039;ins\u00e9curit\u00e9 alimentaire et de difficult\u00e9s financi\u00e8res, tout en pr\u00e9servant la dignit\u00e9 et le respect des personnes aid\u00e9es.<\/div><div class=\"TypographyPresentation TypographyPresentation--medium RichText3-paragraph--withVSpacingNormal RichText3-paragraph HighlightSol HighlightSol--buildingBlock\">\u00a0<\/div><div class=\"TypographyPresentation TypographyPresentation--medium RichText3-paragraph--withVSpacingNormal RichText3-paragraph HighlightSol HighlightSol--buildingBlock\">Au-del\u00e0 de l&#039;aide d&#039;urgence, ACS \u00e9volue d\u00e9lib\u00e9r\u00e9ment vers un centre communautaire polyvalent ax\u00e9 sur les r\u00e9sultats \u00e0 long terme. Les consultations communautaires ont permis d&#039;identifier des priorit\u00e9s claires, notamment l&#039;insertion professionnelle, l&#039;acc\u00e8s \u00e0 une alimentation saine et aux comp\u00e9tences culinaires, ainsi que la sant\u00e9 mentale et\u2026 <span data-teams=\"true\">bien-\u00eatre <\/span>services de soutien \u2014 en particulier pour les jeunes et les familles.<\/div>\t\t\t\t\t\t\t\t<\/div>\n\t\t\t\t<\/div>\n\t\t\t\t\t<\/div>\n\t\t\t\t<\/div>\n\t\t<div class=\"elementor-element elementor-element-53bc494 e-flex e-con-boxed e-con e-parent\" data-id=\"53bc494\" data-element_type=\"container\" data-e-type=\"container\" data-settings=\"{&quot;background_background&quot;:&quot;classic&quot;}\">\n\t\t\t\t\t<div class=\"e-con-inner\">\n\t\t\t\t<div class=\"elementor-element elementor-element-849e613 elementor-widget elementor-widget-heading\" data-id=\"849e613\" data-element_type=\"widget\" data-e-type=\"widget\" data-widget_type=\"heading.default\">\n\t\t\t\t<div class=\"elementor-widget-container\">\n\t\t\t\t\t<h3 class=\"elementor-heading-title elementor-size-default\">Un mod\u00e8le \u00e9prouv\u00e9 avec un impact mesurable<\/h3>\t\t\t\t<\/div>\n\t\t\t\t<\/div>\n\t\t<div class=\"elementor-element elementor-element-42e1494 e-grid e-con-full e-con e-child\" data-id=\"42e1494\" data-element_type=\"container\" data-e-type=\"container\">\n\t\t\t\t<div class=\"elementor-element elementor-element-f80fd9d elementor-position-top elementor-widget elementor-widget-image-box\" data-id=\"f80fd9d\" data-element_type=\"widget\" data-e-type=\"widget\" data-widget_type=\"image-box.default\">\n\t\t\t\t<div class=\"elementor-widget-container\">\n\t\t\t\t\t<div class=\"elementor-image-box-wrapper\"><figure class=\"elementor-image-box-img\"><img decoding=\"async\" width=\"374\" height=\"373\" data-src=\"https:\/\/adra.ca\/wp-content\/uploads\/2026\/01\/icon1.png\" class=\"attachment-full size-full wp-image-330178 lazyload\" alt=\"\" data-srcset=\"https:\/\/adra.ca\/wp-content\/uploads\/2026\/01\/icon1.png 374w, https:\/\/adra.ca\/wp-content\/uploads\/2026\/01\/icon1-300x300.png 300w, https:\/\/adra.ca\/wp-content\/uploads\/2026\/01\/icon1-150x150.png 150w, https:\/\/adra.ca\/wp-content\/uploads\/2026\/01\/icon1-12x12.png 12w, https:\/\/adra.ca\/wp-content\/uploads\/2026\/01\/icon1-100x100.png 100w\" data-sizes=\"(max-width: 374px) 100vw, 374px\" src=\"data:image\/svg+xml;base64,PHN2ZyB3aWR0aD0iMSIgaGVpZ2h0PSIxIiB4bWxucz0iaHR0cDovL3d3dy53My5vcmcvMjAwMC9zdmciPjwvc3ZnPg==\" style=\"--smush-placeholder-width: 374px; --smush-placeholder-aspect-ratio: 374\/373;\" \/><\/figure><div class=\"elementor-image-box-content\"><h3 class=\"elementor-image-box-title\">Plus de 15 b\u00e9n\u00e9voles r\u00e9guliers<\/h3><p class=\"elementor-image-box-description\">soutien \u00e0 la distribution alimentaire bimensuelle et \u00e0 la programmation<\/p><\/div><\/div>\t\t\t\t<\/div>\n\t\t\t\t<\/div>\n\t\t\t\t<div class=\"elementor-element elementor-element-45d316c elementor-position-top elementor-widget elementor-widget-image-box\" data-id=\"45d316c\" data-element_type=\"widget\" data-e-type=\"widget\" data-widget_type=\"image-box.default\">\n\t\t\t\t<div class=\"elementor-widget-container\">\n\t\t\t\t\t<div class=\"elementor-image-box-wrapper\"><figure class=\"elementor-image-box-img\"><img decoding=\"async\" width=\"374\" height=\"365\" data-src=\"https:\/\/adra.ca\/wp-content\/uploads\/2026\/01\/icon2.png\" class=\"attachment-full size-full wp-image-330179 lazyload\" alt=\"\" data-srcset=\"https:\/\/adra.ca\/wp-content\/uploads\/2026\/01\/icon2.png 374w, https:\/\/adra.ca\/wp-content\/uploads\/2026\/01\/icon2-300x293.png 300w, https:\/\/adra.ca\/wp-content\/uploads\/2026\/01\/icon2-12x12.png 12w\" data-sizes=\"(max-width: 374px) 100vw, 374px\" src=\"data:image\/svg+xml;base64,PHN2ZyB3aWR0aD0iMSIgaGVpZ2h0PSIxIiB4bWxucz0iaHR0cDovL3d3dy53My5vcmcvMjAwMC9zdmciPjwvc3ZnPg==\" style=\"--smush-placeholder-width: 374px; --smush-placeholder-aspect-ratio: 374\/365;\" \/><\/figure><div class=\"elementor-image-box-content\"><h3 class=\"elementor-image-box-title\">Programmes de sant\u00e9 mentale et de bien-\u00eatre pour les jeunes<\/h3><p class=\"elementor-image-box-description\">toucher des \u00e9l\u00e8ves de plusieurs \u00e9coles locales<\/p><\/div><\/div>\t\t\t\t<\/div>\n\t\t\t\t<\/div>\n\t\t\t\t<div class=\"elementor-element elementor-element-88b8618 elementor-position-top elementor-widget elementor-widget-image-box\" data-id=\"88b8618\" data-element_type=\"widget\" data-e-type=\"widget\" data-widget_type=\"image-box.default\">\n\t\t\t\t<div class=\"elementor-widget-container\">\n\t\t\t\t\t<div class=\"elementor-image-box-wrapper\"><figure class=\"elementor-image-box-img\"><img decoding=\"async\" width=\"374\" height=\"365\" data-src=\"https:\/\/adra.ca\/wp-content\/uploads\/2026\/01\/icon3.png\" class=\"attachment-full size-full wp-image-330181 lazyload\" alt=\"\" data-srcset=\"https:\/\/adra.ca\/wp-content\/uploads\/2026\/01\/icon3.png 374w, https:\/\/adra.ca\/wp-content\/uploads\/2026\/01\/icon3-300x293.png 300w, https:\/\/adra.ca\/wp-content\/uploads\/2026\/01\/icon3-12x12.png 12w\" data-sizes=\"(max-width: 374px) 100vw, 374px\" src=\"data:image\/svg+xml;base64,PHN2ZyB3aWR0aD0iMSIgaGVpZ2h0PSIxIiB4bWxucz0iaHR0cDovL3d3dy53My5vcmcvMjAwMC9zdmciPjwvc3ZnPg==\" style=\"--smush-placeholder-width: 374px; --smush-placeholder-aspect-ratio: 374\/365;\" \/><\/figure><div class=\"elementor-image-box-content\"><h3 class=\"elementor-image-box-title\">Coordination des interventions d&#039;urgence<\/h3><p class=\"elementor-image-box-description\">y compris un soutien rapide aux personnes \u00e9vacu\u00e9es en raison des feux de for\u00eat, en partenariat avec les organisations autochtones.<\/p><\/div><\/div>\t\t\t\t<\/div>\n\t\t\t\t<\/div>\n\t\t\t\t<div class=\"elementor-element elementor-element-7110374 elementor-position-top elementor-widget elementor-widget-image-box\" data-id=\"7110374\" data-element_type=\"widget\" data-e-type=\"widget\" data-widget_type=\"image-box.default\">\n\t\t\t\t<div class=\"elementor-widget-container\">\n\t\t\t\t\t<div class=\"elementor-image-box-wrapper\"><figure class=\"elementor-image-box-img\"><img decoding=\"async\" width=\"371\" height=\"356\" data-src=\"https:\/\/adra.ca\/wp-content\/uploads\/2026\/01\/icon4.png\" class=\"attachment-full size-full wp-image-330182 lazyload\" alt=\"\" data-srcset=\"https:\/\/adra.ca\/wp-content\/uploads\/2026\/01\/icon4.png 371w, https:\/\/adra.ca\/wp-content\/uploads\/2026\/01\/icon4-300x288.png 300w, https:\/\/adra.ca\/wp-content\/uploads\/2026\/01\/icon4-13x12.png 13w\" data-sizes=\"(max-width: 371px) 100vw, 371px\" src=\"data:image\/svg+xml;base64,PHN2ZyB3aWR0aD0iMSIgaGVpZ2h0PSIxIiB4bWxucz0iaHR0cDovL3d3dy53My5vcmcvMjAwMC9zdmciPjwvc3ZnPg==\" style=\"--smush-placeholder-width: 371px; --smush-placeholder-aspect-ratio: 371\/356;\" \/><\/figure><div class=\"elementor-image-box-content\"><h3 class=\"elementor-image-box-title\">partenariats strat\u00e9giques<\/h3><p class=\"elementor-image-box-description\">avec les organismes communautaires, les \u00e9coles, les bailleurs de fonds et les fournisseurs de services afin d&#039;\u00e9viter les doublons et d&#039;optimiser l&#039;impact<\/p><\/div><\/div>\t\t\t\t<\/div>\n\t\t\t\t<\/div>\n\t\t\t\t<\/div>\n\t\t<div class=\"elementor-element elementor-element-49851e0 e-con-full e-flex e-con e-child\" data-id=\"49851e0\" data-element_type=\"container\" data-e-type=\"container\">\n\t\t\t\t<div class=\"elementor-element elementor-element-363e861 elementor-widget elementor-widget-text-editor\" data-id=\"363e861\" data-element_type=\"widget\" data-e-type=\"widget\" data-widget_type=\"text-editor.default\">\n\t\t\t\t<div class=\"elementor-widget-container\">\n\t\t\t\t\t\t\t\t\t<p>Dans les commentaires recueillis dans le cadre des diff\u00e9rents programmes, <strong>100% des participants ont indiqu\u00e9 que les services ACS r\u00e9pondent \u00e0 un besoin vital<\/strong>, offrant un espace s\u00fbr, bienveillant et accessible pour la gu\u00e9rison et le lien social.<\/p>\t\t\t\t\t\t\t\t<\/div>\n\t\t\t\t<\/div>\n\t\t\t\t<\/div>\n\t\t\t\t<div class=\"elementor-element elementor-element-a7891bc elementor-widget elementor-widget-html\" data-id=\"a7891bc\" data-element_type=\"widget\" data-e-type=\"widget\" data-widget_type=\"html.default\">\n\t\t\t\t<div class=\"elementor-widget-container\">\n\t\t\t\t\t<a href=\"#XNGNUJXD\" style=\"display: none\"><\/a>\t\t\t\t<\/div>\n\t\t\t\t<\/div>\n\t\t\t\t\t<\/div>\n\t\t\t\t<\/div>\n\t\t<div class=\"elementor-element elementor-element-0497f2e e-flex e-con-boxed e-con e-parent\" data-id=\"0497f2e\" data-element_type=\"container\" data-e-type=\"container\">\n\t\t\t\t\t<div class=\"e-con-inner\">\n\t\t\t\t<div class=\"elementor-element elementor-element-6d607e6 elementor-widget elementor-widget-text-editor\" data-id=\"6d607e6\" data-element_type=\"widget\" data-e-type=\"widget\" data-widget_type=\"text-editor.default\">\n\t\t\t\t<div class=\"elementor-widget-container\">\n\t\t\t\t\t\t\t\t\t<h3 class=\"TypographyPresentation TypographyPresentation--colorDefault TypographyPresentation--h5 TypographyPresentation--fontWeightMedium TypographyPresentation--wrapStylePretty RichText3-header2--withVSpacingNormal RichText3-header2 HighlightSol HighlightSol--buildingBlock HighlightSol--core\"><strong>Un petit centre avec une grande vision<\/strong><\/h3><div class=\"TypographyPresentation TypographyPresentation--medium RichText3-paragraph--withVSpacingNormal RichText3-paragraph HighlightSol HighlightSol--buildingBlock\">ACS Winnipeg est bien plus qu&#039;un simple centre de services\u00a0: il devient un v\u00e9ritable foyer d&#039;espoir, b\u00e2ti en \u00e9troite collaboration avec la communaut\u00e9 qu&#039;il sert. Gr\u00e2ce au soutien de ses bailleurs de fonds et partenaires, ce projet continuera de transformer des vies aujourd&#039;hui tout en renfor\u00e7ant le tissu social de Winnipeg pour les g\u00e9n\u00e9rations \u00e0 venir.<\/div><div>\u00a0<\/div><div><span data-teams=\"true\">ACS Winnipeg s\u2019engage \u00e0 faire preuve de transparence et de responsabilit\u00e9. Des rapports d\u00e9taill\u00e9s d\u00e9crivant nos programmes, nos r\u00e9sultats et notre impact sur la communaut\u00e9 sont disponibles ci-dessous.<\/span><\/div>\t\t\t\t\t\t\t\t<\/div>\n\t\t\t\t<\/div>\n\t\t\t\t\t<\/div>\n\t\t\t\t<\/div>\n\t\t<div class=\"elementor-element elementor-element-b0db467 e-flex e-con-boxed e-con e-parent\" data-id=\"b0db467\" data-element_type=\"container\" data-e-type=\"container\">\n\t\t\t\t\t<div class=\"e-con-inner\">\n\t\t<div class=\"elementor-element elementor-element-1f0b451 e-grid e-con-full e-con e-child\" data-id=\"1f0b451\" data-element_type=\"container\" data-e-type=\"container\">\n\t\t\t\t<div class=\"elementor-element elementor-element-a95364c elementor-widget elementor-widget-image\" data-id=\"a95364c\" data-element_type=\"widget\" data-e-type=\"widget\" data-widget_type=\"image.default\">\n\t\t\t\t<div class=\"elementor-widget-container\">\n\t\t\t\t\t\t\t\t\t\t\t\t\t\t\t\t<a href=\"https:\/\/adra.ca\/wp-content\/uploads\/2026\/01\/ACS-Annual-Report-2024-1.pdf\" target=\"_blank\">\n\t\t\t\t\t\t\t<img decoding=\"async\" width=\"246\" height=\"300\" data-src=\"https:\/\/adra.ca\/wp-content\/uploads\/2026\/01\/report-acs-1-246x300.png\" class=\"attachment-medium size-medium wp-image-330276 lazyload\" alt=\"\" data-srcset=\"https:\/\/adra.ca\/wp-content\/uploads\/2026\/01\/report-acs-1-246x300.png 246w, https:\/\/adra.ca\/wp-content\/uploads\/2026\/01\/report-acs-1-10x12.png 10w, https:\/\/adra.ca\/wp-content\/uploads\/2026\/01\/report-acs-1.png 691w\" data-sizes=\"(max-width: 246px) 100vw, 246px\" src=\"data:image\/svg+xml;base64,PHN2ZyB3aWR0aD0iMSIgaGVpZ2h0PSIxIiB4bWxucz0iaHR0cDovL3d3dy53My5vcmcvMjAwMC9zdmciPjwvc3ZnPg==\" style=\"--smush-placeholder-width: 246px; --smush-placeholder-aspect-ratio: 246\/300;\" \/>\t\t\t\t\t\t\t\t<\/a>\n\t\t\t\t\t\t\t\t\t\t\t\t\t\t\t<\/div>\n\t\t\t\t<\/div>\n\t\t\t\t<div class=\"elementor-element elementor-element-57e93ba elementor-widget elementor-widget-image\" data-id=\"57e93ba\" data-element_type=\"widget\" data-e-type=\"widget\" data-widget_type=\"image.default\">\n\t\t\t\t<div class=\"elementor-widget-container\">\n\t\t\t\t\t\t\t\t\t\t\t\t\t\t\t\t<a href=\"https:\/\/adra.ca\/wp-content\/uploads\/2026\/01\/Updated-ACS-Progress-Report-2025-FINAL.pdf\" target=\"_blank\">\n\t\t\t\t\t\t\t<img decoding=\"async\" width=\"232\" height=\"300\" data-src=\"https:\/\/adra.ca\/wp-content\/uploads\/2026\/01\/report-acs-2-232x300.png\" class=\"attachment-medium size-medium wp-image-330277 lazyload\" alt=\"\" data-srcset=\"https:\/\/adra.ca\/wp-content\/uploads\/2026\/01\/report-acs-2-232x300.png 232w, https:\/\/adra.ca\/wp-content\/uploads\/2026\/01\/report-acs-2-9x12.png 9w, https:\/\/adra.ca\/wp-content\/uploads\/2026\/01\/report-acs-2.png 692w\" data-sizes=\"(max-width: 232px) 100vw, 232px\" src=\"data:image\/svg+xml;base64,PHN2ZyB3aWR0aD0iMSIgaGVpZ2h0PSIxIiB4bWxucz0iaHR0cDovL3d3dy53My5vcmcvMjAwMC9zdmciPjwvc3ZnPg==\" style=\"--smush-placeholder-width: 232px; --smush-placeholder-aspect-ratio: 232\/300;\" \/>\t\t\t\t\t\t\t\t<\/a>\n\t\t\t\t\t\t\t\t\t\t\t\t\t\t\t<\/div>\n\t\t\t\t<\/div>\n\t\t\t\t<\/div>\n\t\t\t\t\t<\/div>\n\t\t\t\t<\/div>\n\t\t\t\t<\/div>","protected":false},"excerpt":{"rendered":"<p>ACS in Winnipeg A Community Hub Creating Lasting Change Adventist Community Services (ACS) Winnipeg is a growing community hub operated under ADRA Canada, in partnership with the Seventh-day Adventist Church and a network of local organizations. Located in the Elmwood neighbourhood, ACS exists to meet urgent needs today while building pathways to long-term stability, dignity, [&hellip;]<\/p>\n","protected":false},"author":15,"featured_media":0,"parent":0,"menu_order":0,"comment_status":"closed","ping_status":"closed","template":"","meta":{"footnotes":""},"class_list":["post-330138","page","type-page","status-publish","hentry"],"_links":{"self":[{"href":"https:\/\/adra.ca\/fr\/wp-json\/wp\/v2\/pages\/330138","targetHints":{"allow":["GET"]}}],"collection":[{"href":"https:\/\/adra.ca\/fr\/wp-json\/wp\/v2\/pages"}],"about":[{"href":"https:\/\/adra.ca\/fr\/wp-json\/wp\/v2\/types\/page"}],"author":[{"embeddable":true,"href":"https:\/\/adra.ca\/fr\/wp-json\/wp\/v2\/users\/15"}],"replies":[{"embeddable":true,"href":"https:\/\/adra.ca\/fr\/wp-json\/wp\/v2\/comments?post=330138"}],"version-history":[{"count":0,"href":"https:\/\/adra.ca\/fr\/wp-json\/wp\/v2\/pages\/330138\/revisions"}],"wp:attachment":[{"href":"https:\/\/adra.ca\/fr\/wp-json\/wp\/v2\/media?parent=330138"}],"curies":[{"name":"wp","href":"https:\/\/api.w.org\/{rel}","templated":true}]}}