{"id":361142,"date":"2026-02-20T13:35:35","date_gmt":"2026-02-20T18:35:35","guid":{"rendered":"https:\/\/adra.ca\/?page_id=361142"},"modified":"2026-02-26T15:51:46","modified_gmt":"2026-02-26T20:51:46","slug":"eastermatch26","status":"publish","type":"page","link":"https:\/\/adra.ca\/fr\/eastermatch26\/","title":{"rendered":"Page d&#039;accueil de MATCH \u2013 P\u00e2ques 2026"},"content":{"rendered":"<div data-elementor-type=\"wp-page\" data-elementor-id=\"361142\" class=\"elementor elementor-361142\" data-elementor-post-type=\"page\">\n\t\t\t\t<div class=\"elementor-element elementor-element-ee0d748 e-flex e-con-boxed e-con e-parent\" data-id=\"ee0d748\" data-element_type=\"container\" data-e-type=\"container\" data-settings=\"{&quot;background_background&quot;:&quot;classic&quot;}\">\n\t\t\t\t\t<div class=\"e-con-inner\">\n\t\t<div class=\"elementor-element elementor-element-8eb908b e-con-full e-flex e-con e-child\" data-id=\"8eb908b\" data-element_type=\"container\" data-e-type=\"container\" data-settings=\"{&quot;background_background&quot;:&quot;classic&quot;}\">\n\t\t<div class=\"elementor-element elementor-element-3b605a0 e-con-full e-flex e-con e-child\" data-id=\"3b605a0\" data-element_type=\"container\" data-e-type=\"container\">\n\t\t\t\t<div class=\"elementor-element elementor-element-9fc09bf elementor-widget elementor-widget-image\" data-id=\"9fc09bf\" data-element_type=\"widget\" data-e-type=\"widget\" data-widget_type=\"image.default\">\n\t\t\t\t<div class=\"elementor-widget-container\">\n\t\t\t\t\t\t\t\t\t\t\t\t\t\t\t<img decoding=\"async\" width=\"225\" height=\"209\" data-src=\"https:\/\/adra.ca\/wp-content\/uploads\/2026\/02\/easter-match-emblem.png\" class=\"attachment-large size-large wp-image-361220 lazyload\" alt=\"\" data-srcset=\"https:\/\/adra.ca\/wp-content\/uploads\/2026\/02\/easter-match-emblem.png 225w, https:\/\/adra.ca\/wp-content\/uploads\/2026\/02\/easter-match-emblem-13x12.png 13w\" data-sizes=\"(max-width: 225px) 100vw, 225px\" src=\"data:image\/svg+xml;base64,PHN2ZyB3aWR0aD0iMSIgaGVpZ2h0PSIxIiB4bWxucz0iaHR0cDovL3d3dy53My5vcmcvMjAwMC9zdmciPjwvc3ZnPg==\" style=\"--smush-placeholder-width: 225px; --smush-placeholder-aspect-ratio: 225\/209;\" \/>\t\t\t\t\t\t\t\t\t\t\t\t\t\t\t<\/div>\n\t\t\t\t<\/div>\n\t\t\t\t<div class=\"elementor-element elementor-element-f457b1d elementor-widget elementor-widget-image\" data-id=\"f457b1d\" data-element_type=\"widget\" data-e-type=\"widget\" data-widget_type=\"image.default\">\n\t\t\t\t<div class=\"elementor-widget-container\">\n\t\t\t\t\t\t\t\t\t\t\t\t\t\t\t<img decoding=\"async\" width=\"206\" height=\"156\" data-src=\"https:\/\/adra.ca\/wp-content\/uploads\/2026\/02\/cfb-logo.png\" class=\"attachment-large size-large wp-image-361236 lazyload\" alt=\"\" data-srcset=\"https:\/\/adra.ca\/wp-content\/uploads\/2026\/02\/cfb-logo.png 206w, https:\/\/adra.ca\/wp-content\/uploads\/2026\/02\/cfb-logo-16x12.png 16w\" data-sizes=\"(max-width: 206px) 100vw, 206px\" src=\"data:image\/svg+xml;base64,PHN2ZyB3aWR0aD0iMSIgaGVpZ2h0PSIxIiB4bWxucz0iaHR0cDovL3d3dy53My5vcmcvMjAwMC9zdmciPjwvc3ZnPg==\" style=\"--smush-placeholder-width: 206px; --smush-placeholder-aspect-ratio: 206\/156;\" \/>\t\t\t\t\t\t\t\t\t\t\t\t\t\t\t<\/div>\n\t\t\t\t<\/div>\n\t\t\t\t<\/div>\n\t\t\t\t<div class=\"elementor-element elementor-element-1afa239 elementor-widget__width-initial e-transform elementor-widget elementor-widget-heading\" data-id=\"1afa239\" data-element_type=\"widget\" data-e-type=\"widget\" data-settings=\"{&quot;_transform_rotateZ_effect&quot;:{&quot;unit&quot;:&quot;px&quot;,&quot;size&quot;:-3,&quot;sizes&quot;:[]},&quot;_transform_rotateZ_effect_tablet&quot;:{&quot;unit&quot;:&quot;deg&quot;,&quot;size&quot;:&quot;&quot;,&quot;sizes&quot;:[]},&quot;_transform_rotateZ_effect_mobile&quot;:{&quot;unit&quot;:&quot;deg&quot;,&quot;size&quot;:&quot;&quot;,&quot;sizes&quot;:[]}}\" data-widget_type=\"heading.default\">\n\t\t\t\t<div class=\"elementor-widget-container\">\n\t\t\t\t\t<h2 class=\"elementor-heading-title elementor-size-default\">Aider les familles \u00e0 construire <br>\nDes moyens de subsistance durables<\/h2>\t\t\t\t<\/div>\n\t\t\t\t<\/div>\n\t\t\t\t<div class=\"elementor-element elementor-element-a5b64e8 elementor-widget elementor-widget-text-editor\" data-id=\"a5b64e8\" data-element_type=\"widget\" data-e-type=\"widget\" data-widget_type=\"text-editor.default\">\n\t\t\t\t<div class=\"elementor-widget-container\">\n\t\t\t\t\t\t\t\t\t<p>Votre g\u00e9n\u00e9rosit\u00e9 offre aux femmes et aux familles une formation pratique, des outils et des opportunit\u00e9s de g\u00e9n\u00e9rer des revenus, comme l&#039;apiculture et l&#039;\u00e9levage de volailles. <strong>Votre don sera doubl\u00e9 jusqu&#039;\u00e0 concurrence de 1\u00a0040\u00a0000 $ jusqu&#039;au 15 avril, gr\u00e2ce \u00e0 la Banque canadienne de c\u00e9r\u00e9ales vivri\u00e8res et \u00e0 d&#039;autres partenaires, ce qui permettra \u00e0 deux fois plus de familles de sortir de la pauvret\u00e9.<\/strong><\/p>\t\t\t\t\t\t\t\t<\/div>\n\t\t\t\t<\/div>\n\t\t<div class=\"elementor-element elementor-element-21da182 e-con-full e-flex e-con e-child\" data-id=\"21da182\" data-element_type=\"container\" data-e-type=\"container\">\n\t\t\t\t<div class=\"elementor-element elementor-element-8fd916c elementor-hidden-mobile elementor-widget elementor-widget-image\" data-id=\"8fd916c\" data-element_type=\"widget\" data-e-type=\"widget\" data-widget_type=\"image.default\">\n\t\t\t\t<div class=\"elementor-widget-container\">\n\t\t\t\t\t\t\t\t\t\t\t\t\t\t\t<img fetchpriority=\"high\" decoding=\"async\" width=\"356\" height=\"757\" src=\"https:\/\/adra.ca\/wp-content\/uploads\/2026\/02\/bee-bottom.png\" class=\"attachment-full size-full wp-image-361267\" alt=\"\" srcset=\"https:\/\/adra.ca\/wp-content\/uploads\/2026\/02\/bee-bottom.png 356w, https:\/\/adra.ca\/wp-content\/uploads\/2026\/02\/bee-bottom-141x300.png 141w, https:\/\/adra.ca\/wp-content\/uploads\/2026\/02\/bee-bottom-6x12.png 6w\" sizes=\"(max-width: 356px) 100vw, 356px\" \/>\t\t\t\t\t\t\t\t\t\t\t\t\t\t\t<\/div>\n\t\t\t\t<\/div>\n\t\t\t\t<div class=\"elementor-element elementor-element-7da63ec elementor-widget elementor-widget-image\" data-id=\"7da63ec\" data-element_type=\"widget\" data-e-type=\"widget\" data-widget_type=\"image.default\">\n\t\t\t\t<div class=\"elementor-widget-container\">\n\t\t\t\t\t\t\t\t\t\t\t\t\t\t\t<img decoding=\"async\" width=\"1169\" height=\"920\" data-src=\"https:\/\/adra.ca\/wp-content\/uploads\/2026\/02\/gredisse-comb.png\" class=\"attachment-full size-full wp-image-361250 lazyload\" alt=\"\" data-srcset=\"https:\/\/adra.ca\/wp-content\/uploads\/2026\/02\/gredisse-comb.png 1169w, https:\/\/adra.ca\/wp-content\/uploads\/2026\/02\/gredisse-comb-300x236.png 300w, https:\/\/adra.ca\/wp-content\/uploads\/2026\/02\/gredisse-comb-1024x806.png 1024w, https:\/\/adra.ca\/wp-content\/uploads\/2026\/02\/gredisse-comb-768x604.png 768w, https:\/\/adra.ca\/wp-content\/uploads\/2026\/02\/gredisse-comb-15x12.png 15w\" data-sizes=\"(max-width: 1169px) 100vw, 1169px\" src=\"data:image\/svg+xml;base64,PHN2ZyB3aWR0aD0iMSIgaGVpZ2h0PSIxIiB4bWxucz0iaHR0cDovL3d3dy53My5vcmcvMjAwMC9zdmciPjwvc3ZnPg==\" style=\"--smush-placeholder-width: 1169px; --smush-placeholder-aspect-ratio: 1169\/920;\" \/>\t\t\t\t\t\t\t\t\t\t\t\t\t\t\t<\/div>\n\t\t\t\t<\/div>\n\t\t\t\t<\/div>\n\t\t\t\t<\/div>\n\t\t<div class=\"elementor-element elementor-element-3f121ca e-con-full e-flex e-con e-child\" data-id=\"3f121ca\" data-element_type=\"container\" data-e-type=\"container\" data-settings=\"{&quot;background_background&quot;:&quot;classic&quot;}\">\n\t\t<div class=\"elementor-element elementor-element-49446e5 e-con-full e-flex e-con e-child\" data-id=\"49446e5\" data-element_type=\"container\" data-e-type=\"container\" data-settings=\"{&quot;background_background&quot;:&quot;classic&quot;}\">\n\t\t\t\t<div class=\"elementor-element elementor-element-2bd1fbb elementor-widget elementor-widget-html\" data-id=\"2bd1fbb\" data-element_type=\"widget\" data-e-type=\"widget\" data-widget_type=\"html.default\">\n\t\t\t\t<div class=\"elementor-widget-container\">\n\t\t\t\t\t<div class=\"donate-form\" style=\"text-align: center;\">\r\n    <a href=\"#XUGTCBND\"><\/a>\r\n<\/div>\r\n\r\n<style>\r\n\r\n<\/style>\t\t\t\t<\/div>\n\t\t\t\t<\/div>\n\t\t\t\t<\/div>\n\t\t\t\t<\/div>\n\t\t\t\t\t<\/div>\n\t\t\t\t<\/div>\n\t\t\t\t<\/div>","protected":false},"excerpt":{"rendered":"<p>Aidez les familles \u00e0 se b\u00e2tir des moyens de subsistance durables. Votre g\u00e9n\u00e9rosit\u00e9 offre aux femmes et aux familles une formation pratique, des outils et des possibilit\u00e9s de g\u00e9n\u00e9rer des revenus, comme l&#039;apiculture et l&#039;\u00e9levage de volailles. Votre don sera doubl\u00e9, jusqu&#039;\u00e0 concurrence de 1\u00a0040\u00a0000\u00a0$, jusqu&#039;au 15\u00a0avril, gr\u00e2ce \u00e0 la Banque canadienne de c\u00e9r\u00e9ales vivri\u00e8res et \u00e0 d&#039;autres partenaires, ce qui permettra \u00e0 deux fois plus de familles de sortir de la pauvret\u00e9.<\/p>","protected":false},"author":14,"featured_media":361250,"parent":0,"menu_order":0,"comment_status":"closed","ping_status":"closed","template":"","meta":{"footnotes":""},"class_list":["post-361142","page","type-page","status-publish","has-post-thumbnail","hentry"],"_links":{"self":[{"href":"https:\/\/adra.ca\/fr\/wp-json\/wp\/v2\/pages\/361142","targetHints":{"allow":["GET"]}}],"collection":[{"href":"https:\/\/adra.ca\/fr\/wp-json\/wp\/v2\/pages"}],"about":[{"href":"https:\/\/adra.ca\/fr\/wp-json\/wp\/v2\/types\/page"}],"author":[{"embeddable":true,"href":"https:\/\/adra.ca\/fr\/wp-json\/wp\/v2\/users\/14"}],"replies":[{"embeddable":true,"href":"https:\/\/adra.ca\/fr\/wp-json\/wp\/v2\/comments?post=361142"}],"version-history":[{"count":0,"href":"https:\/\/adra.ca\/fr\/wp-json\/wp\/v2\/pages\/361142\/revisions"}],"wp:featuredmedia":[{"embeddable":true,"href":"https:\/\/adra.ca\/fr\/wp-json\/wp\/v2\/media\/361250"}],"wp:attachment":[{"href":"https:\/\/adra.ca\/fr\/wp-json\/wp\/v2\/media?parent=361142"}],"curies":[{"name":"wp","href":"https:\/\/api.w.org\/{rel}","templated":true}]}}