{"id":90375,"date":"2023-08-01T00:55:53","date_gmt":"2023-08-01T04:55:53","guid":{"rendered":"https:\/\/devsite.adra.ca\/?page_id=90375"},"modified":"2025-09-30T12:29:43","modified_gmt":"2025-09-30T16:29:43","slug":"privacy","status":"publish","type":"page","link":"https:\/\/adra.ca\/fr\/privacy\/","title":{"rendered":"Confidentialit\u00e9 et s\u00e9curit\u00e9"},"content":{"rendered":"<div data-elementor-type=\"wp-page\" data-elementor-id=\"90375\" class=\"elementor elementor-90375\" data-elementor-post-type=\"page\">\n\t\t\t\t\t\t<section class=\"elementor-section elementor-top-section elementor-element elementor-element-4644ef3 elementor-section-boxed elementor-section-height-default elementor-section-height-default\" data-id=\"4644ef3\" data-element_type=\"section\" data-e-type=\"section\">\n\t\t\t\t\t\t<div class=\"elementor-container elementor-column-gap-default\">\n\t\t\t\t\t<div class=\"elementor-column elementor-col-100 elementor-top-column elementor-element elementor-element-5016bb5\" data-id=\"5016bb5\" data-element_type=\"column\" data-e-type=\"column\">\n\t\t\t<div class=\"elementor-widget-wrap elementor-element-populated\">\n\t\t\t\t\t\t<div class=\"elementor-element elementor-element-7524de9 e-transform elementor-widget elementor-widget-heading\" data-id=\"7524de9\" data-element_type=\"widget\" data-e-type=\"widget\" data-settings=\"{&quot;_transform_rotateZ_effect&quot;:{&quot;unit&quot;:&quot;px&quot;,&quot;size&quot;:-3,&quot;sizes&quot;:[]},&quot;_transform_rotateZ_effect_tablet&quot;:{&quot;unit&quot;:&quot;deg&quot;,&quot;size&quot;:&quot;&quot;,&quot;sizes&quot;:[]},&quot;_transform_rotateZ_effect_mobile&quot;:{&quot;unit&quot;:&quot;deg&quot;,&quot;size&quot;:&quot;&quot;,&quot;sizes&quot;:[]}}\" data-widget_type=\"heading.default\">\n\t\t\t\t<div class=\"elementor-widget-container\">\n\t\t\t\t\t<h2 class=\"elementor-heading-title elementor-size-default\">Confidentialit\u00e9 et s\u00e9curit\u00e9<\/h2>\t\t\t\t<\/div>\n\t\t\t\t<\/div>\n\t\t\t\t<div class=\"elementor-element elementor-element-ba2fc43 elementor-widget elementor-widget-text-editor\" data-id=\"ba2fc43\" data-element_type=\"widget\" data-e-type=\"widget\" data-widget_type=\"text-editor.default\">\n\t\t\t\t<div class=\"elementor-widget-container\">\n\t\t\t\t\t\t\t\t\t<h3 class=\"fusion-responsive-typography-calculated\" data-fontsize=\"22\" data-lineheight=\"22px\">Notre engagement<\/h3>\n<p>ADRA Canada s&#039;engage \u00e0 prot\u00e9ger la vie priv\u00e9e de ses donateurs, sympathisants, employ\u00e9s et autres parties prenantes. Nous appr\u00e9cions la confiance de ceux avec qui nous traitons et du public, et reconnaissons que le maintien de cette confiance exige que nous soyons transparents et responsables dans la fa\u00e7on dont nous traitons les informations personnelles que vous choisissez de partager avec nous.<\/p>\n<p>Au cours de nos diverses activit\u00e9s, nous recueillons et utilisons fr\u00e9quemment des renseignements personnels. Nous ne collectons pas d&#039;informations d&#039;identification personnelle vous concernant lorsque vous visitez notre site, sauf si vous choisissez de nous fournir ces informations. La fourniture de telles informations est strictement volontaire. Toute personne aupr\u00e8s de laquelle nous recueillons ces informations personnelles doit s&#039;attendre \u00e0 ce qu&#039;elles soient soigneusement prot\u00e9g\u00e9es et \u00e0 ce que toute utilisation ou autre utilisation de ces informations personnelles soit soumise \u00e0 un consentement expr\u00e8s ou tacite. Nos pratiques de confidentialit\u00e9 sont con\u00e7ues pour y parvenir.<\/p>\n<p>Selon l&#039;endroit o\u00f9 vous vivez, ADRA Canada peut ne pas \u00eatre soumis \u00e0 des obligations l\u00e9gales en ce qui concerne la protection des renseignements personnels que vous nous fournissez, mais ADRA Canada a volontairement d\u00e9cid\u00e9 d&#039;adh\u00e9rer aux meilleures pratiques pour la collecte, l&#039;utilisation et la divulgation de renseignements personnels. informations d\u00e9crites dans cette politique.<\/p>\n<h3 class=\"fusion-responsive-typography-calculated\" data-fontsize=\"22\" data-lineheight=\"22px\">Quelles informations personnelles collectons-nous ?<\/h3>\n<p>Les informations personnelles sont les informations qui vous concernent en tant qu&#039;individu. Nous ne vous demanderons que des informations directement li\u00e9es aux ressources ou aux services que nous vous fournissons et nous ne conserverons ces informations actives que tant que les utilisations pour lesquelles elles ont \u00e9t\u00e9 collect\u00e9es sont pertinentes.<\/p>\n<p>Les renseignements personnels recueillis par ADRA Canada peuvent inclure le nom, l\u2019adresse et d\u2019autres coordonn\u00e9es, les informations de carte de cr\u00e9dit ou de compte bancaire \u00e0 des fins de don, les pays ou les programmes qu\u2019une personne souhaite soutenir, la pr\u00e9f\u00e9rence linguistique, les informations d\u00e9mographiques telles que l\u2019\u00e2ge et le sexe, et les pr\u00e9f\u00e9rences de communication \u00e0 des fins de marketing.<\/p>\n<h3 class=\"fusion-responsive-typography-calculated\" data-fontsize=\"22\" data-lineheight=\"22px\">Comment utilisons-nous et divulguons-nous vos informations personnelles ?<\/h3>\n<p>ADRA Canada recueille des renseignements personnels afin de g\u00e9rer votre compte, de comprendre vos pr\u00e9f\u00e9rences en mati\u00e8re de dons et de vous fournir des communications et du mat\u00e9riel de marketing pertinents.<\/p>\n<p>Nous pouvons partager ces informations avec les employ\u00e9s d&#039;ADRA \u00e0 des fins de marketing, de recherche et d&#039;analyse. Dans certaines circonstances limit\u00e9es, il peut \u00eatre n\u00e9cessaire de partager les informations avec un fournisseur de services tiers sur une base confidentielle. Lorsque cela se produit, nous ne fournissons que les informations n\u00e9cessaires \u00e0 la fourniture des services et des conditions strictes de confidentialit\u00e9 sont \u00e9tablies.<\/p>\n<h3 class=\"fusion-responsive-typography-calculated\" data-fontsize=\"22\" data-lineheight=\"22px\">Conservation des renseignements personnels<\/h3>\n<p>Nous ne conserverons pas les informations personnelles ind\u00e9finiment. G\u00e9n\u00e9ralement, les informations sont conserv\u00e9es pendant deux ans apr\u00e8s qu&#039;elles sont devenues inactives. Les fichiers sont ensuite d\u00e9truits ou supprim\u00e9s, \u00e0 l&#039;exception de ceux qui se trouvent sur des disques de sauvegarde et des dossiers financiers qui, conform\u00e9ment \u00e0 la loi, doivent \u00eatre conserv\u00e9s pendant sept ans. Les informations archiv\u00e9es ne sont pas accessibles \u00e0 des fins op\u00e9rationnelles ou de marketing.<\/p>\n<h3 class=\"fusion-responsive-typography-calculated\" data-fontsize=\"22\" data-lineheight=\"22px\">Pratiques de confidentialit\u00e9<\/h3>\n<p>Les renseignements personnels recueillis par notre organisation sont gard\u00e9s confidentiels. Notre personnel est autoris\u00e9 \u00e0 acc\u00e9der aux informations personnelles uniquement sur la base de leur besoin de les traiter pour la ou les raisons pour lesquelles elles ont \u00e9t\u00e9 obtenues. Des mesures de protection sont en place pour s&#039;assurer que les renseignements personnels ne sont pas divulgu\u00e9s ou partag\u00e9s plus largement qu&#039;il n&#039;est n\u00e9cessaire pour atteindre l&#039;objectif pour lequel ils ont \u00e9t\u00e9 recueillis. Nous exigeons contractuellement que toute personne ou organisation fournissant des services \u00e0 ADRA Canada se conforme aux lois f\u00e9d\u00e9rales et provinciales sur la protection de la vie priv\u00e9e. Nous prenons \u00e9galement des mesures pour nous assurer que l&#039;int\u00e9grit\u00e9 des renseignements personnels est maintenue et conserv\u00e9e aussi longtemps que n\u00e9cessaire.<\/p>\n<p>Nous recueillons, utilisons et divulguons des renseignements personnels uniquement \u00e0 des fins qu&#039;une personne raisonnable jugerait appropri\u00e9es compte tenu des circonstances. Nous ne vendons, n&#039;\u00e9changeons, ne pr\u00eatons ni ne mettons \u00e0 disposition d&#039;informations personnelles \u00e0 aucune autre organisation. Nous offrons aux donateurs et sympathisants la possibilit\u00e9 de choisir que leurs informations personnelles ne soient pas utilis\u00e9es \u00e0 des fins autres que celles pour lesquelles elles ont \u00e9t\u00e9 initialement collect\u00e9es.<\/p>\n<h3 class=\"fusion-responsive-typography-calculated\" data-fontsize=\"22\" data-lineheight=\"22px\">Site Web, commerce \u00e9lectronique et autres garanties<\/h3>\n<p>Nous pr\u00e9servons la confidentialit\u00e9 de tous les renseignements personnels et mettons en place des mesures de protection pour les prot\u00e9ger, qu&#039;ils soient imprim\u00e9s, \u00e9lectroniques ou autres. Nous utilisons des protocoles de mot de passe et des logiciels de chiffrement pour prot\u00e9ger les renseignements personnels et autres que nous recevons lors d&#039;une demande ou d&#039;un paiement en ligne. Nos logiciels sont r\u00e9guli\u00e8rement mis \u00e0 jour afin de maximiser la protection de ces renseignements. Le site web d&#039;ADRA Canada utilise ou pourrait utiliser \u00e0 l&#039;avenir des fonctionnalit\u00e9s technologiques telles que l&#039;enregistrement des connexions, les t\u00e9moins ou les logiciels de suivi des clics. Le site enregistre \u00e9galement des informations telles que les adresses IP et les types de navigateurs. Ces informations sont utilis\u00e9es \u00e0 des fins d&#039;analyse et pour offrir un meilleur service aux utilisateurs.<\/p>\n<h3 class=\"fusion-responsive-typography-calculated\" data-fontsize=\"22\" data-lineheight=\"22px\">Acc\u00e8s aux informations personnelles<\/h3>\n<p>Sous r\u00e9serve de certaines exceptions pr\u00e9vues par la l\u00e9gislation applicable en mati\u00e8re de protection des renseignements personnels ou par la Loi sur la protection des renseignements personnels et les documents \u00e9lectroniques, vous avez le droit de savoir quels renseignements personnels nous d\u00e9tenons \u00e0 votre sujet. Si vous souhaitez v\u00e9rifier vos renseignements, veuillez communiquer avec le responsable de la protection des renseignements personnels d\u2019ADRA Canada, comme indiqu\u00e9 ci-dessous. Si vous constatez des erreurs ou des omissions, nous nous ferons un plaisir de les corriger.<\/p>\n<h3 class=\"fusion-responsive-typography-calculated\" data-fontsize=\"22\" data-lineheight=\"22px\">Contactez ADRA Canada concernant les politiques de confidentialit\u00e9<\/h3>\n<p>Les questions, pr\u00e9occupations ou plaintes concernant la politique de confidentialit\u00e9 d&#039;ADRA Canada sur le traitement des renseignements personnels peuvent \u00eatre adress\u00e9es en \u00e9crivant \u00e0\u00a0:<\/p>\n<p>\u00c0 l&#039;attention du responsable de la confidentialit\u00e9,<br>ADRA Canada<br>20, rue Robert Ouest<br>Newcastle, Ontario<br>L1B 1C6<\/p>\n<p>Vous trouverez de plus amples renseignements sur la confidentialit\u00e9 et vos droits concernant vos renseignements personnels sur le site Web du Commissaire \u00e0 la protection de la vie priv\u00e9e du Canada \u00e0 l&#039;adresse suivante : <a href=\"https:\/\/www.priv.gc.ca\/en\/\" target=\"_blank\" rel=\"noopener\">www.privcom.gc.ca<\/a><\/p>\n<h3 class=\"fusion-responsive-typography-calculated\" data-fontsize=\"22\" data-lineheight=\"22px\">Listes de diffusion et bulletins\u00a0:<\/h3>\n<p>ADRA Canada offre plusieurs listes de diffusion opt-in pour le courrier postal r\u00e9gulier et le courrier \u00e9lectronique. Toute information personnellement identifiable que vous fournissez est utilis\u00e9e dans le but de livrer l&#039;envoi postal, de renouveler votre abonnement, de recherche et\/ou de marketing. Les utilisateurs peuvent choisir de se d\u00e9sinscrire \u00e0 tout moment en nous contactant au 1 (888) 274-ADRA (2372) ou en remplissant le formulaire appropri\u00e9 sur notre site Web.<\/p>\n<h3 class=\"fusion-responsive-typography-calculated\" data-fontsize=\"22\" data-lineheight=\"22px\">Contacter ADRA Canada concernant le fonctionnement du site Web<\/h3>\n<p>Si vous avez des questions sur les pratiques de ce site, veuillez contacter ADRA Canada<\/p>\n<p><strong>Par email:&nbsp;<\/strong><a href=\"mailto:info@adra.ca\">info@adra.ca<\/a><\/p>\n<p><strong>Par mail:<\/strong><br>ADRA Canada<br>20, rue Robert Ouest<br>Newcastle, Ontario<br>L1B 1C6<\/p>\n<p><strong>Par t\u00e9l\u00e9phone:<\/strong><br>Renseignements g\u00e9n\u00e9raux : 1 (888) 274-ADRA (2372)<\/p>\n<h3 class=\"fusion-responsive-typography-calculated\" data-fontsize=\"22\" data-lineheight=\"22px\">Utilisation des liens<\/h3>\n<p>Sur nos pages web, nous proposons des liens vers d&#039;autres serveurs susceptibles de contenir des informations int\u00e9ressantes pour nos lecteurs. Nous d\u00e9clinons toute responsabilit\u00e9 et n&#039;exer\u00e7ons aucun contr\u00f4le sur les organisations, les opinions ou l&#039;exactitude des informations contenues sur ces autres serveurs. La cr\u00e9ation d&#039;un lien texte depuis un autre site web vers notre site ne n\u00e9cessite aucune autorisation.<\/p>\n<h3 class=\"fusion-responsive-typography-calculated\" data-fontsize=\"22\" data-lineheight=\"22px\">Utilisation de texte et d&#039;images<\/h3>\n<p>Si vous souhaitez publier des informations trouv\u00e9es sur notre site web, veuillez envoyer votre demande \u00e0 StayInTouch@adra.ca. Lorsque du texte ou des images sont publi\u00e9s sur notre site avec l&#039;autorisation du d\u00e9tenteur des droits d&#039;auteur, une mention de droit d&#039;auteur appara\u00eet sur la page.<\/p>\t\t\t\t\t\t\t\t<\/div>\n\t\t\t\t<\/div>\n\t\t\t\t\t<\/div>\n\t\t<\/div>\n\t\t\t\t\t<\/div>\n\t\t<\/section>\n\t\t\t\t<\/div>","protected":false},"excerpt":{"rendered":"<p>Privacy &amp; Security Our Commitment ADRA Canada is committed to protecting the privacy of its donors, supporters, employees and other stakeholders. We value the trust of those we deal with, and of the public, and recognize that maintaining this trust requires that we be transparent and accountable in how we treat the personal information that [&hellip;]<\/p>\n","protected":false},"author":3,"featured_media":0,"parent":0,"menu_order":0,"comment_status":"closed","ping_status":"closed","template":"","meta":{"footnotes":""},"class_list":["post-90375","page","type-page","status-publish","hentry"],"_links":{"self":[{"href":"https:\/\/adra.ca\/fr\/wp-json\/wp\/v2\/pages\/90375","targetHints":{"allow":["GET"]}}],"collection":[{"href":"https:\/\/adra.ca\/fr\/wp-json\/wp\/v2\/pages"}],"about":[{"href":"https:\/\/adra.ca\/fr\/wp-json\/wp\/v2\/types\/page"}],"author":[{"embeddable":true,"href":"https:\/\/adra.ca\/fr\/wp-json\/wp\/v2\/users\/3"}],"replies":[{"embeddable":true,"href":"https:\/\/adra.ca\/fr\/wp-json\/wp\/v2\/comments?post=90375"}],"version-history":[{"count":0,"href":"https:\/\/adra.ca\/fr\/wp-json\/wp\/v2\/pages\/90375\/revisions"}],"wp:attachment":[{"href":"https:\/\/adra.ca\/fr\/wp-json\/wp\/v2\/media?parent=90375"}],"curies":[{"name":"wp","href":"https:\/\/api.w.org\/{rel}","templated":true}]}}