{"id":90381,"date":"2023-08-01T01:00:14","date_gmt":"2023-08-01T05:00:14","guid":{"rendered":"https:\/\/devsite.adra.ca\/?page_id=90381"},"modified":"2025-09-30T12:32:58","modified_gmt":"2025-09-30T16:32:58","slug":"terms-and-conditions","status":"publish","type":"page","link":"https:\/\/adra.ca\/fr\/terms-and-conditions\/","title":{"rendered":"Termes et conditions"},"content":{"rendered":"<div data-elementor-type=\"wp-page\" data-elementor-id=\"90381\" class=\"elementor elementor-90381\" data-elementor-post-type=\"page\">\n\t\t\t\t\t\t<section class=\"elementor-section elementor-top-section elementor-element elementor-element-e9564ad elementor-section-boxed elementor-section-height-default elementor-section-height-default\" data-id=\"e9564ad\" data-element_type=\"section\" data-e-type=\"section\">\n\t\t\t\t\t\t<div class=\"elementor-container elementor-column-gap-default\">\n\t\t\t\t\t<div class=\"elementor-column elementor-col-100 elementor-top-column elementor-element elementor-element-60c200e\" data-id=\"60c200e\" data-element_type=\"column\" data-e-type=\"column\">\n\t\t\t<div class=\"elementor-widget-wrap elementor-element-populated\">\n\t\t\t\t\t\t<div class=\"elementor-element elementor-element-be2fe46 e-transform elementor-widget elementor-widget-heading\" data-id=\"be2fe46\" data-element_type=\"widget\" data-e-type=\"widget\" data-settings=\"{&quot;_transform_rotateZ_effect&quot;:{&quot;unit&quot;:&quot;px&quot;,&quot;size&quot;:-3,&quot;sizes&quot;:[]},&quot;_transform_rotateZ_effect_tablet&quot;:{&quot;unit&quot;:&quot;deg&quot;,&quot;size&quot;:&quot;&quot;,&quot;sizes&quot;:[]},&quot;_transform_rotateZ_effect_mobile&quot;:{&quot;unit&quot;:&quot;deg&quot;,&quot;size&quot;:&quot;&quot;,&quot;sizes&quot;:[]}}\" data-widget_type=\"heading.default\">\n\t\t\t\t<div class=\"elementor-widget-container\">\n\t\t\t\t\t<h2 class=\"elementor-heading-title elementor-size-default\">termes et conditions<\/h2>\t\t\t\t<\/div>\n\t\t\t\t<\/div>\n\t\t\t\t<div class=\"elementor-element elementor-element-f450765 elementor-widget elementor-widget-text-editor\" data-id=\"f450765\" data-element_type=\"widget\" data-e-type=\"widget\" data-widget_type=\"text-editor.default\">\n\t\t\t\t<div class=\"elementor-widget-container\">\n\t\t\t\t\t\t\t\t\t<h3 data-fontsize=\"22\" data-lineheight=\"22px\">Notre engagement<\/h3>\n<p>ADRA Canada s&#039;engage \u00e0 prot\u00e9ger la vie priv\u00e9e de ses donateurs, sympathisants, employ\u00e9s et autres parties prenantes. Pour plus d&#039;informations sur les politiques de confidentialit\u00e9 d&#039;ADRA, veuillez consulter notre&nbsp;<a title=\"Confidentialit\u00e9 et s\u00e9curit\u00e9\" href=\"\/fr\/privacy\/\">D\u00e9claration de confidentialit\u00e9 et de s\u00e9curit\u00e9<\/a>.<\/p>\n<p data-pm-slice=\"1 1 []\">Votre don est symbolique et repr\u00e9sente une contribution \u00e0 l&#039;ensemble de la mission d&#039;ADRA. Au moins 90 % de tout don d\u00e9sign\u00e9 soutiendra directement le travail approuv\u00e9 par le Conseil dans ce domaine. Lorsqu&#039;un besoin ou un objectif de projet a \u00e9t\u00e9 satisfait, des fonds suppl\u00e9mentaires seront utilis\u00e9s dans les domaines qui en ont le plus besoin.<\/p>\n<h3 data-fontsize=\"22\" data-lineheight=\"22px\">Conditions d&#039;utilisation<\/h3>\n<p>Le contenu et les donn\u00e9es de ce site web, y compris les images, sont la propri\u00e9t\u00e9 d&#039;ADRA Canada et ne peuvent \u00eatre redistribu\u00e9s, copi\u00e9s ou modifi\u00e9s sans autorisation \u00e9crite expresse. Si vous souhaitez publier des informations trouv\u00e9es sur notre site web, veuillez envoyer votre demande \u00e0 <a href=\"mailto:StayInTouch@adra.ca\">StayInTouch@adra.ca<\/a>Lorsque du texte ou des images sont publi\u00e9s sur notre site avec l&#039;autorisation du d\u00e9tenteur des droits d&#039;auteur d&#039;origine, une d\u00e9claration de droits d&#039;auteur appara\u00eet sur la page.<\/p>\n<p>Sur nos pages web, nous proposons des liens vers d&#039;autres serveurs susceptibles de contenir des informations int\u00e9ressantes pour nos lecteurs. Nous d\u00e9clinons toute responsabilit\u00e9 et n&#039;exer\u00e7ons aucun contr\u00f4le sur les organisations, les opinions ou l&#039;exactitude des informations contenues sur ces autres serveurs. La cr\u00e9ation d&#039;un lien texte depuis un autre site web vers notre site ne n\u00e9cessite aucune autorisation.<\/p>\n<p>Il peut arriver que l&#039;information affich\u00e9e sur les sites web d&#039;ADRA Canada soit erron\u00e9e ou incompl\u00e8te. En utilisant ce site, vous acceptez de d\u00e9gager ADRA Canada de toute responsabilit\u00e9 pour tout dommage r\u00e9sultant de ces erreurs ou omissions.<\/p>\n<h3 data-fontsize=\"22\" data-lineheight=\"22px\">Contacter ADRA Canada concernant le fonctionnement du site Web<\/h3>\n<p>Si vous avez des questions sur les pratiques de ce site, veuillez contacter ADRA Canada<\/p>\n<p><strong>Par email<\/strong>: info@adra.ca<\/p>\n<p><strong>Par mail<\/strong>:<\/p>\n<p>ADRA Canada<br>20, rue Robert Ouest<br>Newcastle, Ontario L1B 1C6<\/p>\n<p><strong>Par t\u00e9l\u00e9phone<\/strong>: +1 (888) 274-ADRA (2372)<\/p>\t\t\t\t\t\t\t\t<\/div>\n\t\t\t\t<\/div>\n\t\t\t\t\t<\/div>\n\t\t<\/div>\n\t\t\t\t\t<\/div>\n\t\t<\/section>\n\t\t\t\t<\/div>","protected":false},"excerpt":{"rendered":"<p>Terms &amp; Conditions Our Commitment ADRA Canada is committed to protecting the privacy of its donors, supporters, employees, and other stakeholders.&nbsp; For more information on ADRA\u2019s privacy policies, please see our&nbsp;Privacy and Security Statement. Your donation is symbolic and represents a contribution to the entire mission of ADRA. At least 90 percent of any designated [&hellip;]<\/p>\n","protected":false},"author":3,"featured_media":0,"parent":0,"menu_order":0,"comment_status":"closed","ping_status":"closed","template":"","meta":{"footnotes":""},"class_list":["post-90381","page","type-page","status-publish","hentry"],"_links":{"self":[{"href":"https:\/\/adra.ca\/fr\/wp-json\/wp\/v2\/pages\/90381","targetHints":{"allow":["GET"]}}],"collection":[{"href":"https:\/\/adra.ca\/fr\/wp-json\/wp\/v2\/pages"}],"about":[{"href":"https:\/\/adra.ca\/fr\/wp-json\/wp\/v2\/types\/page"}],"author":[{"embeddable":true,"href":"https:\/\/adra.ca\/fr\/wp-json\/wp\/v2\/users\/3"}],"replies":[{"embeddable":true,"href":"https:\/\/adra.ca\/fr\/wp-json\/wp\/v2\/comments?post=90381"}],"version-history":[{"count":0,"href":"https:\/\/adra.ca\/fr\/wp-json\/wp\/v2\/pages\/90381\/revisions"}],"wp:attachment":[{"href":"https:\/\/adra.ca\/fr\/wp-json\/wp\/v2\/media?parent=90381"}],"curies":[{"name":"wp","href":"https:\/\/api.w.org\/{rel}","templated":true}]}}