{"id":90421,"date":"2023-08-01T01:41:07","date_gmt":"2023-08-01T05:41:07","guid":{"rendered":"https:\/\/devsite.adra.ca\/?page_id=90421"},"modified":"2023-08-01T01:42:04","modified_gmt":"2023-08-01T05:42:04","slug":"statement-on-stewardship","status":"publish","type":"page","link":"https:\/\/adra.ca\/fr\/statement-on-stewardship\/","title":{"rendered":"D\u00e9claration sur l&#039;intendance"},"content":{"rendered":"<div data-elementor-type=\"wp-page\" data-elementor-id=\"90421\" class=\"elementor elementor-90421\" data-elementor-post-type=\"page\">\n\t\t\t\t\t\t<section class=\"elementor-section elementor-top-section elementor-element elementor-element-f965ed0 elementor-section-boxed elementor-section-height-default elementor-section-height-default\" data-id=\"f965ed0\" data-element_type=\"section\" data-e-type=\"section\">\n\t\t\t\t\t\t<div class=\"elementor-container elementor-column-gap-default\">\n\t\t\t\t\t<div class=\"elementor-column elementor-col-100 elementor-top-column elementor-element elementor-element-130c403\" data-id=\"130c403\" data-element_type=\"column\" data-e-type=\"column\">\n\t\t\t<div class=\"elementor-widget-wrap elementor-element-populated\">\n\t\t\t\t\t\t<div class=\"elementor-element elementor-element-3d526fa e-transform elementor-widget elementor-widget-heading\" data-id=\"3d526fa\" data-element_type=\"widget\" data-e-type=\"widget\" data-settings=\"{&quot;_transform_rotateZ_effect&quot;:{&quot;unit&quot;:&quot;px&quot;,&quot;size&quot;:-3,&quot;sizes&quot;:[]},&quot;_transform_rotateZ_effect_tablet&quot;:{&quot;unit&quot;:&quot;deg&quot;,&quot;size&quot;:&quot;&quot;,&quot;sizes&quot;:[]},&quot;_transform_rotateZ_effect_mobile&quot;:{&quot;unit&quot;:&quot;deg&quot;,&quot;size&quot;:&quot;&quot;,&quot;sizes&quot;:[]}}\" data-widget_type=\"heading.default\">\n\t\t\t\t<div class=\"elementor-widget-container\">\n\t\t\t\t\t<h2 class=\"elementor-heading-title elementor-size-default\">D\u00e9claration sur l&#039;intendance<\/h2>\t\t\t\t<\/div>\n\t\t\t\t<\/div>\n\t\t\t\t<div class=\"elementor-element elementor-element-2a17100 elementor-widget elementor-widget-text-editor\" data-id=\"2a17100\" data-element_type=\"widget\" data-e-type=\"widget\" data-widget_type=\"text-editor.default\">\n\t\t\t\t<div class=\"elementor-widget-container\">\n\t\t\t\t\t\t\t\t\t<p>ADRA Canada estime que les ressources fournies \u00e0 l&#039;agence sont une fiducie n\u00e9cessitant une g\u00e9rance caract\u00e9ris\u00e9e par l&#039;int\u00e9grit\u00e9 et la diligence, et par cons\u00e9quent\u00a0:<\/p><ul><li>Aucune partie de la r\u00e9mun\u00e9ration des repr\u00e9sentants ou des consultants en mati\u00e8re d&#039;intendance ne sera bas\u00e9e sur des cadeaux re\u00e7us ou engag\u00e9s.<\/li><li>Si, de l&#039;avis d&#039;ADRA Canada et de ses repr\u00e9sentants, un don pourrait affecter de mani\u00e8re significative la situation financi\u00e8re ou les revenus du donateur ou pourrait nuire \u00e0 la relation du donateur avec les membres de sa famille, ADRA Canada conseillera et encouragera le donateur \u00e0 demander conseil \u00e0 un professionnel ind\u00e9pendant.<\/li><li>ADRA Canada fournira aux donateurs des informations compl\u00e8tes et \u00e0 jour concernant nos projets par le biais de divers m\u00e9dias.<\/li><li>Les dons destin\u00e9s au soutien d&#039;une activit\u00e9 ou d&#039;un objectif particulier seront utilis\u00e9s uniquement \u00e0 ces fins. Dans les cas o\u00f9 les dons d\u00e9passent ce qui est n\u00e9cessaire, ou lorsque les conditions locales emp\u00eachent la mise en \u0153uvre du programme, ADRA Canada redirigera les fonds vers des activit\u00e9s similaires.<\/li><li>ADRA Canada n&#039;acceptera pas de dons pour des projets ou des programmes qui ne font pas partie de la mission ou de la programmation d&#039;ADRA Canada telle qu&#039;approuv\u00e9e par le conseil d&#039;administration.<\/li><li>ADRA Canada fournira une formation aux repr\u00e9sentants pour assurer le respect de cette d\u00e9claration.<\/li><\/ul>\t\t\t\t\t\t\t\t<\/div>\n\t\t\t\t<\/div>\n\t\t\t\t\t<\/div>\n\t\t<\/div>\n\t\t\t\t\t<\/div>\n\t\t<\/section>\n\t\t\t\t<\/div>","protected":false},"excerpt":{"rendered":"<p>Statement on Stewardship ADRA Canada believes that resources provided to the agency are a trust requiring stewardship characterized by integrity and diligence, and therefore: No portion of the remuneration of any stewardship representatives or consultants will be based on received or committed gifts. If, in the opinion of ADRA Canada and its representatives, a gift [&hellip;]<\/p>\n","protected":false},"author":3,"featured_media":0,"parent":0,"menu_order":0,"comment_status":"closed","ping_status":"closed","template":"","meta":{"footnotes":""},"class_list":["post-90421","page","type-page","status-publish","hentry"],"_links":{"self":[{"href":"https:\/\/adra.ca\/fr\/wp-json\/wp\/v2\/pages\/90421","targetHints":{"allow":["GET"]}}],"collection":[{"href":"https:\/\/adra.ca\/fr\/wp-json\/wp\/v2\/pages"}],"about":[{"href":"https:\/\/adra.ca\/fr\/wp-json\/wp\/v2\/types\/page"}],"author":[{"embeddable":true,"href":"https:\/\/adra.ca\/fr\/wp-json\/wp\/v2\/users\/3"}],"replies":[{"embeddable":true,"href":"https:\/\/adra.ca\/fr\/wp-json\/wp\/v2\/comments?post=90421"}],"version-history":[{"count":0,"href":"https:\/\/adra.ca\/fr\/wp-json\/wp\/v2\/pages\/90421\/revisions"}],"wp:attachment":[{"href":"https:\/\/adra.ca\/fr\/wp-json\/wp\/v2\/media?parent=90421"}],"curies":[{"name":"wp","href":"https:\/\/api.w.org\/{rel}","templated":true}]}}