{"id":90426,"date":"2023-08-01T01:43:26","date_gmt":"2023-08-01T05:43:26","guid":{"rendered":"https:\/\/devsite.adra.ca\/?page_id=90426"},"modified":"2023-08-01T01:44:24","modified_gmt":"2023-08-01T05:44:24","slug":"policy-on-violence-and-sexual-harassment","status":"publish","type":"page","link":"https:\/\/adra.ca\/fr\/policy-on-violence-and-sexual-harassment\/","title":{"rendered":"Politique sur la violence et le harc\u00e8lement sexuel"},"content":{"rendered":"<div data-elementor-type=\"wp-page\" data-elementor-id=\"90426\" class=\"elementor elementor-90426\" data-elementor-post-type=\"page\">\n\t\t\t\t\t\t<section class=\"elementor-section elementor-top-section elementor-element elementor-element-fe129d3 elementor-section-boxed elementor-section-height-default elementor-section-height-default\" data-id=\"fe129d3\" data-element_type=\"section\" data-e-type=\"section\">\n\t\t\t\t\t\t<div class=\"elementor-container elementor-column-gap-default\">\n\t\t\t\t\t<div class=\"elementor-column elementor-col-100 elementor-top-column elementor-element elementor-element-2ede12f\" data-id=\"2ede12f\" data-element_type=\"column\" data-e-type=\"column\">\n\t\t\t<div class=\"elementor-widget-wrap elementor-element-populated\">\n\t\t\t\t\t\t<div class=\"elementor-element elementor-element-c210a62 e-transform elementor-widget elementor-widget-heading\" data-id=\"c210a62\" data-element_type=\"widget\" data-e-type=\"widget\" data-settings=\"{&quot;_transform_rotateZ_effect&quot;:{&quot;unit&quot;:&quot;px&quot;,&quot;size&quot;:-3,&quot;sizes&quot;:[]},&quot;_transform_rotateZ_effect_tablet&quot;:{&quot;unit&quot;:&quot;deg&quot;,&quot;size&quot;:&quot;&quot;,&quot;sizes&quot;:[]},&quot;_transform_rotateZ_effect_mobile&quot;:{&quot;unit&quot;:&quot;deg&quot;,&quot;size&quot;:&quot;&quot;,&quot;sizes&quot;:[]}}\" data-widget_type=\"heading.default\">\n\t\t\t\t<div class=\"elementor-widget-container\">\n\t\t\t\t\t<h2 class=\"elementor-heading-title elementor-size-default\">Politique sur la violence et le harc\u00e8lement sexuel<\/h2>\t\t\t\t<\/div>\n\t\t\t\t<\/div>\n\t\t\t\t<div class=\"elementor-element elementor-element-c755705 elementor-widget elementor-widget-text-editor\" data-id=\"c755705\" data-element_type=\"widget\" data-e-type=\"widget\" data-widget_type=\"text-editor.default\">\n\t\t\t\t<div class=\"elementor-widget-container\">\n\t\t\t\t\t\t\t\t\t<div class=\"fusion-text fusion-text-2\"><p>Les employ\u00e9s d&#039;ADRA Canada doivent donner l&#039;exemple d&#039;une vie semblable \u00e0 celle du Christ et doivent \u00e9viter toute apparence d&#039;acte r\u00e9pr\u00e9hensible, tant dans leur vie personnelle que dans le cadre de leur emploi chez ADRA Canada. Ils ne doivent pas adopter un comportement qui serait pr\u00e9judiciable \u00e0 eux-m\u00eames ou aux autres, ou qui jetterait une ombre sur leur d\u00e9vouement au mode de vie chr\u00e9tien. Les employ\u00e9s doivent se respecter et s\u2019encourager mutuellement. Les employ\u00e9s ne doivent jamais \u00eatre plac\u00e9s dans une position embarrassante, irrespectueuse ou harcel\u00e9e. Agir ainsi constituerait une violation de la loi de Dieu et des lois civiles prot\u00e9geant les droits de l&#039;homme et r\u00e9gissant la conduite sur le lieu de travail.<\/p><\/div><div class=\"fusion-text fusion-text-3\"><h3 class=\"fusion-responsive-typography-calculated\" data-fontsize=\"22\" data-lineheight=\"22px\">D\u00e9finitions\u00a0:<\/h3><p><strong>La violence au travail<\/strong>\u00a0est l&#039;exercice de la force physique par une personne contre un employ\u00e9, dans un lieu de travail, qui cause ou pourrait causer des blessures physiques \u00e0 l&#039;employ\u00e9. Cela comprend \u00e9galement une tentative d&#039;exercer une force physique contre un employ\u00e9 sur un lieu de travail, ce qui pourrait causer des blessures physiques\u00a0; et une d\u00e9claration ou un comportement qu&#039;un employ\u00e9 pourrait raisonnablement interpr\u00e9ter comme une menace d&#039;exercer une force physique contre l&#039;employ\u00e9, sur un lieu de travail, qui pourrait causer des blessures physiques.<\/p><p><strong>Harc\u00e8lement au travail<\/strong>\u00a0s&#039;engage dans une s\u00e9rie de commentaires ou de comportements vexatoires contre un travailleur dans un lieu de travail dont on sait ou devrait raisonnablement savoir qu&#039;il n&#039;est pas le bienvenu.<\/p><h3 class=\"fusion-responsive-typography-calculated\" data-fontsize=\"22\" data-lineheight=\"22px\">Le harc\u00e8lement sexuel au travail est :<\/h3><p>* S&#039;engager dans une s\u00e9rie de commentaires ou de conduite vexatoires contre un travailleur sur un lieu de travail en raison de son sexe, de son orientation sexuelle, de son identit\u00e9 de genre ou de son expression de genre, lorsque la s\u00e9rie de commentaires ou de conduite est connue ou devrait raisonnablement \u00eatre connue comme \u00e9tant importune, ou<\/p><p>* Faire une sollicitation ou une avance sexuelle lorsque la personne qui fait la sollicitation ou l&#039;avance est en mesure de conf\u00e9rer, d&#039;accorder ou de refuser un avantage ou un avancement au travailleur et que la personne sait ou devrait raisonnablement savoir que la sollicitation ou l&#039;avance n&#039;est pas la bienvenue.<\/p><p>Le harc\u00e8lement sexuel sur le lieu de travail comprend, sans s&#039;y limiter\u00a0: les avances sexuelles, les demandes de faveurs sexuelles et tout autre comportement verbal, visuel ou physique de nature sexuelle dont la personne qui fait la sollicitation ou l&#039;avance sait ou devrait raisonnablement savoir qu&#039;elle n&#039;est pas la bienvenue. Il est reconnu par tous qu&#039;un tel comportement pourrait \u00eatre per\u00e7u comme affectant la situation professionnelle d&#039;un individu. Un tel comportement constitue du harc\u00e8lement sexuel lorsque\u00a0:<\/p><ol><li>La soumission \u00e0 une telle conduite constitue, explicitement ou implicitement, une condition de l&#039;emploi d&#039;un individu\u00a0;<\/li><li>La soumission ou le rejet d&#039;un tel comportement par un individu est utilis\u00e9 comme base pour les d\u00e9cisions d&#039;emploi\u00a0;<\/li><li>Une telle conduite a pour but ou pour effet d&#039;interf\u00e9rer de mani\u00e8re d\u00e9raisonnable avec le rendement professionnel d&#039;un individu ou de cr\u00e9er un environnement de travail intimidant, hostile ou offensant\u00a0;<\/li><li>Lorsque des menaces ou des suggestions sont faites selon lesquelles l&#039;emploi, les promotions futures, les salaires, etc. d&#039;une personne d\u00e9pendent du fait que la personne se soumette ou non aux exigences sexuelles ou tol\u00e8re le harc\u00e8lement.<\/li><\/ol><p>Des exemples de conduite pouvant constituer du harc\u00e8lement sexuel comprennent, mais sans s&#039;y limiter, une conduite verbale, visuelle ou physique telle que\u00a0:<\/p><ol><li>Des propos \u00e0 caract\u00e8re sexuel importuns (ex. : blagues, taquineries, blagues, commentaires sexuels d\u00e9gradants ou offensants, tours \u00e0 caract\u00e8re sexuel, etc.),<\/li><li>Demandes ou pressions pour une activit\u00e9 sexuelle,<\/li><li>Attouchements inutiles ou inappropri\u00e9s \u00e0 caract\u00e8re sexuel ou abusif (ex. : tapotements, pincements, \u00e9treintes, fr\u00f4lements r\u00e9p\u00e9t\u00e9s contre le corps d&#039;une autre personne, etc.),<\/li><li>Comportement visuel inappropri\u00e9 qui cr\u00e9e de l&#039;embarras ou sugg\u00e8re un int\u00e9r\u00eat pour l&#039;activit\u00e9 sexuelle,<\/li><li>Suggestions, menaces ou demandes de faveurs sexuelles.<\/li><\/ol><h3 class=\"fusion-responsive-typography-calculated\" data-fontsize=\"22\" data-lineheight=\"22px\">Maintenir un environnement sans harc\u00e8lement<\/h3><p>ADRA Canada reconna\u00eet sa responsabilit\u00e9 envers tous les employ\u00e9s dans le maintien d&#039;un environnement exempt de harc\u00e8lement. Il s&#039;efforce d&#039;atteindre cet environnement de travail en informant les employ\u00e9s que le harc\u00e8lement viole la loi et est strictement interdit. ADRA Canada s&#039;efforce \u00e9galement de pr\u00e9venir le harc\u00e8lement en publiant cette politique, en \u00e9laborant des sanctions appropri\u00e9es en cas d&#039;inconduite et en informant tous les employ\u00e9s de leur droit de se plaindre de harc\u00e8lement.<\/p><p>Afin de maintenir un environnement de travail exempt de harc\u00e8lement et d&#039;aider \u00e0 pr\u00e9venir les comportements inappropri\u00e9s sur le lieu de travail, les mesures suivantes seront prises\u00a0:<\/p><ol><li>Chaque employ\u00e9 recevra une copie de cette politique sur le harc\u00e8lement et de la proc\u00e9dure de plainte.<\/li><li>Chaque employ\u00e9 accusera r\u00e9ception de cette politique et de la proc\u00e9dure de plainte qui seront conserv\u00e9es dans le dossier personnel de l&#039;employ\u00e9.<\/li><li>Le directeur g\u00e9n\u00e9ral est la personne d\u00e9sign\u00e9e \u00e0 qui les plaintes peuvent \u00eatre adress\u00e9es, en plus du directeur de service d&#039;un employ\u00e9.<\/li><li>Les employ\u00e9s qui d\u00e9posent des plaintes de harc\u00e8lement ne feront pas l&#039;objet de repr\u00e9sailles de la part de leurs superviseurs ou de leurs coll\u00e8gues.<\/li><\/ol><h3 class=\"fusion-responsive-typography-calculated\" data-fontsize=\"22\" data-lineheight=\"22px\">Signaler des incidents<\/h3><p>Le harc\u00e8lement sous quelque forme que ce soit ne sera pas tol\u00e9r\u00e9. Les employ\u00e9s qui pensent avoir \u00e9t\u00e9 harcel\u00e9s par des superviseurs, des coll\u00e8gues, des clients ou des non-employ\u00e9s doivent imm\u00e9diatement prendre les mesures suivantes\u00a0:<\/p><ol><li>Expliquez clairement qu&#039;un tel comportement est offensant et doit \u00eatre arr\u00eat\u00e9 imm\u00e9diatement.<\/li><li>Signalez l&#039;incident au superviseur imm\u00e9diat et au directeur g\u00e9n\u00e9ral. Une d\u00e9claration \u00e9crite d\u00e9crivant l&#039;incident et identifiant les t\u00e9moins potentiels doit suivre le rapport initial.<\/li><li>Pour la protection du plaignant, il est recommand\u00e9 qu&#039;il garde l&#039;incident aussi confidentiel que possible et dans le but d&#039;assurer une enqu\u00eate rapide. La personne \u00e0 qui la plainte est adress\u00e9e doit garder les informations re\u00e7ues confidentielles, sauf si cela est n\u00e9cessaire pour enqu\u00eater ou r\u00e9soudre le probl\u00e8me.<\/li><\/ol><h3 class=\"fusion-responsive-typography-calculated\" data-fontsize=\"22\" data-lineheight=\"22px\">Rapports de tiers<\/h3><p>Les employ\u00e9s qui sont au courant d&#039;incidents de harc\u00e8lement potentiel sur le lieu de travail doivent signaler ces incidents \u00e0 leur superviseur et au directeur g\u00e9n\u00e9ral aux fins d&#039;enqu\u00eate.<\/p><h3 class=\"fusion-responsive-typography-calculated\" data-fontsize=\"22\" data-lineheight=\"22px\">Enqu\u00eates<\/h3><p>Les plaintes de harc\u00e8lement doivent faire l&#039;objet d&#039;une enqu\u00eate rapide. L&#039;enqu\u00eate doit \u00eatre une v\u00e9ritable tentative d&#039;identification et de r\u00e9solution du probl\u00e8me. Le directeur ex\u00e9cutif doit commencer l&#039;enqu\u00eate sur toutes les plaintes de harc\u00e8lement. Un enqu\u00eateur form\u00e9 et impartial doit \u00eatre engag\u00e9 pour enqu\u00eater et pr\u00e9parer un rapport \u00e9crit sur le harc\u00e8lement pr\u00e9sum\u00e9. L&#039;enqu\u00eate doit inclure, au minimum, des entretiens confidentiels avec toutes les personnes impliqu\u00e9es et l&#039;obtention, si possible, de d\u00e9clarations \u00e9crites concernant le ou les incidents. L&#039;enqu\u00eate et les r\u00e9sultats doivent \u00eatre document\u00e9s par \u00e9crit.<\/p><p>La d\u00e9termination de savoir si une action particuli\u00e8re constitue ou non du harc\u00e8lement doit \u00eatre faite \u00e0 partir des faits au cas par cas. Pour d\u00e9terminer si la conduite all\u00e9gu\u00e9e constitue du harc\u00e8lement, le dossier dans son ensemble et la totalit\u00e9 des circonstances, y compris la nature de la conduite et le contexte dans lequel elle s&#039;est produite, doivent \u00eatre pris en compte. Le directeur ex\u00e9cutif doit examiner les r\u00e9sultats de l&#039;enqu\u00eate avec le plaignant et l&#039;employ\u00e9 accus\u00e9 et expliquer toute mesure corrective \u00e0 prendre. Les personnes impliqu\u00e9es doivent \u00eatre averties de maintenir la confidentialit\u00e9 de l&#039;enqu\u00eate et des r\u00e9sultats. La plainte et les informations individuelles ne seront pas divulgu\u00e9es \u00e0 moins que cela ne soit n\u00e9cessaire \u00e0 des fins d&#039;enqu\u00eate ou de prise de mesures correctives, ou autrement requis par la loi.<a href=\"https:\/\/adra.ca\/fr\/policies\/policy-on-violence-and-sexual-harassment\/#_ftnref1\" name=\"_ftn1\"><\/a><\/p><h3 class=\"fusion-responsive-typography-calculated\" data-fontsize=\"22\" data-lineheight=\"22px\">Action corrective<\/h3><p>Des mesures correctives rapides seront prises si l&#039;enqu\u00eate indique qu&#039;il y a eu du harc\u00e8lement. Selon la gravit\u00e9 de la conduite, les mesures correctives peuvent aller d&#039;un avertissement \u00e9crit (qui sera vers\u00e9 au dossier personnel de l&#039;employ\u00e9) jusqu&#039;au licenciement imm\u00e9diat. Si l&#039;enqu\u00eate indique qu&#039;il n&#039;y a pas eu de harc\u00e8lement en violation de cette politique, le plaignant et l&#039;employ\u00e9 accus\u00e9 doivent \u00eatre inform\u00e9s des r\u00e9sultats de l&#039;enqu\u00eate.<\/p><h3 class=\"fusion-responsive-typography-calculated\" data-fontsize=\"22\" data-lineheight=\"22px\">Pas de repr\u00e9sailles<\/h3><p>ADRA Canada interdit aux coll\u00e8gues de se venger, d&#039;intimider ou de harceler les employ\u00e9s qui se sont plaints de harc\u00e8lement.<\/p><h3 class=\"fusion-responsive-typography-calculated\" data-fontsize=\"22\" data-lineheight=\"22px\">All\u00e9gations malveillantes<\/h3><p>Bien qu&#039;ADRA Canada exhorte les individus \u00e0 signaler les all\u00e9gations de harc\u00e8lement, les all\u00e9gations malveillantes peuvent nuire irr\u00e9m\u00e9diablement \u00e0 la r\u00e9putation d&#039;un employ\u00e9 et limiter sa capacit\u00e9 \u00e0 assumer ses responsabilit\u00e9s. Les employ\u00e9s qui pr\u00e9sentent de fausses all\u00e9gations malveillantes et malveillantes de harc\u00e8lement seront soumis \u00e0 des mesures disciplinaires appropri\u00e9es.<\/p><h3 class=\"fusion-responsive-typography-calculated\" data-fontsize=\"22\" data-lineheight=\"22px\">Appel<\/h3><p>Un employ\u00e9 peut faire appel d&#039;une d\u00e9cision en se r\u00e9f\u00e9rant \u00e0 une proc\u00e9dure de conciliation (SDACC). Une demande d&#039;introduction d&#039;un appel peut \u00eatre faite, par \u00e9crit, dans les 15 jours ouvrables suivant la r\u00e9ception de l&#039;avis de la d\u00e9cision, au directeur ex\u00e9cutif\/pr\u00e9sident du conseil.<\/p><\/div>\t\t\t\t\t\t\t\t<\/div>\n\t\t\t\t<\/div>\n\t\t\t\t\t<\/div>\n\t\t<\/div>\n\t\t\t\t\t<\/div>\n\t\t<\/section>\n\t\t\t\t<\/div>","protected":false},"excerpt":{"rendered":"<p>Policy On Violence and Sexual Harassment Employees of ADRA Canada are to exemplify a Christ-like life and should avoid all appearance of wrongdoing, both within their personal lives, and within their employment with ADRA Canada. They should not engage in behaviour that is harmful to themselves or others, or casts a shadow on their dedication [&hellip;]<\/p>\n","protected":false},"author":3,"featured_media":0,"parent":0,"menu_order":0,"comment_status":"closed","ping_status":"closed","template":"","meta":{"footnotes":""},"class_list":["post-90426","page","type-page","status-publish","hentry"],"_links":{"self":[{"href":"https:\/\/adra.ca\/fr\/wp-json\/wp\/v2\/pages\/90426","targetHints":{"allow":["GET"]}}],"collection":[{"href":"https:\/\/adra.ca\/fr\/wp-json\/wp\/v2\/pages"}],"about":[{"href":"https:\/\/adra.ca\/fr\/wp-json\/wp\/v2\/types\/page"}],"author":[{"embeddable":true,"href":"https:\/\/adra.ca\/fr\/wp-json\/wp\/v2\/users\/3"}],"replies":[{"embeddable":true,"href":"https:\/\/adra.ca\/fr\/wp-json\/wp\/v2\/comments?post=90426"}],"version-history":[{"count":0,"href":"https:\/\/adra.ca\/fr\/wp-json\/wp\/v2\/pages\/90426\/revisions"}],"wp:attachment":[{"href":"https:\/\/adra.ca\/fr\/wp-json\/wp\/v2\/media?parent=90426"}],"curies":[{"name":"wp","href":"https:\/\/api.w.org\/{rel}","templated":true}]}}