{"id":178996,"date":"2025-08-22T13:22:37","date_gmt":"2025-08-22T17:22:37","guid":{"rendered":"https:\/\/adra.ca\/?post_type=product&#038;p=178996"},"modified":"2025-08-22T13:29:03","modified_gmt":"2025-08-22T17:29:03","slug":"plant-nursery-and-tools-for-environment-adaptive-farming","status":"publish","type":"product","link":"https:\/\/adra.ca\/fr\/produit\/plant-nursery-and-tools-for-environment-adaptive-farming\/","title":{"rendered":"P\u00e9pini\u00e8re et outils pour une agriculture adapt\u00e9e \u00e0 l&#039;environnement"},"content":{"rendered":"<div class=\"ewa-rteLine\">Gr\u00e2ce \u00e0 votre g\u00e9n\u00e9reux don, vous offrirez une p\u00e9pini\u00e8re et un kit de semences pour promouvoir la restauration des terres et une agriculture respectueuse de l&#039;environnement, avec des semences r\u00e9sistantes \u00e0 la s\u00e9cheresse, des r\u00e9servoirs d&#039;eau, des filets d&#039;ombrage, etc. Ce don contribuera \u00e0 reconstruire les \u00e9cosyst\u00e8mes et \u00e0 doter les agriculteurs des outils n\u00e9cessaires pour s&#039;adapter et prosp\u00e9rer dans des environnements difficiles.<\/div>","protected":false},"excerpt":{"rendered":"<p>Gr\u00e2ce \u00e0 votre g\u00e9n\u00e9reux don, vous offrirez une p\u00e9pini\u00e8re et un kit de semences pour promouvoir la restauration des terres et une agriculture respectueuse de l&#039;environnement, avec des semences r\u00e9sistantes \u00e0 la s\u00e9cheresse, des r\u00e9servoirs d&#039;eau, des filets d&#039;ombrage, etc. Ce don contribuera \u00e0 reconstruire les \u00e9cosyst\u00e8mes et \u00e0 doter les agriculteurs des outils n\u00e9cessaires pour s&#039;adapter et prosp\u00e9rer dans des environnements difficiles.<\/p>","protected":false},"featured_media":178999,"template":"","meta":{"wds_primary_product_brand":0,"wds_primary_product_cat":0},"product_brand":[],"product_cat":[211],"product_tag":[],"class_list":{"0":"post-178996","1":"product","2":"type-product","3":"status-publish","4":"has-post-thumbnail","6":"product_cat-agriculture","8":"first","9":"instock","10":"shipping-taxable","11":"purchasable","12":"product-type-simple"},"_links":{"self":[{"href":"https:\/\/adra.ca\/fr\/wp-json\/wp\/v2\/product\/178996","targetHints":{"allow":["GET"]}}],"collection":[{"href":"https:\/\/adra.ca\/fr\/wp-json\/wp\/v2\/product"}],"about":[{"href":"https:\/\/adra.ca\/fr\/wp-json\/wp\/v2\/types\/product"}],"wp:featuredmedia":[{"embeddable":true,"href":"https:\/\/adra.ca\/fr\/wp-json\/wp\/v2\/media\/178999"}],"wp:attachment":[{"href":"https:\/\/adra.ca\/fr\/wp-json\/wp\/v2\/media?parent=178996"}],"wp:term":[{"taxonomy":"product_brand","embeddable":true,"href":"https:\/\/adra.ca\/fr\/wp-json\/wp\/v2\/product_brand?post=178996"},{"taxonomy":"product_cat","embeddable":true,"href":"https:\/\/adra.ca\/fr\/wp-json\/wp\/v2\/product_cat?post=178996"},{"taxonomy":"product_tag","embeddable":true,"href":"https:\/\/adra.ca\/fr\/wp-json\/wp\/v2\/product_tag?post=178996"}],"curies":[{"name":"wp","href":"https:\/\/api.w.org\/{rel}","templated":true}]}}