{"id":179011,"date":"2025-08-22T13:37:59","date_gmt":"2025-08-22T17:37:59","guid":{"rendered":"https:\/\/adra.ca\/?post_type=product&#038;p=179011"},"modified":"2025-08-22T13:47:52","modified_gmt":"2025-08-22T17:47:52","slug":"empower-through-seeds","status":"publish","type":"product","link":"https:\/\/adra.ca\/fr\/produit\/empower-through-seeds\/","title":{"rendered":"Donner du pouvoir gr\u00e2ce aux graines"},"content":{"rendered":"<div class=\"ewa-rteLine\">Un don permet \u00e0 un m\u00e9nage d&#039;agriculteurs de recevoir un kit de semences contenant des semences de l\u00e9gumes nutritifs et r\u00e9sistantes \u00e0 la s\u00e9cheresse, ce qui permet aux familles de cultiver leurs propres aliments. Cela favorise une agriculture durable et respectueuse de l&#039;environnement, et favorise l&#039;autosuffisance alimentaire \u00e0 long terme.<\/div>","protected":false},"excerpt":{"rendered":"<p>Un don permet \u00e0 un m\u00e9nage d&#039;agriculteurs de recevoir un kit de semences contenant des semences de l\u00e9gumes nutritifs et r\u00e9sistantes \u00e0 la s\u00e9cheresse, ce qui permet aux familles de cultiver leurs propres aliments. Cela favorise une agriculture durable et respectueuse de l&#039;environnement, et favorise l&#039;autosuffisance alimentaire \u00e0 long terme.<\/p>","protected":false},"featured_media":179013,"template":"","meta":{"wds_primary_product_brand":0,"wds_primary_product_cat":0},"product_brand":[],"product_cat":[211],"product_tag":[],"class_list":{"0":"post-179011","1":"product","2":"type-product","3":"status-publish","4":"has-post-thumbnail","6":"product_cat-agriculture","8":"first","9":"instock","10":"shipping-taxable","11":"purchasable","12":"product-type-simple"},"_links":{"self":[{"href":"https:\/\/adra.ca\/fr\/wp-json\/wp\/v2\/product\/179011","targetHints":{"allow":["GET"]}}],"collection":[{"href":"https:\/\/adra.ca\/fr\/wp-json\/wp\/v2\/product"}],"about":[{"href":"https:\/\/adra.ca\/fr\/wp-json\/wp\/v2\/types\/product"}],"wp:featuredmedia":[{"embeddable":true,"href":"https:\/\/adra.ca\/fr\/wp-json\/wp\/v2\/media\/179013"}],"wp:attachment":[{"href":"https:\/\/adra.ca\/fr\/wp-json\/wp\/v2\/media?parent=179011"}],"wp:term":[{"taxonomy":"product_brand","embeddable":true,"href":"https:\/\/adra.ca\/fr\/wp-json\/wp\/v2\/product_brand?post=179011"},{"taxonomy":"product_cat","embeddable":true,"href":"https:\/\/adra.ca\/fr\/wp-json\/wp\/v2\/product_cat?post=179011"},{"taxonomy":"product_tag","embeddable":true,"href":"https:\/\/adra.ca\/fr\/wp-json\/wp\/v2\/product_tag?post=179011"}],"curies":[{"name":"wp","href":"https:\/\/api.w.org\/{rel}","templated":true}]}}