{"id":179016,"date":"2025-08-22T13:48:11","date_gmt":"2025-08-22T17:48:11","guid":{"rendered":"https:\/\/adra.ca\/?post_type=product&#038;p=179016"},"modified":"2025-08-22T14:08:47","modified_gmt":"2025-08-22T18:08:47","slug":"equip-farmers-with-a-conservation-agriculture","status":"publish","type":"product","link":"https:\/\/adra.ca\/fr\/produit\/equip-farmers-with-a-conservation-agriculture\/","title":{"rendered":"\u00c9quiper les agriculteurs d&#039;une agriculture de conservation"},"content":{"rendered":"<div class=\"ewa-rteLine\">Un don fournit des outils essentiels tels qu&#039;un ripper, un semoir zab et un sous-soleur \u00e0 traction animale ou manuelle, permettant aux agriculteurs de pr\u00e9parer plus facilement leurs terres, de planter efficacement et de cultiver des cultures plus saines, m\u00eame dans des conditions difficiles.<\/div>","protected":false},"excerpt":{"rendered":"<p>Un don fournit des outils essentiels tels qu&#039;un ripper, un semoir zab et un sous-soleur \u00e0 traction animale ou manuelle, permettant aux agriculteurs de pr\u00e9parer plus facilement leurs terres, de planter efficacement et de cultiver des cultures plus saines, m\u00eame dans des conditions difficiles.<\/p>","protected":false},"featured_media":179026,"template":"","meta":{"wds_primary_product_brand":0,"wds_primary_product_cat":0},"product_brand":[],"product_cat":[211],"product_tag":[],"class_list":{"0":"post-179016","1":"product","2":"type-product","3":"status-publish","4":"has-post-thumbnail","6":"product_cat-agriculture","8":"first","9":"instock","10":"shipping-taxable","11":"purchasable","12":"product-type-simple"},"_links":{"self":[{"href":"https:\/\/adra.ca\/fr\/wp-json\/wp\/v2\/product\/179016","targetHints":{"allow":["GET"]}}],"collection":[{"href":"https:\/\/adra.ca\/fr\/wp-json\/wp\/v2\/product"}],"about":[{"href":"https:\/\/adra.ca\/fr\/wp-json\/wp\/v2\/types\/product"}],"wp:featuredmedia":[{"embeddable":true,"href":"https:\/\/adra.ca\/fr\/wp-json\/wp\/v2\/media\/179026"}],"wp:attachment":[{"href":"https:\/\/adra.ca\/fr\/wp-json\/wp\/v2\/media?parent=179016"}],"wp:term":[{"taxonomy":"product_brand","embeddable":true,"href":"https:\/\/adra.ca\/fr\/wp-json\/wp\/v2\/product_brand?post=179016"},{"taxonomy":"product_cat","embeddable":true,"href":"https:\/\/adra.ca\/fr\/wp-json\/wp\/v2\/product_cat?post=179016"},{"taxonomy":"product_tag","embeddable":true,"href":"https:\/\/adra.ca\/fr\/wp-json\/wp\/v2\/product_tag?post=179016"}],"curies":[{"name":"wp","href":"https:\/\/api.w.org\/{rel}","templated":true}]}}