{"id":179032,"date":"2025-08-22T14:18:32","date_gmt":"2025-08-22T18:18:32","guid":{"rendered":"https:\/\/adra.ca\/?post_type=product&#038;p=179032"},"modified":"2025-08-22T14:23:04","modified_gmt":"2025-08-22T18:23:04","slug":"establish-a-community-based-seedbank","status":"publish","type":"product","link":"https:\/\/adra.ca\/fr\/produit\/establish-a-community-based-seedbank\/","title":{"rendered":"Cr\u00e9er une banque de semences communautaire"},"content":{"rendered":"<div class=\"ewa-rteLine\">Votre soutien aide \u00e0 \u00e9tablir une banque de semences communautaire, \u00e0 pr\u00e9server les semences locales et \u00e0 garantir aux communaut\u00e9s l\u2019acc\u00e8s \u00e0 des cultures diverses et r\u00e9silientes pour renforcer l\u2019acc\u00e8s \u00e0 une alimentation nutritive.<\/div>","protected":false},"excerpt":{"rendered":"<p>Votre soutien aide \u00e0 \u00e9tablir une banque de semences communautaire, \u00e0 pr\u00e9server les semences locales et \u00e0 garantir aux communaut\u00e9s l\u2019acc\u00e8s \u00e0 des cultures diverses et r\u00e9silientes pour renforcer l\u2019acc\u00e8s \u00e0 une alimentation nutritive.<\/p>","protected":false},"featured_media":179035,"template":"","meta":{"wds_primary_product_brand":0,"wds_primary_product_cat":0},"product_brand":[],"product_cat":[211],"product_tag":[],"class_list":{"0":"post-179032","1":"product","2":"type-product","3":"status-publish","4":"has-post-thumbnail","6":"product_cat-agriculture","8":"first","9":"instock","10":"shipping-taxable","11":"purchasable","12":"product-type-simple"},"_links":{"self":[{"href":"https:\/\/adra.ca\/fr\/wp-json\/wp\/v2\/product\/179032","targetHints":{"allow":["GET"]}}],"collection":[{"href":"https:\/\/adra.ca\/fr\/wp-json\/wp\/v2\/product"}],"about":[{"href":"https:\/\/adra.ca\/fr\/wp-json\/wp\/v2\/types\/product"}],"wp:featuredmedia":[{"embeddable":true,"href":"https:\/\/adra.ca\/fr\/wp-json\/wp\/v2\/media\/179035"}],"wp:attachment":[{"href":"https:\/\/adra.ca\/fr\/wp-json\/wp\/v2\/media?parent=179032"}],"wp:term":[{"taxonomy":"product_brand","embeddable":true,"href":"https:\/\/adra.ca\/fr\/wp-json\/wp\/v2\/product_brand?post=179032"},{"taxonomy":"product_cat","embeddable":true,"href":"https:\/\/adra.ca\/fr\/wp-json\/wp\/v2\/product_cat?post=179032"},{"taxonomy":"product_tag","embeddable":true,"href":"https:\/\/adra.ca\/fr\/wp-json\/wp\/v2\/product_tag?post=179032"}],"curies":[{"name":"wp","href":"https:\/\/api.w.org\/{rel}","templated":true}]}}