{"id":179037,"date":"2025-08-22T14:25:24","date_gmt":"2025-08-22T18:25:24","guid":{"rendered":"https:\/\/adra.ca\/?post_type=product&#038;p=179037"},"modified":"2025-08-26T09:30:41","modified_gmt":"2025-08-26T13:30:41","slug":"grow-futures-with-a-plant-nursery","status":"publish","type":"product","link":"https:\/\/adra.ca\/fr\/produit\/grow-futures-with-a-plant-nursery\/","title":{"rendered":"Cultivez l&#039;avenir avec une p\u00e9pini\u00e8re"},"content":{"rendered":"<div class=\"ewa-rteLine\">Votre g\u00e9n\u00e9reux don contribue \u00e0 la cr\u00e9ation d&#039;une p\u00e9pini\u00e8re en fournissant du mat\u00e9riel essentiel comme un r\u00e9servoir d&#039;eau, des tuyaux, des filets d&#039;ombrage, du mat\u00e9riel de rempotage et des semences. Ce soutien permet aux communaut\u00e9s de cultiver des plants d&#039;arbres pour la restauration des terres, l&#039;am\u00e9lioration de la biodiversit\u00e9 et l&#039;autosuffisance \u00e0 long terme. Votre don permet \u00e9galement aux familles d&#039;obtenir des aliments frais et des revenus durables.<\/div>","protected":false},"excerpt":{"rendered":"<p>Votre g\u00e9n\u00e9reux don contribue \u00e0 la cr\u00e9ation d&#039;une p\u00e9pini\u00e8re en fournissant du mat\u00e9riel essentiel comme un r\u00e9servoir d&#039;eau, des tuyaux, des filets d&#039;ombrage, du mat\u00e9riel de rempotage et des semences. Ce soutien permet aux communaut\u00e9s de cultiver des plants d&#039;arbres pour la restauration des terres, l&#039;am\u00e9lioration de la biodiversit\u00e9 et l&#039;autosuffisance \u00e0 long terme. Votre don permet \u00e9galement aux familles d&#039;obtenir des aliments frais et des revenus durables.<\/p>","protected":false},"featured_media":179038,"template":"","meta":{"wds_primary_product_brand":0,"wds_primary_product_cat":0},"product_brand":[],"product_cat":[211],"product_tag":[],"class_list":{"0":"post-179037","1":"product","2":"type-product","3":"status-publish","4":"has-post-thumbnail","6":"product_cat-agriculture","8":"first","9":"instock","10":"shipping-taxable","11":"purchasable","12":"product-type-simple"},"_links":{"self":[{"href":"https:\/\/adra.ca\/fr\/wp-json\/wp\/v2\/product\/179037","targetHints":{"allow":["GET"]}}],"collection":[{"href":"https:\/\/adra.ca\/fr\/wp-json\/wp\/v2\/product"}],"about":[{"href":"https:\/\/adra.ca\/fr\/wp-json\/wp\/v2\/types\/product"}],"wp:featuredmedia":[{"embeddable":true,"href":"https:\/\/adra.ca\/fr\/wp-json\/wp\/v2\/media\/179038"}],"wp:attachment":[{"href":"https:\/\/adra.ca\/fr\/wp-json\/wp\/v2\/media?parent=179037"}],"wp:term":[{"taxonomy":"product_brand","embeddable":true,"href":"https:\/\/adra.ca\/fr\/wp-json\/wp\/v2\/product_brand?post=179037"},{"taxonomy":"product_cat","embeddable":true,"href":"https:\/\/adra.ca\/fr\/wp-json\/wp\/v2\/product_cat?post=179037"},{"taxonomy":"product_tag","embeddable":true,"href":"https:\/\/adra.ca\/fr\/wp-json\/wp\/v2\/product_tag?post=179037"}],"curies":[{"name":"wp","href":"https:\/\/api.w.org\/{rel}","templated":true}]}}