{"id":179042,"date":"2025-08-22T14:29:25","date_gmt":"2025-08-22T18:29:25","guid":{"rendered":"https:\/\/adra.ca\/?post_type=product&#038;p=179042"},"modified":"2025-08-22T14:31:46","modified_gmt":"2025-08-22T18:31:46","slug":"grow-hope-year-round-with-a-polyhouse","status":"publish","type":"product","link":"https:\/\/adra.ca\/fr\/produit\/grow-hope-year-round-with-a-polyhouse\/","title":{"rendered":"Cultivez l&#039;espoir toute l&#039;ann\u00e9e avec une serre en poly\u00e9thyl\u00e8ne"},"content":{"rendered":"<div class=\"ewa-rteLine\">Un don permet aux agriculteurs de disposer d&#039;une serre en poly\u00e9thyl\u00e8ne, une structure de protection qui permet la production de l\u00e9gumes hors saison, aidant ainsi les familles \u00e0 cultiver des produits frais toute l&#039;ann\u00e9e.<\/div>","protected":false},"excerpt":{"rendered":"<p>Un don permet aux agriculteurs de disposer d&#039;une serre en poly\u00e9thyl\u00e8ne, une structure de protection qui permet la production de l\u00e9gumes hors saison, aidant ainsi les familles \u00e0 cultiver des produits frais toute l&#039;ann\u00e9e.<\/p>","protected":false},"featured_media":179045,"template":"","meta":{"wds_primary_product_brand":0,"wds_primary_product_cat":0},"product_brand":[],"product_cat":[211],"product_tag":[],"class_list":{"0":"post-179042","1":"product","2":"type-product","3":"status-publish","4":"has-post-thumbnail","6":"product_cat-agriculture","8":"first","9":"instock","10":"shipping-taxable","11":"purchasable","12":"product-type-simple"},"_links":{"self":[{"href":"https:\/\/adra.ca\/fr\/wp-json\/wp\/v2\/product\/179042","targetHints":{"allow":["GET"]}}],"collection":[{"href":"https:\/\/adra.ca\/fr\/wp-json\/wp\/v2\/product"}],"about":[{"href":"https:\/\/adra.ca\/fr\/wp-json\/wp\/v2\/types\/product"}],"wp:featuredmedia":[{"embeddable":true,"href":"https:\/\/adra.ca\/fr\/wp-json\/wp\/v2\/media\/179045"}],"wp:attachment":[{"href":"https:\/\/adra.ca\/fr\/wp-json\/wp\/v2\/media?parent=179042"}],"wp:term":[{"taxonomy":"product_brand","embeddable":true,"href":"https:\/\/adra.ca\/fr\/wp-json\/wp\/v2\/product_brand?post=179042"},{"taxonomy":"product_cat","embeddable":true,"href":"https:\/\/adra.ca\/fr\/wp-json\/wp\/v2\/product_cat?post=179042"},{"taxonomy":"product_tag","embeddable":true,"href":"https:\/\/adra.ca\/fr\/wp-json\/wp\/v2\/product_tag?post=179042"}],"curies":[{"name":"wp","href":"https:\/\/api.w.org\/{rel}","templated":true}]}}