{"id":179049,"date":"2025-08-22T14:32:53","date_gmt":"2025-08-22T18:32:53","guid":{"rendered":"https:\/\/adra.ca\/?post_type=product&#038;p=179049"},"modified":"2025-08-22T14:40:22","modified_gmt":"2025-08-22T18:40:22","slug":"kickstart-a-kitchen-gardening-smart-starter-kit","status":"publish","type":"product","link":"https:\/\/adra.ca\/fr\/produit\/kickstart-a-kitchen-gardening-smart-starter-kit\/","title":{"rendered":"Lancez un kit de d\u00e9marrage intelligent pour le jardinage en cuisine"},"content":{"rendered":"<div class=\"ewa-rteLine\">Un don permet de fournir un kit de d\u00e9marrage pour le potager intelligent, comprenant des filets d&#039;ombrage, des outils d&#039;irrigation et des semences, permettant aux familles de cultiver leurs propres l\u00e9gumes dans leur jardin. Ce don permet aux familles de bien manger, d&#039;\u00e9conomiser de l&#039;argent et de prendre le contr\u00f4le de leurs repas quotidiens.<\/div>","protected":false},"excerpt":{"rendered":"<p>Un don permet de fournir un kit de d\u00e9marrage pour le potager intelligent, comprenant des filets d&#039;ombrage, des outils d&#039;irrigation et des semences, permettant aux familles de cultiver leurs propres l\u00e9gumes dans leur jardin. Ce don permet aux familles de bien manger, d&#039;\u00e9conomiser de l&#039;argent et de prendre le contr\u00f4le de leurs repas quotidiens.<\/p>","protected":false},"featured_media":179055,"template":"","meta":{"wds_primary_product_brand":0,"wds_primary_product_cat":0},"product_brand":[],"product_cat":[211],"product_tag":[],"class_list":{"0":"post-179049","1":"product","2":"type-product","3":"status-publish","4":"has-post-thumbnail","6":"product_cat-agriculture","8":"first","9":"instock","10":"shipping-taxable","11":"purchasable","12":"product-type-simple"},"_links":{"self":[{"href":"https:\/\/adra.ca\/fr\/wp-json\/wp\/v2\/product\/179049","targetHints":{"allow":["GET"]}}],"collection":[{"href":"https:\/\/adra.ca\/fr\/wp-json\/wp\/v2\/product"}],"about":[{"href":"https:\/\/adra.ca\/fr\/wp-json\/wp\/v2\/types\/product"}],"wp:featuredmedia":[{"embeddable":true,"href":"https:\/\/adra.ca\/fr\/wp-json\/wp\/v2\/media\/179055"}],"wp:attachment":[{"href":"https:\/\/adra.ca\/fr\/wp-json\/wp\/v2\/media?parent=179049"}],"wp:term":[{"taxonomy":"product_brand","embeddable":true,"href":"https:\/\/adra.ca\/fr\/wp-json\/wp\/v2\/product_brand?post=179049"},{"taxonomy":"product_cat","embeddable":true,"href":"https:\/\/adra.ca\/fr\/wp-json\/wp\/v2\/product_cat?post=179049"},{"taxonomy":"product_tag","embeddable":true,"href":"https:\/\/adra.ca\/fr\/wp-json\/wp\/v2\/product_tag?post=179049"}],"curies":[{"name":"wp","href":"https:\/\/api.w.org\/{rel}","templated":true}]}}