{"id":179058,"date":"2025-08-22T14:41:07","date_gmt":"2025-08-22T18:41:07","guid":{"rendered":"https:\/\/adra.ca\/?post_type=product&#038;p=179058"},"modified":"2025-08-22T14:45:24","modified_gmt":"2025-08-22T18:45:24","slug":"provide-a-community-garden","status":"publish","type":"product","link":"https:\/\/adra.ca\/fr\/produit\/provide-a-community-garden\/","title":{"rendered":"Fournir un jardin communautaire"},"content":{"rendered":"<div class=\"ewa-rteLine\">Votre don contribue \u00e0 la cr\u00e9ation d&#039;un jardin communautaire au Canada. Il comprendra des semences, de la terre, des outils de jardinage, des ateliers de formation et bien plus encore. Ce don offre un espace partag\u00e9 o\u00f9 les voisins peuvent se r\u00e9unir pour cultiver des aliments frais, acqu\u00e9rir de nouvelles comp\u00e9tences et s&#039;entraider en toute saison.<\/div>","protected":false},"excerpt":{"rendered":"<p>Votre don contribue \u00e0 la cr\u00e9ation d&#039;un jardin communautaire au Canada. Il comprendra des semences, de la terre, des outils de jardinage, des ateliers de formation et bien plus encore. Ce don offre un espace partag\u00e9 o\u00f9 les voisins peuvent se r\u00e9unir pour cultiver des aliments frais, acqu\u00e9rir de nouvelles comp\u00e9tences et s&#039;entraider en toute saison.<\/p>","protected":false},"featured_media":179060,"template":"","meta":{"wds_primary_product_brand":0,"wds_primary_product_cat":0},"product_brand":[],"product_cat":[211],"product_tag":[],"class_list":{"0":"post-179058","1":"product","2":"type-product","3":"status-publish","4":"has-post-thumbnail","6":"product_cat-agriculture","8":"first","9":"instock","10":"shipping-taxable","11":"purchasable","12":"product-type-simple"},"_links":{"self":[{"href":"https:\/\/adra.ca\/fr\/wp-json\/wp\/v2\/product\/179058","targetHints":{"allow":["GET"]}}],"collection":[{"href":"https:\/\/adra.ca\/fr\/wp-json\/wp\/v2\/product"}],"about":[{"href":"https:\/\/adra.ca\/fr\/wp-json\/wp\/v2\/types\/product"}],"wp:featuredmedia":[{"embeddable":true,"href":"https:\/\/adra.ca\/fr\/wp-json\/wp\/v2\/media\/179060"}],"wp:attachment":[{"href":"https:\/\/adra.ca\/fr\/wp-json\/wp\/v2\/media?parent=179058"}],"wp:term":[{"taxonomy":"product_brand","embeddable":true,"href":"https:\/\/adra.ca\/fr\/wp-json\/wp\/v2\/product_brand?post=179058"},{"taxonomy":"product_cat","embeddable":true,"href":"https:\/\/adra.ca\/fr\/wp-json\/wp\/v2\/product_cat?post=179058"},{"taxonomy":"product_tag","embeddable":true,"href":"https:\/\/adra.ca\/fr\/wp-json\/wp\/v2\/product_tag?post=179058"}],"curies":[{"name":"wp","href":"https:\/\/api.w.org\/{rel}","templated":true}]}}