{"id":182387,"date":"2025-08-25T11:00:39","date_gmt":"2025-08-25T15:00:39","guid":{"rendered":"https:\/\/adra.ca\/?post_type=product&#038;p=182387"},"modified":"2025-08-25T11:05:06","modified_gmt":"2025-08-25T15:05:06","slug":"empower-communities-with-a-solar-water-pump","status":"publish","type":"product","link":"https:\/\/adra.ca\/fr\/produit\/empower-communities-with-a-solar-water-pump\/","title":{"rendered":"Donnez du pouvoir aux communaut\u00e9s avec une pompe \u00e0 eau solaire"},"content":{"rendered":"<div class=\"ewa-rteLine\">Votre g\u00e9n\u00e9reuse contribution permet de fournir une pompe solaire qui profite \u00e0 10 m\u00e9nages, facilitant l&#039;acc\u00e8s \u00e0 l&#039;eau potable, \u00e0 l&#039;hygi\u00e8ne et \u00e0 l&#039;agriculture.<\/div>","protected":false},"excerpt":{"rendered":"<p>Votre g\u00e9n\u00e9reuse contribution permet de fournir une pompe solaire qui profite \u00e0 10 m\u00e9nages, facilitant l&#039;acc\u00e8s \u00e0 l&#039;eau potable, \u00e0 l&#039;hygi\u00e8ne et \u00e0 l&#039;agriculture.<\/p>","protected":false},"featured_media":182389,"template":"","meta":{"wds_primary_product_brand":0,"wds_primary_product_cat":0},"product_brand":[],"product_cat":[229],"product_tag":[],"class_list":{"0":"post-182387","1":"product","2":"type-product","3":"status-publish","4":"has-post-thumbnail","6":"product_cat-water-and-sanitation","8":"first","9":"instock","10":"shipping-taxable","11":"purchasable","12":"product-type-simple"},"_links":{"self":[{"href":"https:\/\/adra.ca\/fr\/wp-json\/wp\/v2\/product\/182387","targetHints":{"allow":["GET"]}}],"collection":[{"href":"https:\/\/adra.ca\/fr\/wp-json\/wp\/v2\/product"}],"about":[{"href":"https:\/\/adra.ca\/fr\/wp-json\/wp\/v2\/types\/product"}],"wp:featuredmedia":[{"embeddable":true,"href":"https:\/\/adra.ca\/fr\/wp-json\/wp\/v2\/media\/182389"}],"wp:attachment":[{"href":"https:\/\/adra.ca\/fr\/wp-json\/wp\/v2\/media?parent=182387"}],"wp:term":[{"taxonomy":"product_brand","embeddable":true,"href":"https:\/\/adra.ca\/fr\/wp-json\/wp\/v2\/product_brand?post=182387"},{"taxonomy":"product_cat","embeddable":true,"href":"https:\/\/adra.ca\/fr\/wp-json\/wp\/v2\/product_cat?post=182387"},{"taxonomy":"product_tag","embeddable":true,"href":"https:\/\/adra.ca\/fr\/wp-json\/wp\/v2\/product_tag?post=182387"}],"curies":[{"name":"wp","href":"https:\/\/api.w.org\/{rel}","templated":true}]}}