{"id":182409,"date":"2025-08-25T11:33:06","date_gmt":"2025-08-25T15:33:06","guid":{"rendered":"https:\/\/adra.ca\/?post_type=product&#038;p=182409"},"modified":"2025-08-25T11:35:23","modified_gmt":"2025-08-25T15:35:23","slug":"water-filter-and-smart-irrigation-sets","status":"publish","type":"product","link":"https:\/\/adra.ca\/fr\/produit\/water-filter-and-smart-irrigation-sets\/","title":{"rendered":"Ensembles de filtres \u00e0 eau et d&#039;irrigation intelligents"},"content":{"rendered":"<div class=\"ewa-rteLine\">Vous pouvez contribuer \u00e0 fournir un acc\u00e8s \u00e0 l\u2019eau potable pour boire et cultiver des aliments en fournissant un filtre \u00e0 eau et un ensemble d\u2019irrigation goutte \u00e0 goutte, r\u00e9pondant ainsi aux besoins urgents d\u2019aujourd\u2019hui tout en construisant un avenir plus r\u00e9silient.<\/div>","protected":false},"excerpt":{"rendered":"<p>Vous pouvez contribuer \u00e0 fournir un acc\u00e8s \u00e0 l\u2019eau potable pour boire et cultiver des aliments en fournissant un filtre \u00e0 eau et un ensemble d\u2019irrigation goutte \u00e0 goutte, r\u00e9pondant ainsi aux besoins urgents d\u2019aujourd\u2019hui tout en construisant un avenir plus r\u00e9silient.<\/p>","protected":false},"featured_media":182413,"template":"","meta":{"wds_primary_product_brand":0,"wds_primary_product_cat":0},"product_brand":[],"product_cat":[229],"product_tag":[],"class_list":{"0":"post-182409","1":"product","2":"type-product","3":"status-publish","4":"has-post-thumbnail","6":"product_cat-water-and-sanitation","8":"first","9":"instock","10":"shipping-taxable","11":"purchasable","12":"product-type-simple"},"_links":{"self":[{"href":"https:\/\/adra.ca\/fr\/wp-json\/wp\/v2\/product\/182409","targetHints":{"allow":["GET"]}}],"collection":[{"href":"https:\/\/adra.ca\/fr\/wp-json\/wp\/v2\/product"}],"about":[{"href":"https:\/\/adra.ca\/fr\/wp-json\/wp\/v2\/types\/product"}],"wp:featuredmedia":[{"embeddable":true,"href":"https:\/\/adra.ca\/fr\/wp-json\/wp\/v2\/media\/182413"}],"wp:attachment":[{"href":"https:\/\/adra.ca\/fr\/wp-json\/wp\/v2\/media?parent=182409"}],"wp:term":[{"taxonomy":"product_brand","embeddable":true,"href":"https:\/\/adra.ca\/fr\/wp-json\/wp\/v2\/product_brand?post=182409"},{"taxonomy":"product_cat","embeddable":true,"href":"https:\/\/adra.ca\/fr\/wp-json\/wp\/v2\/product_cat?post=182409"},{"taxonomy":"product_tag","embeddable":true,"href":"https:\/\/adra.ca\/fr\/wp-json\/wp\/v2\/product_tag?post=182409"}],"curies":[{"name":"wp","href":"https:\/\/api.w.org\/{rel}","templated":true}]}}