{"id":182418,"date":"2025-08-25T11:41:51","date_gmt":"2025-08-25T15:41:51","guid":{"rendered":"https:\/\/adra.ca\/?post_type=product&#038;p=182418"},"modified":"2026-03-25T14:46:33","modified_gmt":"2026-03-25T18:46:33","slug":"provide-a-drip-irrigation-set","status":"publish","type":"product","link":"https:\/\/adra.ca\/fr\/produit\/provide-a-drip-irrigation-set\/","title":{"rendered":"Fournir un ensemble d&#039;irrigation goutte \u00e0 goutte"},"content":{"rendered":"<div class=\"ewa-rteLine\">Votre don permet aux agriculteurs de b\u00e9n\u00e9ficier d&#039;un syst\u00e8me d&#039;irrigation goutte \u00e0 goutte optimisant l&#039;efficacit\u00e9 de l&#039;eau. Cette solution durable favorise des cultures plus saines, augmente les rendements et soutient les communaut\u00e9s confront\u00e9es \u00e0 la p\u00e9nurie d&#039;eau.<\/div>","protected":false},"excerpt":{"rendered":"<p>Votre don permet aux agriculteurs de b\u00e9n\u00e9ficier d&#039;un syst\u00e8me d&#039;irrigation goutte \u00e0 goutte optimisant l&#039;efficacit\u00e9 de l&#039;eau. Cette solution durable favorise des cultures plus saines, augmente les rendements et soutient les communaut\u00e9s confront\u00e9es \u00e0 la p\u00e9nurie d&#039;eau.<\/p>","protected":false},"featured_media":182419,"template":"","meta":{"wds_primary_product_brand":0,"wds_primary_product_cat":0},"product_brand":[],"product_cat":[229],"product_tag":[],"class_list":{"0":"post-182418","1":"product","2":"type-product","3":"status-publish","4":"has-post-thumbnail","6":"product_cat-water-and-sanitation","8":"first","9":"instock","10":"featured","11":"shipping-taxable","12":"purchasable","13":"product-type-simple"},"_links":{"self":[{"href":"https:\/\/adra.ca\/fr\/wp-json\/wp\/v2\/product\/182418","targetHints":{"allow":["GET"]}}],"collection":[{"href":"https:\/\/adra.ca\/fr\/wp-json\/wp\/v2\/product"}],"about":[{"href":"https:\/\/adra.ca\/fr\/wp-json\/wp\/v2\/types\/product"}],"wp:featuredmedia":[{"embeddable":true,"href":"https:\/\/adra.ca\/fr\/wp-json\/wp\/v2\/media\/182419"}],"wp:attachment":[{"href":"https:\/\/adra.ca\/fr\/wp-json\/wp\/v2\/media?parent=182418"}],"wp:term":[{"taxonomy":"product_brand","embeddable":true,"href":"https:\/\/adra.ca\/fr\/wp-json\/wp\/v2\/product_brand?post=182418"},{"taxonomy":"product_cat","embeddable":true,"href":"https:\/\/adra.ca\/fr\/wp-json\/wp\/v2\/product_cat?post=182418"},{"taxonomy":"product_tag","embeddable":true,"href":"https:\/\/adra.ca\/fr\/wp-json\/wp\/v2\/product_tag?post=182418"}],"curies":[{"name":"wp","href":"https:\/\/api.w.org\/{rel}","templated":true}]}}