{"id":182422,"date":"2025-08-25T11:47:31","date_gmt":"2025-08-25T15:47:31","guid":{"rendered":"https:\/\/adra.ca\/?post_type=product&#038;p=182422"},"modified":"2025-08-25T11:51:17","modified_gmt":"2025-08-25T15:51:17","slug":"promote-health-and-dignity-with-hygiene-kits","status":"publish","type":"product","link":"https:\/\/adra.ca\/fr\/produit\/promote-health-and-dignity-with-hygiene-kits\/","title":{"rendered":"Promouvoir la sant\u00e9 et la dignit\u00e9 avec des kits d&#039;hygi\u00e8ne"},"content":{"rendered":"<div class=\"ewa-rteLine\">Votre don fournit des kits d&#039;hygi\u00e8ne r\u00e9utilisables remplis d&#039;articles essentiels, notamment du savon, du dentifrice et plus encore, aidant les familles \u00e0 se prot\u00e9ger des maladies \u00e9vitables.<\/div>","protected":false},"excerpt":{"rendered":"<p>Votre don fournit des kits d&#039;hygi\u00e8ne r\u00e9utilisables remplis d&#039;articles essentiels, notamment du savon, du dentifrice et plus encore, aidant les familles \u00e0 se prot\u00e9ger des maladies \u00e9vitables.<\/p>","protected":false},"featured_media":182426,"template":"","meta":{"wds_primary_product_brand":0,"wds_primary_product_cat":0},"product_brand":[],"product_cat":[229],"product_tag":[],"class_list":{"0":"post-182422","1":"product","2":"type-product","3":"status-publish","4":"has-post-thumbnail","6":"product_cat-water-and-sanitation","8":"first","9":"instock","10":"shipping-taxable","11":"purchasable","12":"product-type-simple"},"_links":{"self":[{"href":"https:\/\/adra.ca\/fr\/wp-json\/wp\/v2\/product\/182422","targetHints":{"allow":["GET"]}}],"collection":[{"href":"https:\/\/adra.ca\/fr\/wp-json\/wp\/v2\/product"}],"about":[{"href":"https:\/\/adra.ca\/fr\/wp-json\/wp\/v2\/types\/product"}],"wp:featuredmedia":[{"embeddable":true,"href":"https:\/\/adra.ca\/fr\/wp-json\/wp\/v2\/media\/182426"}],"wp:attachment":[{"href":"https:\/\/adra.ca\/fr\/wp-json\/wp\/v2\/media?parent=182422"}],"wp:term":[{"taxonomy":"product_brand","embeddable":true,"href":"https:\/\/adra.ca\/fr\/wp-json\/wp\/v2\/product_brand?post=182422"},{"taxonomy":"product_cat","embeddable":true,"href":"https:\/\/adra.ca\/fr\/wp-json\/wp\/v2\/product_cat?post=182422"},{"taxonomy":"product_tag","embeddable":true,"href":"https:\/\/adra.ca\/fr\/wp-json\/wp\/v2\/product_tag?post=182422"}],"curies":[{"name":"wp","href":"https:\/\/api.w.org\/{rel}","templated":true}]}}