{"id":182432,"date":"2025-08-25T12:00:30","date_gmt":"2025-08-25T16:00:30","guid":{"rendered":"https:\/\/adra.ca\/?post_type=product&#038;p=182432"},"modified":"2025-08-25T12:08:40","modified_gmt":"2025-08-25T16:08:40","slug":"goats-and-chickens-for-nutrition-and-income","status":"publish","type":"product","link":"https:\/\/adra.ca\/fr\/produit\/goats-and-chickens-for-nutrition-and-income\/","title":{"rendered":"Ch\u00e8vres et poulets pour la nutrition et les revenus"},"content":{"rendered":"<div class=\"ewa-rteLine\">Votre g\u00e9n\u00e9reux don permet de fournir deux ch\u00e8vres et cinq poulets adultes, offrant aux familles un acc\u00e8s quotidien au lait et aux \u0153ufs, ainsi que la possibilit\u00e9 de gagner un revenu en vendant tout exc\u00e9dent.<\/div>","protected":false},"excerpt":{"rendered":"<p>Votre g\u00e9n\u00e9reux don permet de fournir deux ch\u00e8vres et cinq poulets adultes, offrant aux familles un acc\u00e8s quotidien au lait et aux \u0153ufs, ainsi que la possibilit\u00e9 de gagner un revenu en vendant tout exc\u00e9dent.<\/p>","protected":false},"featured_media":182438,"template":"","meta":{"wds_primary_product_brand":0,"wds_primary_product_cat":0},"product_brand":[],"product_cat":[230],"product_tag":[],"class_list":{"0":"post-182432","1":"product","2":"type-product","3":"status-publish","4":"has-post-thumbnail","6":"product_cat-livestock-and-animal-care","8":"first","9":"instock","10":"shipping-taxable","11":"purchasable","12":"product-type-simple"},"_links":{"self":[{"href":"https:\/\/adra.ca\/fr\/wp-json\/wp\/v2\/product\/182432","targetHints":{"allow":["GET"]}}],"collection":[{"href":"https:\/\/adra.ca\/fr\/wp-json\/wp\/v2\/product"}],"about":[{"href":"https:\/\/adra.ca\/fr\/wp-json\/wp\/v2\/types\/product"}],"wp:featuredmedia":[{"embeddable":true,"href":"https:\/\/adra.ca\/fr\/wp-json\/wp\/v2\/media\/182438"}],"wp:attachment":[{"href":"https:\/\/adra.ca\/fr\/wp-json\/wp\/v2\/media?parent=182432"}],"wp:term":[{"taxonomy":"product_brand","embeddable":true,"href":"https:\/\/adra.ca\/fr\/wp-json\/wp\/v2\/product_brand?post=182432"},{"taxonomy":"product_cat","embeddable":true,"href":"https:\/\/adra.ca\/fr\/wp-json\/wp\/v2\/product_cat?post=182432"},{"taxonomy":"product_tag","embeddable":true,"href":"https:\/\/adra.ca\/fr\/wp-json\/wp\/v2\/product_tag?post=182432"}],"curies":[{"name":"wp","href":"https:\/\/api.w.org\/{rel}","templated":true}]}}