{"id":182444,"date":"2025-08-25T12:10:34","date_gmt":"2025-08-25T16:10:34","guid":{"rendered":"https:\/\/adra.ca\/?post_type=product&#038;p=182444"},"modified":"2025-08-25T12:23:06","modified_gmt":"2025-08-25T16:23:06","slug":"provide-a-poultry-kit-for-vulnerable-households-2","status":"publish","type":"product","link":"https:\/\/adra.ca\/fr\/produit\/provide-a-poultry-kit-for-vulnerable-households-2\/","title":{"rendered":"Fournir un kit d&#039;\u00e9levage de volailles aux m\u00e9nages vuln\u00e9rables"},"content":{"rendered":"<div class=\"ewa-rteLine\">Votre don permet \u00e0 un foyer vuln\u00e9rable de disposer de 10 poules adultes, une source fiable d&#039;\u0153ufs et de viande. Ce soutien aide les familles \u00e0 am\u00e9liorer leur alimentation et leurs revenus, les orientant vers l&#039;autosuffisance.<\/div>","protected":false},"excerpt":{"rendered":"<p>Votre don permet \u00e0 un foyer vuln\u00e9rable de disposer de 10 poules adultes, une source fiable d&#039;\u0153ufs et de viande. Ce soutien aide les familles \u00e0 am\u00e9liorer leur alimentation et leurs revenus, les orientant vers l&#039;autosuffisance.<\/p>","protected":false},"featured_media":182446,"template":"","meta":{"wds_primary_product_brand":0,"wds_primary_product_cat":0},"product_brand":[],"product_cat":[230],"product_tag":[],"class_list":{"0":"post-182444","1":"product","2":"type-product","3":"status-publish","4":"has-post-thumbnail","6":"product_cat-livestock-and-animal-care","8":"first","9":"instock","10":"shipping-taxable","11":"purchasable","12":"product-type-simple"},"_links":{"self":[{"href":"https:\/\/adra.ca\/fr\/wp-json\/wp\/v2\/product\/182444","targetHints":{"allow":["GET"]}}],"collection":[{"href":"https:\/\/adra.ca\/fr\/wp-json\/wp\/v2\/product"}],"about":[{"href":"https:\/\/adra.ca\/fr\/wp-json\/wp\/v2\/types\/product"}],"wp:featuredmedia":[{"embeddable":true,"href":"https:\/\/adra.ca\/fr\/wp-json\/wp\/v2\/media\/182446"}],"wp:attachment":[{"href":"https:\/\/adra.ca\/fr\/wp-json\/wp\/v2\/media?parent=182444"}],"wp:term":[{"taxonomy":"product_brand","embeddable":true,"href":"https:\/\/adra.ca\/fr\/wp-json\/wp\/v2\/product_brand?post=182444"},{"taxonomy":"product_cat","embeddable":true,"href":"https:\/\/adra.ca\/fr\/wp-json\/wp\/v2\/product_cat?post=182444"},{"taxonomy":"product_tag","embeddable":true,"href":"https:\/\/adra.ca\/fr\/wp-json\/wp\/v2\/product_tag?post=182444"}],"curies":[{"name":"wp","href":"https:\/\/api.w.org\/{rel}","templated":true}]}}