{"id":182448,"date":"2025-08-25T12:23:19","date_gmt":"2025-08-25T16:23:19","guid":{"rendered":"https:\/\/adra.ca\/?post_type=product&#038;p=182448"},"modified":"2025-08-25T12:25:49","modified_gmt":"2025-08-25T16:25:49","slug":"boost-beekeeping-with-a-honey-extractor","status":"publish","type":"product","link":"https:\/\/adra.ca\/fr\/produit\/boost-beekeeping-with-a-honey-extractor\/","title":{"rendered":"Boostez l&#039;apiculture avec un extracteur de miel"},"content":{"rendered":"<div class=\"ewa-rteLine\">Votre don permet de fournir un extracteur de miel \u00e0 un groupe de 20 agriculteurs, leur permettant de r\u00e9colter du miel de mani\u00e8re durable et d&#039;augmenter la productivit\u00e9 de leur entreprise apicole.<\/div>","protected":false},"excerpt":{"rendered":"<p>Votre don permet de fournir un extracteur de miel \u00e0 un groupe de 20 agriculteurs, leur permettant de r\u00e9colter du miel de mani\u00e8re durable et d&#039;augmenter la productivit\u00e9 de leur entreprise apicole.<\/p>","protected":false},"featured_media":182449,"template":"","meta":{"wds_primary_product_brand":0,"wds_primary_product_cat":0},"product_brand":[],"product_cat":[230],"product_tag":[],"class_list":{"0":"post-182448","1":"product","2":"type-product","3":"status-publish","4":"has-post-thumbnail","6":"product_cat-livestock-and-animal-care","8":"first","9":"instock","10":"shipping-taxable","11":"purchasable","12":"product-type-simple"},"_links":{"self":[{"href":"https:\/\/adra.ca\/fr\/wp-json\/wp\/v2\/product\/182448","targetHints":{"allow":["GET"]}}],"collection":[{"href":"https:\/\/adra.ca\/fr\/wp-json\/wp\/v2\/product"}],"about":[{"href":"https:\/\/adra.ca\/fr\/wp-json\/wp\/v2\/types\/product"}],"wp:featuredmedia":[{"embeddable":true,"href":"https:\/\/adra.ca\/fr\/wp-json\/wp\/v2\/media\/182449"}],"wp:attachment":[{"href":"https:\/\/adra.ca\/fr\/wp-json\/wp\/v2\/media?parent=182448"}],"wp:term":[{"taxonomy":"product_brand","embeddable":true,"href":"https:\/\/adra.ca\/fr\/wp-json\/wp\/v2\/product_brand?post=182448"},{"taxonomy":"product_cat","embeddable":true,"href":"https:\/\/adra.ca\/fr\/wp-json\/wp\/v2\/product_cat?post=182448"},{"taxonomy":"product_tag","embeddable":true,"href":"https:\/\/adra.ca\/fr\/wp-json\/wp\/v2\/product_tag?post=182448"}],"curies":[{"name":"wp","href":"https:\/\/api.w.org\/{rel}","templated":true}]}}