{"id":182450,"date":"2025-08-25T12:25:57","date_gmt":"2025-08-25T16:25:57","guid":{"rendered":"https:\/\/adra.ca\/?post_type=product&#038;p=182450"},"modified":"2025-08-25T12:29:05","modified_gmt":"2025-08-25T16:29:05","slug":"livestock-feed-support","status":"publish","type":"product","link":"https:\/\/adra.ca\/fr\/produit\/livestock-feed-support\/","title":{"rendered":"Soutien \u00e0 l&#039;alimentation du b\u00e9tail"},"content":{"rendered":"<div class=\"ewa-rteLine\">Un don permet aux familles de recevoir des semences de p\u00e2turage et des boutures fourrag\u00e8res \u00e0 haut rendement pour planter du fourrage nutritif, ce qui permet de pallier les p\u00e9nuries d&#039;aliments pour animaux et de favoriser un b\u00e9tail plus sain et plus productif. Ce soutien permet aux m\u00e9nages de pr\u00e9parer leurs terres et de pr\u00e9server le bien-\u00eatre de leurs animaux.<\/div>","protected":false},"excerpt":{"rendered":"<p>Un don permet aux familles de recevoir des semences de p\u00e2turage et des boutures fourrag\u00e8res \u00e0 haut rendement pour planter du fourrage nutritif, ce qui permet de pallier les p\u00e9nuries d&#039;aliments pour animaux et de favoriser un b\u00e9tail plus sain et plus productif. Ce soutien permet aux m\u00e9nages de pr\u00e9parer leurs terres et de pr\u00e9server le bien-\u00eatre de leurs animaux.<\/p>","protected":false},"featured_media":182451,"template":"","meta":{"wds_primary_product_brand":0,"wds_primary_product_cat":0},"product_brand":[],"product_cat":[230],"product_tag":[],"class_list":{"0":"post-182450","1":"product","2":"type-product","3":"status-publish","4":"has-post-thumbnail","6":"product_cat-livestock-and-animal-care","8":"first","9":"instock","10":"shipping-taxable","11":"purchasable","12":"product-type-simple"},"_links":{"self":[{"href":"https:\/\/adra.ca\/fr\/wp-json\/wp\/v2\/product\/182450","targetHints":{"allow":["GET"]}}],"collection":[{"href":"https:\/\/adra.ca\/fr\/wp-json\/wp\/v2\/product"}],"about":[{"href":"https:\/\/adra.ca\/fr\/wp-json\/wp\/v2\/types\/product"}],"wp:featuredmedia":[{"embeddable":true,"href":"https:\/\/adra.ca\/fr\/wp-json\/wp\/v2\/media\/182451"}],"wp:attachment":[{"href":"https:\/\/adra.ca\/fr\/wp-json\/wp\/v2\/media?parent=182450"}],"wp:term":[{"taxonomy":"product_brand","embeddable":true,"href":"https:\/\/adra.ca\/fr\/wp-json\/wp\/v2\/product_brand?post=182450"},{"taxonomy":"product_cat","embeddable":true,"href":"https:\/\/adra.ca\/fr\/wp-json\/wp\/v2\/product_cat?post=182450"},{"taxonomy":"product_tag","embeddable":true,"href":"https:\/\/adra.ca\/fr\/wp-json\/wp\/v2\/product_tag?post=182450"}],"curies":[{"name":"wp","href":"https:\/\/api.w.org\/{rel}","templated":true}]}}