{"id":182452,"date":"2025-08-25T12:29:20","date_gmt":"2025-08-25T16:29:20","guid":{"rendered":"https:\/\/adra.ca\/?post_type=product&#038;p=182452"},"modified":"2025-08-25T12:30:43","modified_gmt":"2025-08-25T16:30:43","slug":"support-a-community-with-a-chick-incubator-2","status":"publish","type":"product","link":"https:\/\/adra.ca\/fr\/produit\/support-a-community-with-a-chick-incubator-2\/","title":{"rendered":"Soutenez une communaut\u00e9 avec un incubateur de poussins"},"content":{"rendered":"<div class=\"ewa-rteLine\">Votre g\u00e9n\u00e9reux don permet de fournir un incubateur d&#039;une capacit\u00e9 de 120 \u0153ufs qui profite \u00e0 un groupe de 20 personnes, aidant les familles \u00e0 faire \u00e9clore des poussins localement.<\/div>","protected":false},"excerpt":{"rendered":"<p>Votre g\u00e9n\u00e9reux don permet de fournir un incubateur d&#039;une capacit\u00e9 de 120 \u0153ufs qui profite \u00e0 un groupe de 20 personnes, aidant les familles \u00e0 faire \u00e9clore des poussins localement.<\/p>","protected":false},"featured_media":182453,"template":"","meta":{"wds_primary_product_brand":0,"wds_primary_product_cat":0},"product_brand":[],"product_cat":[230],"product_tag":[],"class_list":{"0":"post-182452","1":"product","2":"type-product","3":"status-publish","4":"has-post-thumbnail","6":"product_cat-livestock-and-animal-care","8":"first","9":"instock","10":"shipping-taxable","11":"purchasable","12":"product-type-simple"},"_links":{"self":[{"href":"https:\/\/adra.ca\/fr\/wp-json\/wp\/v2\/product\/182452","targetHints":{"allow":["GET"]}}],"collection":[{"href":"https:\/\/adra.ca\/fr\/wp-json\/wp\/v2\/product"}],"about":[{"href":"https:\/\/adra.ca\/fr\/wp-json\/wp\/v2\/types\/product"}],"wp:featuredmedia":[{"embeddable":true,"href":"https:\/\/adra.ca\/fr\/wp-json\/wp\/v2\/media\/182453"}],"wp:attachment":[{"href":"https:\/\/adra.ca\/fr\/wp-json\/wp\/v2\/media?parent=182452"}],"wp:term":[{"taxonomy":"product_brand","embeddable":true,"href":"https:\/\/adra.ca\/fr\/wp-json\/wp\/v2\/product_brand?post=182452"},{"taxonomy":"product_cat","embeddable":true,"href":"https:\/\/adra.ca\/fr\/wp-json\/wp\/v2\/product_cat?post=182452"},{"taxonomy":"product_tag","embeddable":true,"href":"https:\/\/adra.ca\/fr\/wp-json\/wp\/v2\/product_tag?post=182452"}],"curies":[{"name":"wp","href":"https:\/\/api.w.org\/{rel}","templated":true}]}}