{"id":182455,"date":"2025-08-25T12:30:50","date_gmt":"2025-08-25T16:30:50","guid":{"rendered":"https:\/\/adra.ca\/?post_type=product&#038;p=182455"},"modified":"2025-08-25T12:32:19","modified_gmt":"2025-08-25T16:32:19","slug":"support-a-low-cost-model-animal-shed","status":"publish","type":"product","link":"https:\/\/adra.ca\/fr\/produit\/support-a-low-cost-model-animal-shed\/","title":{"rendered":"Soutenir un mod\u00e8le d&#039;abri pour animaux \u00e0 faible co\u00fbt"},"content":{"rendered":"<div class=\"ewa-rteLine\">Votre don fournit \u00e0 un m\u00e9nage les mat\u00e9riaux n\u00e9cessaires pour am\u00e9liorer son \u00e9table, am\u00e9liorant ainsi les rendements en lait et en viande et, par cons\u00e9quent, renfor\u00e7ant l&#039;acc\u00e8s \u00e0 la nourriture et aux possibilit\u00e9s de revenus.<\/div>","protected":false},"excerpt":{"rendered":"<p>Votre don fournit \u00e0 un m\u00e9nage les mat\u00e9riaux n\u00e9cessaires pour am\u00e9liorer son \u00e9table, am\u00e9liorant ainsi les rendements en lait et en viande et, par cons\u00e9quent, renfor\u00e7ant l&#039;acc\u00e8s \u00e0 la nourriture et aux possibilit\u00e9s de revenus.<\/p>","protected":false},"featured_media":182458,"template":"","meta":{"wds_primary_product_brand":0,"wds_primary_product_cat":0},"product_brand":[],"product_cat":[230],"product_tag":[],"class_list":{"0":"post-182455","1":"product","2":"type-product","3":"status-publish","4":"has-post-thumbnail","6":"product_cat-livestock-and-animal-care","8":"first","9":"instock","10":"shipping-taxable","11":"purchasable","12":"product-type-simple"},"_links":{"self":[{"href":"https:\/\/adra.ca\/fr\/wp-json\/wp\/v2\/product\/182455","targetHints":{"allow":["GET"]}}],"collection":[{"href":"https:\/\/adra.ca\/fr\/wp-json\/wp\/v2\/product"}],"about":[{"href":"https:\/\/adra.ca\/fr\/wp-json\/wp\/v2\/types\/product"}],"wp:featuredmedia":[{"embeddable":true,"href":"https:\/\/adra.ca\/fr\/wp-json\/wp\/v2\/media\/182458"}],"wp:attachment":[{"href":"https:\/\/adra.ca\/fr\/wp-json\/wp\/v2\/media?parent=182455"}],"wp:term":[{"taxonomy":"product_brand","embeddable":true,"href":"https:\/\/adra.ca\/fr\/wp-json\/wp\/v2\/product_brand?post=182455"},{"taxonomy":"product_cat","embeddable":true,"href":"https:\/\/adra.ca\/fr\/wp-json\/wp\/v2\/product_cat?post=182455"},{"taxonomy":"product_tag","embeddable":true,"href":"https:\/\/adra.ca\/fr\/wp-json\/wp\/v2\/product_tag?post=182455"}],"curies":[{"name":"wp","href":"https:\/\/api.w.org\/{rel}","templated":true}]}}