{"id":182459,"date":"2025-08-25T12:32:40","date_gmt":"2025-08-25T16:32:40","guid":{"rendered":"https:\/\/adra.ca\/?post_type=product&#038;p=182459"},"modified":"2025-08-25T16:28:06","modified_gmt":"2025-08-25T20:28:06","slug":"support-a-family-by-providing-goats","status":"publish","type":"product","link":"https:\/\/adra.ca\/fr\/produit\/support-a-family-by-providing-goats\/","title":{"rendered":"Soutenez une famille en fournissant des ch\u00e8vres"},"content":{"rendered":"<div class=\"ewa-rteLine\">\n<div class=\"ewa-rteLine\">\n<div class=\"ewa-rteLine\">Un don fournit deux ch\u00e8vres \u00e0 un m\u00e9nage, offrant du lait, de la viande et une source de revenus durable, et, en retour, permettant aux familles d&#039;am\u00e9liorer leur nutrition et leur s\u00e9curit\u00e9 financi\u00e8re.<\/div>\n<\/div>\n<\/div>","protected":false},"excerpt":{"rendered":"<p>Un don fournit deux ch\u00e8vres \u00e0 un m\u00e9nage, offrant du lait, de la viande et une source de revenus durable, et, en retour, permettant aux familles d&#039;am\u00e9liorer leur nutrition et leur s\u00e9curit\u00e9 financi\u00e8re.<\/p>","protected":false},"featured_media":182468,"template":"","meta":{"wds_primary_product_brand":0,"wds_primary_product_cat":0},"product_brand":[],"product_cat":[230],"product_tag":[],"class_list":{"0":"post-182459","1":"product","2":"type-product","3":"status-publish","4":"has-post-thumbnail","6":"product_cat-livestock-and-animal-care","8":"first","9":"instock","10":"featured","11":"shipping-taxable","12":"purchasable","13":"product-type-simple"},"_links":{"self":[{"href":"https:\/\/adra.ca\/fr\/wp-json\/wp\/v2\/product\/182459","targetHints":{"allow":["GET"]}}],"collection":[{"href":"https:\/\/adra.ca\/fr\/wp-json\/wp\/v2\/product"}],"about":[{"href":"https:\/\/adra.ca\/fr\/wp-json\/wp\/v2\/types\/product"}],"wp:featuredmedia":[{"embeddable":true,"href":"https:\/\/adra.ca\/fr\/wp-json\/wp\/v2\/media\/182468"}],"wp:attachment":[{"href":"https:\/\/adra.ca\/fr\/wp-json\/wp\/v2\/media?parent=182459"}],"wp:term":[{"taxonomy":"product_brand","embeddable":true,"href":"https:\/\/adra.ca\/fr\/wp-json\/wp\/v2\/product_brand?post=182459"},{"taxonomy":"product_cat","embeddable":true,"href":"https:\/\/adra.ca\/fr\/wp-json\/wp\/v2\/product_cat?post=182459"},{"taxonomy":"product_tag","embeddable":true,"href":"https:\/\/adra.ca\/fr\/wp-json\/wp\/v2\/product_tag?post=182459"}],"curies":[{"name":"wp","href":"https:\/\/api.w.org\/{rel}","templated":true}]}}