{"id":182465,"date":"2025-08-25T12:37:41","date_gmt":"2025-08-25T16:37:41","guid":{"rendered":"https:\/\/adra.ca\/?post_type=product&#038;p=182465"},"modified":"2025-08-25T12:45:23","modified_gmt":"2025-08-25T16:45:23","slug":"provide-a-breeding-buck-to-a-community","status":"publish","type":"product","link":"https:\/\/adra.ca\/fr\/produit\/provide-a-breeding-buck-to-a-community\/","title":{"rendered":"Fournir un m\u00e2le reproducteur \u00e0 une communaut\u00e9"},"content":{"rendered":"<div class=\"ewa-rteLine\">\n<div class=\"ewa-rteLine\">\n<div class=\"ewa-rteLine\">\n<div class=\"ewa-rteLine\">Votre don fournit un bouc reproducteur \u00e0 une communaut\u00e9, am\u00e9liorant ainsi les races de ch\u00e8vres locales et la productivit\u00e9 du troupeau, ce qui encourage un b\u00e9tail plus sain et plus productif.<\/div>\n<\/div>\n<\/div>\n<\/div>","protected":false},"excerpt":{"rendered":"<p>Votre don fournit un bouc reproducteur \u00e0 une communaut\u00e9, am\u00e9liorant ainsi les races de ch\u00e8vres locales et la productivit\u00e9 du troupeau, ce qui encourage un b\u00e9tail plus sain et plus productif.<\/p>","protected":false},"featured_media":182472,"template":"","meta":{"wds_primary_product_brand":0,"wds_primary_product_cat":0},"product_brand":[],"product_cat":[230],"product_tag":[],"class_list":{"0":"post-182465","1":"product","2":"type-product","3":"status-publish","4":"has-post-thumbnail","6":"product_cat-livestock-and-animal-care","8":"first","9":"instock","10":"shipping-taxable","11":"purchasable","12":"product-type-simple"},"_links":{"self":[{"href":"https:\/\/adra.ca\/fr\/wp-json\/wp\/v2\/product\/182465","targetHints":{"allow":["GET"]}}],"collection":[{"href":"https:\/\/adra.ca\/fr\/wp-json\/wp\/v2\/product"}],"about":[{"href":"https:\/\/adra.ca\/fr\/wp-json\/wp\/v2\/types\/product"}],"wp:featuredmedia":[{"embeddable":true,"href":"https:\/\/adra.ca\/fr\/wp-json\/wp\/v2\/media\/182472"}],"wp:attachment":[{"href":"https:\/\/adra.ca\/fr\/wp-json\/wp\/v2\/media?parent=182465"}],"wp:term":[{"taxonomy":"product_brand","embeddable":true,"href":"https:\/\/adra.ca\/fr\/wp-json\/wp\/v2\/product_brand?post=182465"},{"taxonomy":"product_cat","embeddable":true,"href":"https:\/\/adra.ca\/fr\/wp-json\/wp\/v2\/product_cat?post=182465"},{"taxonomy":"product_tag","embeddable":true,"href":"https:\/\/adra.ca\/fr\/wp-json\/wp\/v2\/product_tag?post=182465"}],"curies":[{"name":"wp","href":"https:\/\/api.w.org\/{rel}","templated":true}]}}