{"id":182475,"date":"2025-08-25T12:49:12","date_gmt":"2025-08-25T16:49:12","guid":{"rendered":"https:\/\/adra.ca\/?post_type=product&#038;p=182475"},"modified":"2025-08-25T12:50:43","modified_gmt":"2025-08-25T16:50:43","slug":"improve-livestock-breeds-with-insemination","status":"publish","type":"product","link":"https:\/\/adra.ca\/fr\/produit\/improve-livestock-breeds-with-insemination\/","title":{"rendered":"Am\u00e9liorer les races animales gr\u00e2ce \u00e0 l&#039;ins\u00e9mination"},"content":{"rendered":"<div class=\"ewa-rteLine\">\n<div class=\"ewa-rteLine\">\n<div class=\"ewa-rteLine\">\n<div class=\"ewa-rteLine\">\n<div class=\"ewa-rteLine\">Votre don permet de fournir cinq doses d&#039;ins\u00e9mination aux petits exploitants agricoles, contribuant ainsi \u00e0 am\u00e9liorer la qualit\u00e9 g\u00e9n\u00e9tique des vaches locales. Ce don stimule la production laiti\u00e8re.<\/div>\n<div class=\"ewa-rteLine\">et am\u00e9liore la productivit\u00e9 du b\u00e9tail.<\/div>\n<\/div>\n<\/div>\n<\/div>\n<\/div>","protected":false},"excerpt":{"rendered":"<p>Votre don permet de fournir cinq doses d&#039;ins\u00e9mination \u00e0 de petits \u00e9leveurs, contribuant ainsi \u00e0 am\u00e9liorer la qualit\u00e9 g\u00e9n\u00e9tique des vaches locales. Ce don stimule la production laiti\u00e8re et accro\u00eet la productivit\u00e9 du cheptel.<\/p>","protected":false},"featured_media":182461,"template":"","meta":{"wds_primary_product_brand":0,"wds_primary_product_cat":0},"product_brand":[],"product_cat":[230],"product_tag":[],"class_list":{"0":"post-182475","1":"product","2":"type-product","3":"status-publish","4":"has-post-thumbnail","6":"product_cat-livestock-and-animal-care","8":"first","9":"instock","10":"shipping-taxable","11":"purchasable","12":"product-type-simple"},"_links":{"self":[{"href":"https:\/\/adra.ca\/fr\/wp-json\/wp\/v2\/product\/182475","targetHints":{"allow":["GET"]}}],"collection":[{"href":"https:\/\/adra.ca\/fr\/wp-json\/wp\/v2\/product"}],"about":[{"href":"https:\/\/adra.ca\/fr\/wp-json\/wp\/v2\/types\/product"}],"wp:featuredmedia":[{"embeddable":true,"href":"https:\/\/adra.ca\/fr\/wp-json\/wp\/v2\/media\/182461"}],"wp:attachment":[{"href":"https:\/\/adra.ca\/fr\/wp-json\/wp\/v2\/media?parent=182475"}],"wp:term":[{"taxonomy":"product_brand","embeddable":true,"href":"https:\/\/adra.ca\/fr\/wp-json\/wp\/v2\/product_brand?post=182475"},{"taxonomy":"product_cat","embeddable":true,"href":"https:\/\/adra.ca\/fr\/wp-json\/wp\/v2\/product_cat?post=182475"},{"taxonomy":"product_tag","embeddable":true,"href":"https:\/\/adra.ca\/fr\/wp-json\/wp\/v2\/product_tag?post=182475"}],"curies":[{"name":"wp","href":"https:\/\/api.w.org\/{rel}","templated":true}]}}