{"id":182518,"date":"2025-08-25T13:48:42","date_gmt":"2025-08-25T17:48:42","guid":{"rendered":"https:\/\/adra.ca\/?post_type=product&#038;p=182518"},"modified":"2025-08-25T13:57:50","modified_gmt":"2025-08-25T17:57:50","slug":"empower-women-with-start-up-capital-2","status":"publish","type":"product","link":"https:\/\/adra.ca\/fr\/produit\/empower-women-with-start-up-capital-2\/","title":{"rendered":"Donner du pouvoir aux femmes gr\u00e2ce au capital de d\u00e9marrage"},"content":{"rendered":"<div class=\"ewa-rteLine\">\n<div class=\"ewa-rteLine\">\n<div class=\"ewa-rteLine\">\n<div class=\"ewa-rteLine\">\n<div class=\"ewa-rteLine\">Votre g\u00e9n\u00e9reux don permet \u00e0 15 femmes de b\u00e9n\u00e9ficier d&#039;un capital de d\u00e9marrage pour lancer leurs propres projets g\u00e9n\u00e9rateurs de revenus. Ce soutien leur permet de devenir financi\u00e8rement ind\u00e9pendantes et de contribuer au d\u00e9veloppement de leur communaut\u00e9.<\/div>\n<\/div>\n<\/div>\n<\/div>\n<\/div>","protected":false},"excerpt":{"rendered":"<p>Votre g\u00e9n\u00e9reux don permet \u00e0 15 femmes de b\u00e9n\u00e9ficier d&#039;un capital de d\u00e9marrage pour lancer leurs propres projets g\u00e9n\u00e9rateurs de revenus. Ce soutien leur permet de devenir financi\u00e8rement ind\u00e9pendantes et de contribuer au d\u00e9veloppement de leur communaut\u00e9.<\/p>","protected":false},"featured_media":182522,"template":"","meta":{"wds_primary_product_brand":0,"wds_primary_product_cat":0},"product_brand":[],"product_cat":[215],"product_tag":[],"class_list":{"0":"post-182518","1":"product","2":"type-product","3":"status-publish","4":"has-post-thumbnail","6":"product_cat-woman","8":"first","9":"instock","10":"shipping-taxable","11":"purchasable","12":"product-type-simple"},"_links":{"self":[{"href":"https:\/\/adra.ca\/fr\/wp-json\/wp\/v2\/product\/182518","targetHints":{"allow":["GET"]}}],"collection":[{"href":"https:\/\/adra.ca\/fr\/wp-json\/wp\/v2\/product"}],"about":[{"href":"https:\/\/adra.ca\/fr\/wp-json\/wp\/v2\/types\/product"}],"wp:featuredmedia":[{"embeddable":true,"href":"https:\/\/adra.ca\/fr\/wp-json\/wp\/v2\/media\/182522"}],"wp:attachment":[{"href":"https:\/\/adra.ca\/fr\/wp-json\/wp\/v2\/media?parent=182518"}],"wp:term":[{"taxonomy":"product_brand","embeddable":true,"href":"https:\/\/adra.ca\/fr\/wp-json\/wp\/v2\/product_brand?post=182518"},{"taxonomy":"product_cat","embeddable":true,"href":"https:\/\/adra.ca\/fr\/wp-json\/wp\/v2\/product_cat?post=182518"},{"taxonomy":"product_tag","embeddable":true,"href":"https:\/\/adra.ca\/fr\/wp-json\/wp\/v2\/product_tag?post=182518"}],"curies":[{"name":"wp","href":"https:\/\/api.w.org\/{rel}","templated":true}]}}