{"id":182523,"date":"2025-08-25T13:54:03","date_gmt":"2025-08-25T17:54:03","guid":{"rendered":"https:\/\/adra.ca\/?post_type=product&#038;p=182523"},"modified":"2025-09-15T17:43:38","modified_gmt":"2025-09-15T21:43:38","slug":"support-a-vulnerable-mother-with-a-baby-kit-2","status":"publish","type":"product","link":"https:\/\/adra.ca\/fr\/produit\/support-a-vulnerable-mother-with-a-baby-kit-2\/","title":{"rendered":"Soutenez une m\u00e8re vuln\u00e9rable avec un kit b\u00e9b\u00e9"},"content":{"rendered":"<div class=\"ewa-rteLine\">\n<div class=\"ewa-rteLine\">\n<div class=\"ewa-rteLine\">\n<div class=\"ewa-rteLine\">\n<div class=\"ewa-rteLine\">Votre don permet d&#039;offrir un kit b\u00e9b\u00e9 \u00e0 une future maman vuln\u00e9rable ou \u00e0 risque. Chaque kit comprend des v\u00eatements, des articles d&#039;hygi\u00e8ne et des accessoires pour b\u00e9b\u00e9, le tout dans un sac pratique, offrant confort, s\u00e9curit\u00e9 et un meilleur d\u00e9part pour la m\u00e8re et son b\u00e9b\u00e9.<\/div>\n<\/div>\n<\/div>\n<\/div>\n<\/div>","protected":false},"excerpt":{"rendered":"<p>Votre don permet d&#039;offrir un kit b\u00e9b\u00e9 \u00e0 une future maman vuln\u00e9rable ou \u00e0 risque. Chaque kit comprend des v\u00eatements, des articles d&#039;hygi\u00e8ne et des accessoires pour b\u00e9b\u00e9, le tout dans un sac pratique, offrant confort, s\u00e9curit\u00e9 et un meilleur d\u00e9part pour la m\u00e8re et son b\u00e9b\u00e9.<\/p>","protected":false},"featured_media":182526,"template":"","meta":{"wds_primary_product_brand":0,"wds_primary_product_cat":0},"product_brand":[],"product_cat":[215],"product_tag":[],"class_list":{"0":"post-182523","1":"product","2":"type-product","3":"status-publish","4":"has-post-thumbnail","6":"product_cat-woman","8":"first","9":"instock","10":"shipping-taxable","11":"purchasable","12":"product-type-simple"},"_links":{"self":[{"href":"https:\/\/adra.ca\/fr\/wp-json\/wp\/v2\/product\/182523","targetHints":{"allow":["GET"]}}],"collection":[{"href":"https:\/\/adra.ca\/fr\/wp-json\/wp\/v2\/product"}],"about":[{"href":"https:\/\/adra.ca\/fr\/wp-json\/wp\/v2\/types\/product"}],"wp:featuredmedia":[{"embeddable":true,"href":"https:\/\/adra.ca\/fr\/wp-json\/wp\/v2\/media\/182526"}],"wp:attachment":[{"href":"https:\/\/adra.ca\/fr\/wp-json\/wp\/v2\/media?parent=182523"}],"wp:term":[{"taxonomy":"product_brand","embeddable":true,"href":"https:\/\/adra.ca\/fr\/wp-json\/wp\/v2\/product_brand?post=182523"},{"taxonomy":"product_cat","embeddable":true,"href":"https:\/\/adra.ca\/fr\/wp-json\/wp\/v2\/product_cat?post=182523"},{"taxonomy":"product_tag","embeddable":true,"href":"https:\/\/adra.ca\/fr\/wp-json\/wp\/v2\/product_tag?post=182523"}],"curies":[{"name":"wp","href":"https:\/\/api.w.org\/{rel}","templated":true}]}}