{"id":182527,"date":"2025-08-25T13:57:58","date_gmt":"2025-08-25T17:57:58","guid":{"rendered":"https:\/\/adra.ca\/?post_type=product&#038;p=182527"},"modified":"2025-09-15T17:44:08","modified_gmt":"2025-09-15T21:44:08","slug":"support-female-farmers-with-beehives-2","status":"publish","type":"product","link":"https:\/\/adra.ca\/fr\/produit\/support-female-farmers-with-beehives-2\/","title":{"rendered":"Soutenez les agricultrices avec des ruches"},"content":{"rendered":"<div class=\"ewa-rteLine\">\n<div class=\"ewa-rteLine\">\n<div class=\"ewa-rteLine\">\n<div class=\"ewa-rteLine\">\n<div class=\"ewa-rteLine\">Un don permet \u00e0 une agricultrice de disposer de deux ruches, permettant ainsi aux femmes de b\u00e9n\u00e9ficier de moyens de subsistance durables, de promouvoir l\u2019ind\u00e9pendance \u00e9conomique et la conservation de l\u2019environnement.<\/div>\n<\/div>\n<\/div>\n<\/div>\n<\/div>","protected":false},"excerpt":{"rendered":"<p>Un don permet \u00e0 une agricultrice de disposer de deux ruches, permettant ainsi aux femmes de b\u00e9n\u00e9ficier de moyens de subsistance durables, de promouvoir l\u2019ind\u00e9pendance \u00e9conomique et la conservation de l\u2019environnement.<\/p>","protected":false},"featured_media":182530,"template":"","meta":{"wds_primary_product_brand":0,"wds_primary_product_cat":0},"product_brand":[],"product_cat":[215],"product_tag":[],"class_list":{"0":"post-182527","1":"product","2":"type-product","3":"status-publish","4":"has-post-thumbnail","6":"product_cat-woman","8":"first","9":"instock","10":"shipping-taxable","11":"purchasable","12":"product-type-simple"},"_links":{"self":[{"href":"https:\/\/adra.ca\/fr\/wp-json\/wp\/v2\/product\/182527","targetHints":{"allow":["GET"]}}],"collection":[{"href":"https:\/\/adra.ca\/fr\/wp-json\/wp\/v2\/product"}],"about":[{"href":"https:\/\/adra.ca\/fr\/wp-json\/wp\/v2\/types\/product"}],"wp:featuredmedia":[{"embeddable":true,"href":"https:\/\/adra.ca\/fr\/wp-json\/wp\/v2\/media\/182530"}],"wp:attachment":[{"href":"https:\/\/adra.ca\/fr\/wp-json\/wp\/v2\/media?parent=182527"}],"wp:term":[{"taxonomy":"product_brand","embeddable":true,"href":"https:\/\/adra.ca\/fr\/wp-json\/wp\/v2\/product_brand?post=182527"},{"taxonomy":"product_cat","embeddable":true,"href":"https:\/\/adra.ca\/fr\/wp-json\/wp\/v2\/product_cat?post=182527"},{"taxonomy":"product_tag","embeddable":true,"href":"https:\/\/adra.ca\/fr\/wp-json\/wp\/v2\/product_tag?post=182527"}],"curies":[{"name":"wp","href":"https:\/\/api.w.org\/{rel}","templated":true}]}}