{"id":182575,"date":"2025-08-25T14:44:21","date_gmt":"2025-08-25T18:44:21","guid":{"rendered":"https:\/\/adra.ca\/?post_type=product&#038;p=182575"},"modified":"2025-09-15T17:44:29","modified_gmt":"2025-09-15T21:44:29","slug":"provide-beehives-for-female-beekepers-and-help-launch-five-womens-start-ups","status":"publish","type":"product","link":"https:\/\/adra.ca\/fr\/produit\/provide-beehives-for-female-beekepers-and-help-launch-five-womens-start-ups\/","title":{"rendered":"Fournir des ruches aux apicultrices et contribuer au lancement de cinq start-ups f\u00e9minines"},"content":{"rendered":"<div class=\"ewa-rteLine\">\n<div class=\"ewa-rteLine\">\n<div class=\"ewa-rteLine\">\n<div class=\"ewa-rteLine\">\n<div class=\"ewa-rteLine\">Votre g\u00e9n\u00e9reux don fournit un capital de d\u00e9marrage \u00e0 cinq femmes pour lancer leurs propres projets g\u00e9n\u00e9rateurs de revenus, ainsi que pour fournir \u00e0 une agricultrice deux ruches, alimentant ainsi la croissance des entreprises appartenant \u00e0 des femmes et des initiatives financi\u00e8res.<\/div>\n<\/div>\n<\/div>\n<\/div>\n<\/div>","protected":false},"excerpt":{"rendered":"<p>Votre g\u00e9n\u00e9reux don fournit un capital de d\u00e9marrage \u00e0 cinq femmes pour lancer leurs propres projets g\u00e9n\u00e9rateurs de revenus, ainsi que pour fournir \u00e0 une agricultrice deux ruches, alimentant ainsi la croissance des entreprises appartenant \u00e0 des femmes et des initiatives financi\u00e8res.<\/p>","protected":false},"featured_media":182579,"template":"","meta":{"wds_primary_product_brand":0,"wds_primary_product_cat":0},"product_brand":[],"product_cat":[215],"product_tag":[],"class_list":{"0":"post-182575","1":"product","2":"type-product","3":"status-publish","4":"has-post-thumbnail","6":"product_cat-woman","8":"first","9":"instock","10":"shipping-taxable","11":"purchasable","12":"product-type-simple"},"_links":{"self":[{"href":"https:\/\/adra.ca\/fr\/wp-json\/wp\/v2\/product\/182575","targetHints":{"allow":["GET"]}}],"collection":[{"href":"https:\/\/adra.ca\/fr\/wp-json\/wp\/v2\/product"}],"about":[{"href":"https:\/\/adra.ca\/fr\/wp-json\/wp\/v2\/types\/product"}],"wp:featuredmedia":[{"embeddable":true,"href":"https:\/\/adra.ca\/fr\/wp-json\/wp\/v2\/media\/182579"}],"wp:attachment":[{"href":"https:\/\/adra.ca\/fr\/wp-json\/wp\/v2\/media?parent=182575"}],"wp:term":[{"taxonomy":"product_brand","embeddable":true,"href":"https:\/\/adra.ca\/fr\/wp-json\/wp\/v2\/product_brand?post=182575"},{"taxonomy":"product_cat","embeddable":true,"href":"https:\/\/adra.ca\/fr\/wp-json\/wp\/v2\/product_cat?post=182575"},{"taxonomy":"product_tag","embeddable":true,"href":"https:\/\/adra.ca\/fr\/wp-json\/wp\/v2\/product_tag?post=182575"}],"curies":[{"name":"wp","href":"https:\/\/api.w.org\/{rel}","templated":true}]}}