{"id":182585,"date":"2025-08-25T14:58:46","date_gmt":"2025-08-25T18:58:46","guid":{"rendered":"https:\/\/adra.ca\/?post_type=product&#038;p=182585"},"modified":"2025-09-15T17:44:52","modified_gmt":"2025-09-15T21:44:52","slug":"backpack-essential-school-supplies-and-healthy-breakfasts-for-students","status":"publish","type":"product","link":"https:\/\/adra.ca\/fr\/produit\/backpack-essential-school-supplies-and-healthy-breakfasts-for-students\/","title":{"rendered":"Sac \u00e0 dos, fournitures scolaires essentielles et petits-d\u00e9jeuners sains pour les \u00e9l\u00e8ves"},"content":{"rendered":"<div class=\"ewa-rteLine\">\n<div class=\"ewa-rteLine\">\n<div class=\"ewa-rteLine\">\n<div class=\"ewa-rteLine\">\n<div class=\"ewa-rteLine\">Votre cadeau attentionn\u00e9 offre \u00e0 un enfant les outils n\u00e9cessaires pour s&#039;\u00e9panouir en classe\u00a0: un sac \u00e0 dos rempli de fournitures scolaires essentielles et des petits-d\u00e9jeuners nutritifs pour dynamiser son apprentissage. Gr\u00e2ce \u00e0 ce cadeau, vous lui donnez la confiance et la stabilit\u00e9 n\u00e9cessaires pour r\u00e9ussir.<\/div>\n<\/div>\n<\/div>\n<\/div>\n<\/div>","protected":false},"excerpt":{"rendered":"<p>Votre cadeau attentionn\u00e9 offre \u00e0 un enfant les outils n\u00e9cessaires pour s&#039;\u00e9panouir en classe\u00a0: un sac \u00e0 dos rempli de fournitures scolaires essentielles et des petits-d\u00e9jeuners nutritifs pour dynamiser son apprentissage. Gr\u00e2ce \u00e0 ce cadeau, vous lui donnez la confiance et la stabilit\u00e9 n\u00e9cessaires pour r\u00e9ussir.<\/p>","protected":false},"featured_media":182592,"template":"","meta":{"wds_primary_product_brand":0,"wds_primary_product_cat":0},"product_brand":[],"product_cat":[213],"product_tag":[],"class_list":{"0":"post-182585","1":"product","2":"type-product","3":"status-publish","4":"has-post-thumbnail","6":"product_cat-education","8":"first","9":"instock","10":"featured","11":"shipping-taxable","12":"purchasable","13":"product-type-simple"},"_links":{"self":[{"href":"https:\/\/adra.ca\/fr\/wp-json\/wp\/v2\/product\/182585","targetHints":{"allow":["GET"]}}],"collection":[{"href":"https:\/\/adra.ca\/fr\/wp-json\/wp\/v2\/product"}],"about":[{"href":"https:\/\/adra.ca\/fr\/wp-json\/wp\/v2\/types\/product"}],"wp:featuredmedia":[{"embeddable":true,"href":"https:\/\/adra.ca\/fr\/wp-json\/wp\/v2\/media\/182592"}],"wp:attachment":[{"href":"https:\/\/adra.ca\/fr\/wp-json\/wp\/v2\/media?parent=182585"}],"wp:term":[{"taxonomy":"product_brand","embeddable":true,"href":"https:\/\/adra.ca\/fr\/wp-json\/wp\/v2\/product_brand?post=182585"},{"taxonomy":"product_cat","embeddable":true,"href":"https:\/\/adra.ca\/fr\/wp-json\/wp\/v2\/product_cat?post=182585"},{"taxonomy":"product_tag","embeddable":true,"href":"https:\/\/adra.ca\/fr\/wp-json\/wp\/v2\/product_tag?post=182585"}],"curies":[{"name":"wp","href":"https:\/\/api.w.org\/{rel}","templated":true}]}}