{"id":182598,"date":"2025-08-25T15:04:20","date_gmt":"2025-08-25T19:04:20","guid":{"rendered":"https:\/\/adra.ca\/?post_type=product&#038;p=182598"},"modified":"2025-09-15T17:45:12","modified_gmt":"2025-09-15T21:45:12","slug":"equip-a-child-for-success-with-a-backpack-and-school-supplies","status":"publish","type":"product","link":"https:\/\/adra.ca\/fr\/produit\/equip-a-child-for-success-with-a-backpack-and-school-supplies\/","title":{"rendered":"\u00c9quipez un enfant pour r\u00e9ussir avec un sac \u00e0 dos et des fournitures scolaires"},"content":{"rendered":"<div class=\"ewa-rteLine\">\n<div class=\"ewa-rteLine\">\n<div class=\"ewa-rteLine\">\n<div class=\"ewa-rteLine\">\n<div class=\"ewa-rteLine\">Avec ce cadeau, vous offrez \u00e0 un enfant non seulement des fournitures scolaires essentielles, mais aussi la confiance n\u00e9cessaire pour commencer une nouvelle ann\u00e9e scolaire. Votre cadeau peut \u00eatre une source d&#039;encouragement et d&#039;attention, le rapprochant d&#039;un avenir meilleur.<\/div>\n<\/div>\n<\/div>\n<\/div>\n<\/div>","protected":false},"excerpt":{"rendered":"<p>Avec ce cadeau, vous offrez \u00e0 un enfant non seulement des fournitures scolaires essentielles, mais aussi la confiance n\u00e9cessaire pour commencer une nouvelle ann\u00e9e scolaire. Votre cadeau peut \u00eatre une source d&#039;encouragement et d&#039;attention, le rapprochant d&#039;un avenir meilleur.<\/p>","protected":false},"featured_media":182605,"template":"","meta":{"wds_primary_product_brand":0,"wds_primary_product_cat":0},"product_brand":[],"product_cat":[213],"product_tag":[],"class_list":{"0":"post-182598","1":"product","2":"type-product","3":"status-publish","4":"has-post-thumbnail","6":"product_cat-education","8":"first","9":"instock","10":"shipping-taxable","11":"purchasable","12":"product-type-simple"},"_links":{"self":[{"href":"https:\/\/adra.ca\/fr\/wp-json\/wp\/v2\/product\/182598","targetHints":{"allow":["GET"]}}],"collection":[{"href":"https:\/\/adra.ca\/fr\/wp-json\/wp\/v2\/product"}],"about":[{"href":"https:\/\/adra.ca\/fr\/wp-json\/wp\/v2\/types\/product"}],"wp:featuredmedia":[{"embeddable":true,"href":"https:\/\/adra.ca\/fr\/wp-json\/wp\/v2\/media\/182605"}],"wp:attachment":[{"href":"https:\/\/adra.ca\/fr\/wp-json\/wp\/v2\/media?parent=182598"}],"wp:term":[{"taxonomy":"product_brand","embeddable":true,"href":"https:\/\/adra.ca\/fr\/wp-json\/wp\/v2\/product_brand?post=182598"},{"taxonomy":"product_cat","embeddable":true,"href":"https:\/\/adra.ca\/fr\/wp-json\/wp\/v2\/product_cat?post=182598"},{"taxonomy":"product_tag","embeddable":true,"href":"https:\/\/adra.ca\/fr\/wp-json\/wp\/v2\/product_tag?post=182598"}],"curies":[{"name":"wp","href":"https:\/\/api.w.org\/{rel}","templated":true}]}}