{"id":182607,"date":"2025-08-25T15:08:11","date_gmt":"2025-08-25T19:08:11","guid":{"rendered":"https:\/\/adra.ca\/?post_type=product&#038;p=182607"},"modified":"2025-09-15T17:45:32","modified_gmt":"2025-09-15T21:45:32","slug":"feed-a-student-2","status":"publish","type":"product","link":"https:\/\/adra.ca\/fr\/produit\/feed-a-student-2\/","title":{"rendered":"Nourrir un \u00e9l\u00e8ve"},"content":{"rendered":"<div class=\"ewa-rteLine\">\n<div class=\"ewa-rteLine\">\n<div class=\"ewa-rteLine\">\n<div class=\"ewa-rteLine\">\n<div class=\"ewa-rteLine\">Votre don garantit qu\u2019un \u00e9l\u00e8ve re\u00e7oit un petit-d\u00e9jeuner nutritif, lui fournissant l\u2019\u00e9nergie et la concentration n\u00e9cessaires pour assimiler les le\u00e7ons, nouer des amiti\u00e9s et r\u00e9aliser ses r\u00eaves.<\/div>\n<\/div>\n<\/div>\n<\/div>\n<\/div>","protected":false},"excerpt":{"rendered":"<p>Votre don garantit qu\u2019un \u00e9l\u00e8ve re\u00e7oit un petit-d\u00e9jeuner nutritif, lui fournissant l\u2019\u00e9nergie et la concentration n\u00e9cessaires pour assimiler les le\u00e7ons, nouer des amiti\u00e9s et r\u00e9aliser ses r\u00eaves.<\/p>","protected":false},"featured_media":182609,"template":"","meta":{"wds_primary_product_brand":0,"wds_primary_product_cat":0},"product_brand":[],"product_cat":[213],"product_tag":[],"class_list":{"0":"post-182607","1":"product","2":"type-product","3":"status-publish","4":"has-post-thumbnail","6":"product_cat-education","8":"first","9":"instock","10":"shipping-taxable","11":"purchasable","12":"product-type-simple"},"_links":{"self":[{"href":"https:\/\/adra.ca\/fr\/wp-json\/wp\/v2\/product\/182607","targetHints":{"allow":["GET"]}}],"collection":[{"href":"https:\/\/adra.ca\/fr\/wp-json\/wp\/v2\/product"}],"about":[{"href":"https:\/\/adra.ca\/fr\/wp-json\/wp\/v2\/types\/product"}],"wp:featuredmedia":[{"embeddable":true,"href":"https:\/\/adra.ca\/fr\/wp-json\/wp\/v2\/media\/182609"}],"wp:attachment":[{"href":"https:\/\/adra.ca\/fr\/wp-json\/wp\/v2\/media?parent=182607"}],"wp:term":[{"taxonomy":"product_brand","embeddable":true,"href":"https:\/\/adra.ca\/fr\/wp-json\/wp\/v2\/product_brand?post=182607"},{"taxonomy":"product_cat","embeddable":true,"href":"https:\/\/adra.ca\/fr\/wp-json\/wp\/v2\/product_cat?post=182607"},{"taxonomy":"product_tag","embeddable":true,"href":"https:\/\/adra.ca\/fr\/wp-json\/wp\/v2\/product_tag?post=182607"}],"curies":[{"name":"wp","href":"https:\/\/api.w.org\/{rel}","templated":true}]}}