{"id":182612,"date":"2025-08-25T15:12:41","date_gmt":"2025-08-25T19:12:41","guid":{"rendered":"https:\/\/adra.ca\/?post_type=product&#038;p=182612"},"modified":"2025-09-15T17:45:49","modified_gmt":"2025-09-15T21:45:49","slug":"provide-a-menstrual-hygiene-kit-for-schoolgirls-2","status":"publish","type":"product","link":"https:\/\/adra.ca\/fr\/produit\/provide-a-menstrual-hygiene-kit-for-schoolgirls-2\/","title":{"rendered":"Fournir un kit d&#039;hygi\u00e8ne menstruelle aux \u00e9coli\u00e8res"},"content":{"rendered":"<div class=\"ewa-rteLine\">\n<div class=\"ewa-rteLine\">\n<div class=\"ewa-rteLine\">\n<div class=\"ewa-rteLine\">\n<div class=\"ewa-rteLine\">Votre don permet d&#039;offrir un kit d&#039;hygi\u00e8ne menstruelle, comprenant des serviettes hygi\u00e9niques et du savon, \u00e0 des adolescentes scolaris\u00e9es. Ce soutien les aide \u00e0 g\u00e9rer leur hygi\u00e8ne avec dignit\u00e9 et confiance, leur permettant ainsi de poursuivre leurs \u00e9tudes et de se concentrer sur leur \u00e9ducation.<\/div>\n<\/div>\n<\/div>\n<\/div>\n<\/div>","protected":false},"excerpt":{"rendered":"<p>Votre don permet d&#039;offrir un kit d&#039;hygi\u00e8ne menstruelle, comprenant des serviettes hygi\u00e9niques et du savon, \u00e0 des adolescentes scolaris\u00e9es. Ce soutien les aide \u00e0 g\u00e9rer leur hygi\u00e8ne avec dignit\u00e9 et confiance, leur permettant ainsi de poursuivre leurs \u00e9tudes et de se concentrer sur leur \u00e9ducation.<\/p>","protected":false},"featured_media":182631,"template":"","meta":{"wds_primary_product_brand":0,"wds_primary_product_cat":0},"product_brand":[],"product_cat":[213],"product_tag":[],"class_list":{"0":"post-182612","1":"product","2":"type-product","3":"status-publish","4":"has-post-thumbnail","6":"product_cat-education","8":"first","9":"instock","10":"shipping-taxable","11":"purchasable","12":"product-type-simple"},"_links":{"self":[{"href":"https:\/\/adra.ca\/fr\/wp-json\/wp\/v2\/product\/182612","targetHints":{"allow":["GET"]}}],"collection":[{"href":"https:\/\/adra.ca\/fr\/wp-json\/wp\/v2\/product"}],"about":[{"href":"https:\/\/adra.ca\/fr\/wp-json\/wp\/v2\/types\/product"}],"wp:featuredmedia":[{"embeddable":true,"href":"https:\/\/adra.ca\/fr\/wp-json\/wp\/v2\/media\/182631"}],"wp:attachment":[{"href":"https:\/\/adra.ca\/fr\/wp-json\/wp\/v2\/media?parent=182612"}],"wp:term":[{"taxonomy":"product_brand","embeddable":true,"href":"https:\/\/adra.ca\/fr\/wp-json\/wp\/v2\/product_brand?post=182612"},{"taxonomy":"product_cat","embeddable":true,"href":"https:\/\/adra.ca\/fr\/wp-json\/wp\/v2\/product_cat?post=182612"},{"taxonomy":"product_tag","embeddable":true,"href":"https:\/\/adra.ca\/fr\/wp-json\/wp\/v2\/product_tag?post=182612"}],"curies":[{"name":"wp","href":"https:\/\/api.w.org\/{rel}","templated":true}]}}