{"id":182634,"date":"2025-08-25T15:24:13","date_gmt":"2025-08-25T19:24:13","guid":{"rendered":"https:\/\/adra.ca\/?post_type=product&#038;p=182634"},"modified":"2025-09-15T17:46:04","modified_gmt":"2025-09-15T21:46:04","slug":"give-the-gift-of-light-with-solar-lamps-2","status":"publish","type":"product","link":"https:\/\/adra.ca\/fr\/produit\/give-the-gift-of-light-with-solar-lamps-2\/","title":{"rendered":"Offrez la lumi\u00e8re avec des lampes solaires"},"content":{"rendered":"<div class=\"ewa-rteLine\">\n<div class=\"ewa-rteLine\">\n<div class=\"ewa-rteLine\">\n<div class=\"ewa-rteLine\">\n<div class=\"ewa-rteLine\">Votre don permet d&#039;offrir une lampe solaire \u00e0 un enfant qui n&#039;a pas acc\u00e8s \u00e0 l&#039;\u00e9clairage pour ses \u00e9tudes en soir\u00e9e, offrant ainsi la possibilit\u00e9 d&#039;un avenir meilleur gr\u00e2ce \u00e0 l&#039;apprentissage.<\/div>\n<\/div>\n<\/div>\n<\/div>\n<\/div>","protected":false},"excerpt":{"rendered":"<p>Votre don permet d&#039;offrir une lampe solaire \u00e0 un enfant qui n&#039;a pas acc\u00e8s \u00e0 l&#039;\u00e9clairage pour ses \u00e9tudes en soir\u00e9e, offrant ainsi la possibilit\u00e9 d&#039;un avenir meilleur gr\u00e2ce \u00e0 l&#039;apprentissage.<\/p>","protected":false},"featured_media":182635,"template":"","meta":{"wds_primary_product_brand":0,"wds_primary_product_cat":0},"product_brand":[],"product_cat":[213],"product_tag":[],"class_list":{"0":"post-182634","1":"product","2":"type-product","3":"status-publish","4":"has-post-thumbnail","6":"product_cat-education","8":"first","9":"instock","10":"shipping-taxable","11":"purchasable","12":"product-type-simple"},"_links":{"self":[{"href":"https:\/\/adra.ca\/fr\/wp-json\/wp\/v2\/product\/182634","targetHints":{"allow":["GET"]}}],"collection":[{"href":"https:\/\/adra.ca\/fr\/wp-json\/wp\/v2\/product"}],"about":[{"href":"https:\/\/adra.ca\/fr\/wp-json\/wp\/v2\/types\/product"}],"wp:featuredmedia":[{"embeddable":true,"href":"https:\/\/adra.ca\/fr\/wp-json\/wp\/v2\/media\/182635"}],"wp:attachment":[{"href":"https:\/\/adra.ca\/fr\/wp-json\/wp\/v2\/media?parent=182634"}],"wp:term":[{"taxonomy":"product_brand","embeddable":true,"href":"https:\/\/adra.ca\/fr\/wp-json\/wp\/v2\/product_brand?post=182634"},{"taxonomy":"product_cat","embeddable":true,"href":"https:\/\/adra.ca\/fr\/wp-json\/wp\/v2\/product_cat?post=182634"},{"taxonomy":"product_tag","embeddable":true,"href":"https:\/\/adra.ca\/fr\/wp-json\/wp\/v2\/product_tag?post=182634"}],"curies":[{"name":"wp","href":"https:\/\/api.w.org\/{rel}","templated":true}]}}