{"id":182637,"date":"2025-08-25T15:26:04","date_gmt":"2025-08-25T19:26:04","guid":{"rendered":"https:\/\/adra.ca\/?post_type=product&#038;p=182637"},"modified":"2025-09-15T17:46:17","modified_gmt":"2025-09-15T21:46:17","slug":"pave-the-path-to-possibility","status":"publish","type":"product","link":"https:\/\/adra.ca\/fr\/produit\/pave-the-path-to-possibility\/","title":{"rendered":"Ouvrir la voie \u00e0 la possibilit\u00e9"},"content":{"rendered":"<div class=\"ewa-rteLine\">\n<div class=\"ewa-rteLine\">\n<div class=\"ewa-rteLine\">\n<div class=\"ewa-rteLine\">\n<div class=\"ewa-rteLine\">Votre don permet \u00e0 un homme anciennement incarc\u00e9r\u00e9 d\u2019acc\u00e9der \u00e0 des ressources essentielles telles que l\u2019aide au logement, la formation professionnelle, le conseil et un r\u00e9seau communautaire de soutien, l\u2019aidant \u00e0 franchir les prochaines \u00e9tapes.<\/div>\n<\/div>\n<\/div>\n<\/div>\n<\/div>","protected":false},"excerpt":{"rendered":"<p>Votre don permet \u00e0 un homme anciennement incarc\u00e9r\u00e9 d\u2019acc\u00e9der \u00e0 des ressources essentielles telles que l\u2019aide au logement, la formation professionnelle, le conseil et un r\u00e9seau communautaire de soutien, l\u2019aidant \u00e0 franchir les prochaines \u00e9tapes.<\/p>","protected":false},"featured_media":182639,"template":"","meta":{"wds_primary_product_brand":0,"wds_primary_product_cat":0},"product_brand":[],"product_cat":[213],"product_tag":[],"class_list":{"0":"post-182637","1":"product","2":"type-product","3":"status-publish","4":"has-post-thumbnail","6":"product_cat-education","8":"first","9":"instock","10":"shipping-taxable","11":"purchasable","12":"product-type-simple"},"_links":{"self":[{"href":"https:\/\/adra.ca\/fr\/wp-json\/wp\/v2\/product\/182637","targetHints":{"allow":["GET"]}}],"collection":[{"href":"https:\/\/adra.ca\/fr\/wp-json\/wp\/v2\/product"}],"about":[{"href":"https:\/\/adra.ca\/fr\/wp-json\/wp\/v2\/types\/product"}],"wp:featuredmedia":[{"embeddable":true,"href":"https:\/\/adra.ca\/fr\/wp-json\/wp\/v2\/media\/182639"}],"wp:attachment":[{"href":"https:\/\/adra.ca\/fr\/wp-json\/wp\/v2\/media?parent=182637"}],"wp:term":[{"taxonomy":"product_brand","embeddable":true,"href":"https:\/\/adra.ca\/fr\/wp-json\/wp\/v2\/product_brand?post=182637"},{"taxonomy":"product_cat","embeddable":true,"href":"https:\/\/adra.ca\/fr\/wp-json\/wp\/v2\/product_cat?post=182637"},{"taxonomy":"product_tag","embeddable":true,"href":"https:\/\/adra.ca\/fr\/wp-json\/wp\/v2\/product_tag?post=182637"}],"curies":[{"name":"wp","href":"https:\/\/api.w.org\/{rel}","templated":true}]}}