{"id":182640,"date":"2025-08-25T15:28:05","date_gmt":"2025-08-25T19:28:05","guid":{"rendered":"https:\/\/adra.ca\/?post_type=product&#038;p=182640"},"modified":"2025-09-15T17:46:38","modified_gmt":"2025-09-15T21:46:38","slug":"strengthen-communities-by-supporting-centres-of-change","status":"publish","type":"product","link":"https:\/\/adra.ca\/fr\/produit\/strengthen-communities-by-supporting-centres-of-change\/","title":{"rendered":"Renforcer les communaut\u00e9s en soutenant les centres de changement"},"content":{"rendered":"<div class=\"ewa-rteLine\">\n<div class=\"ewa-rteLine\">\n<div class=\"ewa-rteLine\">\n<div class=\"ewa-rteLine\">\n<div class=\"ewa-rteLine\">Votre don contribue \u00e0 fournir de la nourriture, une formation professionnelle et un soutien pratique aux centres communautaires, les \u00e9quipant pour servir, \u00e9lever et autonomiser les communaut\u00e9s.<\/div>\n<\/div>\n<\/div>\n<\/div>\n<\/div>","protected":false},"excerpt":{"rendered":"<p>Votre don contribue \u00e0 fournir de la nourriture, une formation professionnelle et un soutien pratique aux centres communautaires, les \u00e9quipant pour servir, \u00e9lever et autonomiser les communaut\u00e9s.<\/p>","protected":false},"featured_media":182642,"template":"","meta":{"wds_primary_product_brand":0,"wds_primary_product_cat":0},"product_brand":[],"product_cat":[213],"product_tag":[],"class_list":{"0":"post-182640","1":"product","2":"type-product","3":"status-publish","4":"has-post-thumbnail","6":"product_cat-education","8":"first","9":"instock","10":"shipping-taxable","11":"purchasable","12":"product-type-simple"},"_links":{"self":[{"href":"https:\/\/adra.ca\/fr\/wp-json\/wp\/v2\/product\/182640","targetHints":{"allow":["GET"]}}],"collection":[{"href":"https:\/\/adra.ca\/fr\/wp-json\/wp\/v2\/product"}],"about":[{"href":"https:\/\/adra.ca\/fr\/wp-json\/wp\/v2\/types\/product"}],"wp:featuredmedia":[{"embeddable":true,"href":"https:\/\/adra.ca\/fr\/wp-json\/wp\/v2\/media\/182642"}],"wp:attachment":[{"href":"https:\/\/adra.ca\/fr\/wp-json\/wp\/v2\/media?parent=182640"}],"wp:term":[{"taxonomy":"product_brand","embeddable":true,"href":"https:\/\/adra.ca\/fr\/wp-json\/wp\/v2\/product_brand?post=182640"},{"taxonomy":"product_cat","embeddable":true,"href":"https:\/\/adra.ca\/fr\/wp-json\/wp\/v2\/product_cat?post=182640"},{"taxonomy":"product_tag","embeddable":true,"href":"https:\/\/adra.ca\/fr\/wp-json\/wp\/v2\/product_tag?post=182640"}],"curies":[{"name":"wp","href":"https:\/\/api.w.org\/{rel}","templated":true}]}}