{"id":182666,"date":"2025-08-25T15:55:52","date_gmt":"2025-08-25T19:55:52","guid":{"rendered":"https:\/\/adra.ca\/?post_type=product&#038;p=182666"},"modified":"2025-08-25T16:04:01","modified_gmt":"2025-08-25T20:04:01","slug":"give-a-family-a-month-of-food-assistance","status":"publish","type":"product","link":"https:\/\/adra.ca\/fr\/produit\/give-a-family-a-month-of-food-assistance\/","title":{"rendered":"Offrez \u00e0 une famille un mois d&#039;aide alimentaire"},"content":{"rendered":"<div class=\"ewa-rteLine\">\n<div class=\"ewa-rteLine\">\n<div class=\"ewa-rteLine\">\n<div class=\"ewa-rteLine\">\n<div class=\"ewa-rteLine\">Votre don permet \u00e0 une famille de recevoir un mois de nourriture nutritive. Ce soutien contribue \u00e0 soulager la faim et \u00e0 nourrir les personnes dans le besoin.<\/div>\n<\/div>\n<\/div>\n<\/div>\n<\/div>","protected":false},"excerpt":{"rendered":"<p>Votre don permet \u00e0 une famille de recevoir un mois de nourriture nutritive. Ce soutien contribue \u00e0 soulager la faim et \u00e0 nourrir les personnes dans le besoin.<\/p>","protected":false},"featured_media":182674,"template":"","meta":{"wds_primary_product_brand":0,"wds_primary_product_cat":0},"product_brand":[],"product_cat":[219],"product_tag":[],"class_list":{"0":"post-182666","1":"product","2":"type-product","3":"status-publish","4":"has-post-thumbnail","6":"product_cat-emergency","8":"first","9":"instock","10":"shipping-taxable","11":"purchasable","12":"product-type-simple"},"_links":{"self":[{"href":"https:\/\/adra.ca\/fr\/wp-json\/wp\/v2\/product\/182666","targetHints":{"allow":["GET"]}}],"collection":[{"href":"https:\/\/adra.ca\/fr\/wp-json\/wp\/v2\/product"}],"about":[{"href":"https:\/\/adra.ca\/fr\/wp-json\/wp\/v2\/types\/product"}],"wp:featuredmedia":[{"embeddable":true,"href":"https:\/\/adra.ca\/fr\/wp-json\/wp\/v2\/media\/182674"}],"wp:attachment":[{"href":"https:\/\/adra.ca\/fr\/wp-json\/wp\/v2\/media?parent=182666"}],"wp:term":[{"taxonomy":"product_brand","embeddable":true,"href":"https:\/\/adra.ca\/fr\/wp-json\/wp\/v2\/product_brand?post=182666"},{"taxonomy":"product_cat","embeddable":true,"href":"https:\/\/adra.ca\/fr\/wp-json\/wp\/v2\/product_cat?post=182666"},{"taxonomy":"product_tag","embeddable":true,"href":"https:\/\/adra.ca\/fr\/wp-json\/wp\/v2\/product_tag?post=182666"}],"curies":[{"name":"wp","href":"https:\/\/api.w.org\/{rel}","templated":true}]}}