{"id":182675,"date":"2025-08-25T16:04:37","date_gmt":"2025-08-25T20:04:37","guid":{"rendered":"https:\/\/adra.ca\/?post_type=product&#038;p=182675"},"modified":"2025-08-26T09:54:55","modified_gmt":"2025-08-26T13:54:55","slug":"empower-change-nationwide-in-canada","status":"publish","type":"product","link":"https:\/\/adra.ca\/fr\/produit\/empower-change-nationwide-in-canada\/","title":{"rendered":"Favoriser le changement \u00e0 l&#039;\u00e9chelle nationale au Canada <br><br><b>VOTRE DON DE TOUT MONTANT<\/b>"},"content":{"rendered":"<div class=\"ewa-rteLine\">\n<div class=\"ewa-rteLine\">\n<div class=\"ewa-rteLine\">\n<div class=\"ewa-rteLine\">\n<div class=\"ewa-rteLine\">\n<div class=\"ewa-rteLine\">De la s\u00e9curit\u00e9 alimentaire \u00e0 la pr\u00e9paration aux situations d&#039;urgence, votre don b\u00e9n\u00e9ficiera \u00e0 des communaut\u00e9s enti\u00e8res. Qu&#039;il s&#039;agisse d&#039;aider des familles \u00e0 se relever de catastrophes ou de fournir des ressources vitales, votre contribution \u00e0 ce fonds ouvert garantit que personne ne soit laiss\u00e9 pour compte.<\/div>\n<div class=\"ewa-rteLine\"><\/div>\n<\/div>\n<\/div>\n<\/div>\n<\/div>\n<\/div>","protected":false},"excerpt":{"rendered":"<p>De la s\u00e9curit\u00e9 alimentaire \u00e0 la pr\u00e9paration aux situations d&#039;urgence, votre don b\u00e9n\u00e9ficiera \u00e0 des communaut\u00e9s enti\u00e8res. Qu&#039;il s&#039;agisse d&#039;aider des familles \u00e0 se relever de catastrophes ou de fournir des ressources vitales, votre contribution \u00e0 ce fonds ouvert garantit que personne ne soit laiss\u00e9 pour compte.<\/p>","protected":false},"featured_media":183699,"template":"","meta":{"wds_primary_product_brand":0,"wds_primary_product_cat":0},"product_brand":[],"product_cat":[219],"product_tag":[],"class_list":{"0":"post-182675","1":"product","2":"type-product","3":"status-publish","4":"has-post-thumbnail","6":"product_cat-emergency","8":"first","9":"instock","10":"featured","11":"shipping-taxable","12":"purchasable","13":"product-type-simple"},"_links":{"self":[{"href":"https:\/\/adra.ca\/fr\/wp-json\/wp\/v2\/product\/182675","targetHints":{"allow":["GET"]}}],"collection":[{"href":"https:\/\/adra.ca\/fr\/wp-json\/wp\/v2\/product"}],"about":[{"href":"https:\/\/adra.ca\/fr\/wp-json\/wp\/v2\/types\/product"}],"wp:featuredmedia":[{"embeddable":true,"href":"https:\/\/adra.ca\/fr\/wp-json\/wp\/v2\/media\/183699"}],"wp:attachment":[{"href":"https:\/\/adra.ca\/fr\/wp-json\/wp\/v2\/media?parent=182675"}],"wp:term":[{"taxonomy":"product_brand","embeddable":true,"href":"https:\/\/adra.ca\/fr\/wp-json\/wp\/v2\/product_brand?post=182675"},{"taxonomy":"product_cat","embeddable":true,"href":"https:\/\/adra.ca\/fr\/wp-json\/wp\/v2\/product_cat?post=182675"},{"taxonomy":"product_tag","embeddable":true,"href":"https:\/\/adra.ca\/fr\/wp-json\/wp\/v2\/product_tag?post=182675"}],"curies":[{"name":"wp","href":"https:\/\/api.w.org\/{rel}","templated":true}]}}