{"id":182686,"date":"2025-08-25T16:11:21","date_gmt":"2025-08-25T20:11:21","guid":{"rendered":"https:\/\/adra.ca\/?post_type=product&#038;p=182686"},"modified":"2025-08-25T16:14:03","modified_gmt":"2025-08-25T20:14:03","slug":"support-families-with-nutritious-food","status":"publish","type":"product","link":"https:\/\/adra.ca\/fr\/produit\/support-families-with-nutritious-food\/","title":{"rendered":"Soutenir les familles avec des aliments nutritifs"},"content":{"rendered":"<div class=\"ewa-rteLine\">\n<div class=\"ewa-rteLine\">\n<div class=\"ewa-rteLine\">\n<div class=\"ewa-rteLine\">\n<div class=\"ewa-rteLine\">\n<div class=\"ewa-rteLine\">Un don permet \u00e0 une famille ou \u00e0 un foyer de six personnes maximum de b\u00e9n\u00e9ficier d&#039;une assistance alimentaire et nutritionnelle essentielle pendant cinq \u00e0 huit mois, garantissant ainsi l&#039;acc\u00e8s \u00e0 la nourriture n\u00e9cessaire. Ce soutien contribue \u00e0 pr\u00e9server la dignit\u00e9 et la s\u00e9curit\u00e9 alimentaire en ces temps difficiles.<\/div>\n<div class=\"ewa-rteLine\"><\/div>\n<\/div>\n<\/div>\n<\/div>\n<\/div>\n<\/div>","protected":false},"excerpt":{"rendered":"<p>Un don permet \u00e0 une famille ou \u00e0 un foyer de six personnes maximum de b\u00e9n\u00e9ficier d&#039;une assistance alimentaire et nutritionnelle essentielle pendant cinq \u00e0 huit mois, garantissant ainsi l&#039;acc\u00e8s \u00e0 la nourriture n\u00e9cessaire. Ce soutien contribue \u00e0 pr\u00e9server la dignit\u00e9 et la s\u00e9curit\u00e9 alimentaire en ces temps difficiles.<\/p>","protected":false},"featured_media":182687,"template":"","meta":{"wds_primary_product_brand":0,"wds_primary_product_cat":0},"product_brand":[],"product_cat":[219],"product_tag":[],"class_list":{"0":"post-182686","1":"product","2":"type-product","3":"status-publish","4":"has-post-thumbnail","6":"product_cat-emergency","8":"first","9":"instock","10":"shipping-taxable","11":"purchasable","12":"product-type-simple"},"_links":{"self":[{"href":"https:\/\/adra.ca\/fr\/wp-json\/wp\/v2\/product\/182686","targetHints":{"allow":["GET"]}}],"collection":[{"href":"https:\/\/adra.ca\/fr\/wp-json\/wp\/v2\/product"}],"about":[{"href":"https:\/\/adra.ca\/fr\/wp-json\/wp\/v2\/types\/product"}],"wp:featuredmedia":[{"embeddable":true,"href":"https:\/\/adra.ca\/fr\/wp-json\/wp\/v2\/media\/182687"}],"wp:attachment":[{"href":"https:\/\/adra.ca\/fr\/wp-json\/wp\/v2\/media?parent=182686"}],"wp:term":[{"taxonomy":"product_brand","embeddable":true,"href":"https:\/\/adra.ca\/fr\/wp-json\/wp\/v2\/product_brand?post=182686"},{"taxonomy":"product_cat","embeddable":true,"href":"https:\/\/adra.ca\/fr\/wp-json\/wp\/v2\/product_cat?post=182686"},{"taxonomy":"product_tag","embeddable":true,"href":"https:\/\/adra.ca\/fr\/wp-json\/wp\/v2\/product_tag?post=182686"}],"curies":[{"name":"wp","href":"https:\/\/api.w.org\/{rel}","templated":true}]}}