{"id":182688,"date":"2025-08-25T16:14:44","date_gmt":"2025-08-25T20:14:44","guid":{"rendered":"https:\/\/adra.ca\/?post_type=product&#038;p=182688"},"modified":"2025-08-25T16:19:39","modified_gmt":"2025-08-25T20:19:39","slug":"mosquito-nets-and-8-months-of-food-for-families","status":"publish","type":"product","link":"https:\/\/adra.ca\/fr\/produit\/mosquito-nets-and-8-months-of-food-for-families\/","title":{"rendered":"Moustiquaires et 8 mois de nourriture pour les familles"},"content":{"rendered":"<div class=\"ewa-rteLine\">\n<div class=\"ewa-rteLine\">\n<div class=\"ewa-rteLine\">\n<div class=\"ewa-rteLine\">\n<div class=\"ewa-rteLine\">\n<div class=\"ewa-rteLine\">Gr\u00e2ce \u00e0 ce don, vous pouvez fournir \u00e0 une famille une aide alimentaire nutritionnelle pendant huit mois, ainsi que des moustiquaires vitales, offrant aux familles la stabilit\u00e9 dont elles ont besoin pour survivre tout en r\u00e9pondant \u00e0 leurs besoins de s\u00e9curit\u00e9 et de nutrition saine.<\/div>\n<div class=\"ewa-rteLine\"><\/div>\n<\/div>\n<\/div>\n<\/div>\n<\/div>\n<\/div>","protected":false},"excerpt":{"rendered":"<p>Gr\u00e2ce \u00e0 ce don, vous pouvez fournir \u00e0 une famille une aide alimentaire nutritionnelle pendant huit mois, ainsi que des moustiquaires vitales, offrant aux familles la stabilit\u00e9 dont elles ont besoin pour survivre tout en r\u00e9pondant \u00e0 leurs besoins de s\u00e9curit\u00e9 et de nutrition saine.<\/p>","protected":false},"featured_media":182690,"template":"","meta":{"wds_primary_product_brand":0,"wds_primary_product_cat":0},"product_brand":[],"product_cat":[219],"product_tag":[],"class_list":{"0":"post-182688","1":"product","2":"type-product","3":"status-publish","4":"has-post-thumbnail","6":"product_cat-emergency","8":"first","9":"instock","10":"shipping-taxable","11":"purchasable","12":"product-type-simple"},"_links":{"self":[{"href":"https:\/\/adra.ca\/fr\/wp-json\/wp\/v2\/product\/182688","targetHints":{"allow":["GET"]}}],"collection":[{"href":"https:\/\/adra.ca\/fr\/wp-json\/wp\/v2\/product"}],"about":[{"href":"https:\/\/adra.ca\/fr\/wp-json\/wp\/v2\/types\/product"}],"wp:featuredmedia":[{"embeddable":true,"href":"https:\/\/adra.ca\/fr\/wp-json\/wp\/v2\/media\/182690"}],"wp:attachment":[{"href":"https:\/\/adra.ca\/fr\/wp-json\/wp\/v2\/media?parent=182688"}],"wp:term":[{"taxonomy":"product_brand","embeddable":true,"href":"https:\/\/adra.ca\/fr\/wp-json\/wp\/v2\/product_brand?post=182688"},{"taxonomy":"product_cat","embeddable":true,"href":"https:\/\/adra.ca\/fr\/wp-json\/wp\/v2\/product_cat?post=182688"},{"taxonomy":"product_tag","embeddable":true,"href":"https:\/\/adra.ca\/fr\/wp-json\/wp\/v2\/product_tag?post=182688"}],"curies":[{"name":"wp","href":"https:\/\/api.w.org\/{rel}","templated":true}]}}