{"id":182693,"date":"2025-08-25T16:19:44","date_gmt":"2025-08-25T20:19:44","guid":{"rendered":"https:\/\/adra.ca\/?post_type=product&#038;p=182693"},"modified":"2025-08-25T16:23:21","modified_gmt":"2025-08-25T20:23:21","slug":"provide-life-saving-protection-through-mosquito-nets","status":"publish","type":"product","link":"https:\/\/adra.ca\/fr\/produit\/provide-life-saving-protection-through-mosquito-nets\/","title":{"rendered":"Offrir une protection vitale gr\u00e2ce aux moustiquaires"},"content":{"rendered":"<div class=\"ewa-rteLine\">\n<div class=\"ewa-rteLine\">\n<div class=\"ewa-rteLine\">\n<div class=\"ewa-rteLine\">\n<div class=\"ewa-rteLine\">\n<div class=\"ewa-rteLine\">Votre don permet d&#039;acheter des moustiquaires, qui offrent une protection essentielle, permettant aux enfants et \u00e0 leurs parents de dormir en toute s\u00e9curit\u00e9 la nuit, sans craindre les piq\u00fbres potentiellement mortelles.<\/div>\n<\/div>\n<\/div>\n<\/div>\n<\/div>\n<\/div>","protected":false},"excerpt":{"rendered":"<p>Votre don permet d&#039;acheter des moustiquaires, qui offrent une protection essentielle, permettant aux enfants et \u00e0 leurs parents de dormir en toute s\u00e9curit\u00e9 la nuit, sans craindre les piq\u00fbres potentiellement mortelles.<\/p>","protected":false},"featured_media":182696,"template":"","meta":{"wds_primary_product_brand":0,"wds_primary_product_cat":0},"product_brand":[],"product_cat":[219],"product_tag":[],"class_list":{"0":"post-182693","1":"product","2":"type-product","3":"status-publish","4":"has-post-thumbnail","6":"product_cat-emergency","8":"first","9":"instock","10":"shipping-taxable","11":"purchasable","12":"product-type-simple"},"_links":{"self":[{"href":"https:\/\/adra.ca\/fr\/wp-json\/wp\/v2\/product\/182693","targetHints":{"allow":["GET"]}}],"collection":[{"href":"https:\/\/adra.ca\/fr\/wp-json\/wp\/v2\/product"}],"about":[{"href":"https:\/\/adra.ca\/fr\/wp-json\/wp\/v2\/types\/product"}],"wp:featuredmedia":[{"embeddable":true,"href":"https:\/\/adra.ca\/fr\/wp-json\/wp\/v2\/media\/182696"}],"wp:attachment":[{"href":"https:\/\/adra.ca\/fr\/wp-json\/wp\/v2\/media?parent=182693"}],"wp:term":[{"taxonomy":"product_brand","embeddable":true,"href":"https:\/\/adra.ca\/fr\/wp-json\/wp\/v2\/product_brand?post=182693"},{"taxonomy":"product_cat","embeddable":true,"href":"https:\/\/adra.ca\/fr\/wp-json\/wp\/v2\/product_cat?post=182693"},{"taxonomy":"product_tag","embeddable":true,"href":"https:\/\/adra.ca\/fr\/wp-json\/wp\/v2\/product_tag?post=182693"}],"curies":[{"name":"wp","href":"https:\/\/api.w.org\/{rel}","templated":true}]}}