{"id":182719,"date":"2025-08-25T16:49:36","date_gmt":"2025-08-25T20:49:36","guid":{"rendered":"https:\/\/adra.ca\/?post_type=product&#038;p=182719"},"modified":"2025-09-15T17:51:35","modified_gmt":"2025-09-15T21:51:35","slug":"goats-for-growth-2","status":"publish","type":"product","link":"https:\/\/adra.ca\/fr\/produit\/goats-for-growth-2\/","title":{"rendered":"Les ch\u00e8vres pour la croissance"},"content":{"rendered":"<p>Vous pouvez am\u00e9liorer les moyens de subsistance d&#039;une famille en offrant deux ch\u00e8vres\u00a0! Ces animaux fournissent du lait et de la viande et constituent une source de revenus \u00e0 long terme.<\/p>","protected":false},"excerpt":{"rendered":"<p>Vous pouvez am\u00e9liorer les moyens de subsistance d&#039;une famille en offrant deux ch\u00e8vres\u00a0! Ces animaux fournissent du lait et de la viande et constituent une source de revenus \u00e0 long terme.<\/p>","protected":false},"featured_media":109545,"template":"","meta":{"wds_primary_product_brand":0,"wds_primary_product_cat":0},"product_brand":[],"product_cat":[220],"product_tag":[],"class_list":{"0":"post-182719","1":"product","2":"type-product","3":"status-publish","4":"has-post-thumbnail","6":"product_cat-kids","8":"first","9":"instock","10":"shipping-taxable","11":"purchasable","12":"product-type-simple"},"_links":{"self":[{"href":"https:\/\/adra.ca\/fr\/wp-json\/wp\/v2\/product\/182719","targetHints":{"allow":["GET"]}}],"collection":[{"href":"https:\/\/adra.ca\/fr\/wp-json\/wp\/v2\/product"}],"about":[{"href":"https:\/\/adra.ca\/fr\/wp-json\/wp\/v2\/types\/product"}],"wp:featuredmedia":[{"embeddable":true,"href":"https:\/\/adra.ca\/fr\/wp-json\/wp\/v2\/media\/109545"}],"wp:attachment":[{"href":"https:\/\/adra.ca\/fr\/wp-json\/wp\/v2\/media?parent=182719"}],"wp:term":[{"taxonomy":"product_brand","embeddable":true,"href":"https:\/\/adra.ca\/fr\/wp-json\/wp\/v2\/product_brand?post=182719"},{"taxonomy":"product_cat","embeddable":true,"href":"https:\/\/adra.ca\/fr\/wp-json\/wp\/v2\/product_cat?post=182719"},{"taxonomy":"product_tag","embeddable":true,"href":"https:\/\/adra.ca\/fr\/wp-json\/wp\/v2\/product_tag?post=182719"}],"curies":[{"name":"wp","href":"https:\/\/api.w.org\/{rel}","templated":true}]}}