{"id":182720,"date":"2025-08-25T16:50:52","date_gmt":"2025-08-25T20:50:52","guid":{"rendered":"https:\/\/adra.ca\/?post_type=product&#038;p=182720"},"modified":"2025-09-15T17:51:54","modified_gmt":"2025-09-15T21:51:54","slug":"support-a-vulnerable-mother-with-a-baby-kit-3","status":"publish","type":"product","link":"https:\/\/adra.ca\/fr\/produit\/support-a-vulnerable-mother-with-a-baby-kit-3\/","title":{"rendered":"Soutenez une m\u00e8re vuln\u00e9rable avec un kit b\u00e9b\u00e9"},"content":{"rendered":"<p>Fournissez un kit pour b\u00e9b\u00e9 \u00e0 une m\u00e8re enceinte vuln\u00e9rable ou \u00e0 risque, en veillant \u00e0 ce qu&#039;elle dispose des articles essentiels pour prendre soin de son nouveau-n\u00e9.<\/p>","protected":false},"excerpt":{"rendered":"<p>Fournissez un kit pour b\u00e9b\u00e9 \u00e0 une m\u00e8re enceinte vuln\u00e9rable ou \u00e0 risque, en veillant \u00e0 ce qu&#039;elle dispose des articles essentiels pour prendre soin de son nouveau-n\u00e9.<\/p>","protected":false},"featured_media":109546,"template":"","meta":{"wds_primary_product_brand":0,"wds_primary_product_cat":0},"product_brand":[],"product_cat":[220],"product_tag":[],"class_list":{"0":"post-182720","1":"product","2":"type-product","3":"status-publish","4":"has-post-thumbnail","6":"product_cat-kids","8":"first","9":"instock","10":"shipping-taxable","11":"purchasable","12":"product-type-simple"},"_links":{"self":[{"href":"https:\/\/adra.ca\/fr\/wp-json\/wp\/v2\/product\/182720","targetHints":{"allow":["GET"]}}],"collection":[{"href":"https:\/\/adra.ca\/fr\/wp-json\/wp\/v2\/product"}],"about":[{"href":"https:\/\/adra.ca\/fr\/wp-json\/wp\/v2\/types\/product"}],"wp:featuredmedia":[{"embeddable":true,"href":"https:\/\/adra.ca\/fr\/wp-json\/wp\/v2\/media\/109546"}],"wp:attachment":[{"href":"https:\/\/adra.ca\/fr\/wp-json\/wp\/v2\/media?parent=182720"}],"wp:term":[{"taxonomy":"product_brand","embeddable":true,"href":"https:\/\/adra.ca\/fr\/wp-json\/wp\/v2\/product_brand?post=182720"},{"taxonomy":"product_cat","embeddable":true,"href":"https:\/\/adra.ca\/fr\/wp-json\/wp\/v2\/product_cat?post=182720"},{"taxonomy":"product_tag","embeddable":true,"href":"https:\/\/adra.ca\/fr\/wp-json\/wp\/v2\/product_tag?post=182720"}],"curies":[{"name":"wp","href":"https:\/\/api.w.org\/{rel}","templated":true}]}}