{"id":182722,"date":"2025-08-25T16:51:34","date_gmt":"2025-08-25T20:51:34","guid":{"rendered":"https:\/\/adra.ca\/?post_type=product&#038;p=182722"},"modified":"2025-09-15T17:53:41","modified_gmt":"2025-09-15T21:53:41","slug":"drip-irrigation-set-2","status":"publish","type":"product","link":"https:\/\/adra.ca\/fr\/produit\/drip-irrigation-set-2\/","title":{"rendered":"Kit d&#039;irrigation goutte \u00e0 goutte"},"content":{"rendered":"<p>Favorise une utilisation efficace de l&#039;eau, essentielle \u00e0 une agriculture durable. Avec un syst\u00e8me d&#039;irrigation goutte \u00e0 goutte, vous pouvez aider les agriculteurs \u00e0 optimiser leurs ressources en eau, en veillant \u00e0 ce que chaque goutte nourrisse leurs cultures. Votre don permet d&#039;avoir des plantes plus saines et constitue une bou\u00e9e de sauvetage pour les communaut\u00e9s confront\u00e9es \u00e0 la p\u00e9nurie d&#039;eau.<\/p>","protected":false},"excerpt":{"rendered":"<p>Favorise une utilisation efficace de l&#039;eau, essentielle \u00e0 une agriculture durable. Avec un syst\u00e8me d&#039;irrigation goutte \u00e0 goutte, vous pouvez aider les agriculteurs \u00e0 optimiser leurs ressources en eau, en veillant \u00e0 ce que chaque goutte nourrisse leurs cultures. Votre don permet d&#039;avoir des plantes plus saines et constitue une bou\u00e9e de sauvetage pour les communaut\u00e9s confront\u00e9es \u00e0 la p\u00e9nurie d&#039;eau.<\/p>","protected":false},"featured_media":109547,"template":"","meta":{"wds_primary_product_brand":0,"wds_primary_product_cat":0},"product_brand":[],"product_cat":[220],"product_tag":[],"class_list":{"0":"post-182722","1":"product","2":"type-product","3":"status-publish","4":"has-post-thumbnail","6":"product_cat-kids","8":"first","9":"instock","10":"shipping-taxable","11":"purchasable","12":"product-type-simple"},"_links":{"self":[{"href":"https:\/\/adra.ca\/fr\/wp-json\/wp\/v2\/product\/182722","targetHints":{"allow":["GET"]}}],"collection":[{"href":"https:\/\/adra.ca\/fr\/wp-json\/wp\/v2\/product"}],"about":[{"href":"https:\/\/adra.ca\/fr\/wp-json\/wp\/v2\/types\/product"}],"wp:featuredmedia":[{"embeddable":true,"href":"https:\/\/adra.ca\/fr\/wp-json\/wp\/v2\/media\/109547"}],"wp:attachment":[{"href":"https:\/\/adra.ca\/fr\/wp-json\/wp\/v2\/media?parent=182722"}],"wp:term":[{"taxonomy":"product_brand","embeddable":true,"href":"https:\/\/adra.ca\/fr\/wp-json\/wp\/v2\/product_brand?post=182722"},{"taxonomy":"product_cat","embeddable":true,"href":"https:\/\/adra.ca\/fr\/wp-json\/wp\/v2\/product_cat?post=182722"},{"taxonomy":"product_tag","embeddable":true,"href":"https:\/\/adra.ca\/fr\/wp-json\/wp\/v2\/product_tag?post=182722"}],"curies":[{"name":"wp","href":"https:\/\/api.w.org\/{rel}","templated":true}]}}