{"id":182724,"date":"2025-08-25T16:52:37","date_gmt":"2025-08-25T20:52:37","guid":{"rendered":"https:\/\/adra.ca\/?post_type=product&#038;p=182724"},"modified":"2025-09-15T17:52:09","modified_gmt":"2025-09-15T21:52:09","slug":"feed-a-student-3","status":"publish","type":"product","link":"https:\/\/adra.ca\/fr\/produit\/feed-a-student-3\/","title":{"rendered":"Nourrir un \u00e9l\u00e8ve"},"content":{"rendered":"<p>S&#039;assure que les \u00e9l\u00e8ves re\u00e7oivent un petit-d\u00e9jeuner nutritif, les pr\u00e9parant ainsi \u00e0 r\u00e9ussir en classe et au-del\u00e0.<\/p>","protected":false},"excerpt":{"rendered":"<p>S&#039;assure que les \u00e9l\u00e8ves re\u00e7oivent un petit-d\u00e9jeuner nutritif, les pr\u00e9parant ainsi \u00e0 r\u00e9ussir en classe et au-del\u00e0.<\/p>","protected":false},"featured_media":109548,"template":"","meta":{"wds_primary_product_brand":0,"wds_primary_product_cat":0},"product_brand":[],"product_cat":[220],"product_tag":[],"class_list":{"0":"post-182724","1":"product","2":"type-product","3":"status-publish","4":"has-post-thumbnail","6":"product_cat-kids","8":"first","9":"instock","10":"shipping-taxable","11":"purchasable","12":"product-type-simple"},"_links":{"self":[{"href":"https:\/\/adra.ca\/fr\/wp-json\/wp\/v2\/product\/182724","targetHints":{"allow":["GET"]}}],"collection":[{"href":"https:\/\/adra.ca\/fr\/wp-json\/wp\/v2\/product"}],"about":[{"href":"https:\/\/adra.ca\/fr\/wp-json\/wp\/v2\/types\/product"}],"wp:featuredmedia":[{"embeddable":true,"href":"https:\/\/adra.ca\/fr\/wp-json\/wp\/v2\/media\/109548"}],"wp:attachment":[{"href":"https:\/\/adra.ca\/fr\/wp-json\/wp\/v2\/media?parent=182724"}],"wp:term":[{"taxonomy":"product_brand","embeddable":true,"href":"https:\/\/adra.ca\/fr\/wp-json\/wp\/v2\/product_brand?post=182724"},{"taxonomy":"product_cat","embeddable":true,"href":"https:\/\/adra.ca\/fr\/wp-json\/wp\/v2\/product_cat?post=182724"},{"taxonomy":"product_tag","embeddable":true,"href":"https:\/\/adra.ca\/fr\/wp-json\/wp\/v2\/product_tag?post=182724"}],"curies":[{"name":"wp","href":"https:\/\/api.w.org\/{rel}","templated":true}]}}